{"id":1175,"date":"2024-04-30T06:42:29","date_gmt":"2024-04-30T06:42:29","guid":{"rendered":"https:\/\/espaidiomes.cat\/?page_id=1175"},"modified":"2024-05-15T15:05:54","modified_gmt":"2024-05-15T15:05:54","slug":"avis-legal","status":"publish","type":"page","link":"https:\/\/espaidiomes.cat\/de\/avis-legal","title":{"rendered":"Rechtliche Warnung"},"content":{"rendered":"<div data-elementor-type=\"wp-page\" data-elementor-id=\"1175\" class=\"elementor elementor-1175\" data-elementor-post-type=\"page\">\n\t\t\t\t<div class=\"elementor-element elementor-element-acc8a53 e-flex e-con-boxed e-con e-parent\" data-id=\"acc8a53\" data-element_type=\"container\">\n\t\t\t\t\t<div class=\"e-con-inner\">\n\t\t\t\t<div class=\"elementor-element elementor-element-599e1ff0 elementor-widget elementor-widget-heading\" data-id=\"599e1ff0\" data-element_type=\"widget\" data-widget_type=\"heading.default\">\n\t\t\t\t<div class=\"elementor-widget-container\">\n\t\t\t\t\t<h1 class=\"elementor-heading-title elementor-size-default\">Rechtliche Warnung<\/h1>\t\t\t\t<\/div>\n\t\t\t\t<\/div>\n\t\t\t\t<div class=\"elementor-element elementor-element-1ed2c867 elementor-widget elementor-widget-heading\" data-id=\"1ed2c867\" data-element_type=\"widget\" data-widget_type=\"heading.default\">\n\t\t\t\t<div class=\"elementor-widget-container\">\n\t\t\t\t\t<h2 class=\"elementor-heading-title elementor-size-default\">Verantwortlicher f\u00fcr die Datenverarbeitung<\/h2>\t\t\t\t<\/div>\n\t\t\t\t<\/div>\n\t\t\t\t<div class=\"elementor-element elementor-element-43df8289 elementor-widget elementor-widget-text-editor\" data-id=\"43df8289\" data-element_type=\"widget\" data-widget_type=\"text-editor.default\">\n\t\t\t\t<div class=\"elementor-widget-container\">\n\t\t\t\t\t\t\t\t\t<p>In \u00dcbereinstimmung mit der Informationspflicht gem\u00e4\u00df Gesetz 34\/2002 vom 11. Juli \u00fcber Dienste der Informationsgesellschaft und des elektronischen Gesch\u00e4ftsverkehrs informieren wir Sie dar\u00fcber, dass diese Website Eigentum von:<\/p><ul><li>Webseite: <a href=\"https:\/\/espaidiomes.cat\/de\/\">http:\/\/www.espaidiomes.cat\/<\/a><\/li><li>Name: ESPAI IDIOMES SL<\/li><li>Adresse: C\/. SANT PERE, 11 BAIXOS (082) \u2013 RUB\u00cd \u2013 Barcelona<\/li><li>Telefon: 699 211 127<\/li><li>Email: <a href=\"mailto:espaidiomes@gmail.com\">espaidiomes@gmail.com<\/a><\/li><\/ul>\t\t\t\t\t\t\t\t<\/div>\n\t\t\t\t<\/div>\n\t\t\t\t\t<\/div>\n\t\t\t\t<\/div>\n\t\t<div class=\"elementor-element elementor-element-755d0479 e-flex e-con-boxed e-con e-parent\" data-id=\"755d0479\" data-element_type=\"container\">\n\t\t\t\t\t<div class=\"e-con-inner\">\n\t\t\t\t<div class=\"elementor-element elementor-element-51092aec elementor-widget elementor-widget-heading\" data-id=\"51092aec\" data-element_type=\"widget\" data-widget_type=\"heading.default\">\n\t\t\t\t<div class=\"elementor-widget-container\">\n\t\t\t\t\t<h2 class=\"elementor-heading-title elementor-size-default\">Objekt<\/h2>\t\t\t\t<\/div>\n\t\t\t\t<\/div>\n\t\t\t\t<div class=\"elementor-element elementor-element-472af6ce elementor-widget elementor-widget-text-editor\" data-id=\"472af6ce\" data-element_type=\"widget\" data-widget_type=\"text-editor.default\">\n\t\t\t\t<div class=\"elementor-widget-container\">\n\t\t\t\t\t\t\t\t\tDer Verantwortliche stellt dieses Dokument den Benutzern mit dem Ziel zur Verf\u00fcgung, die Bestimmungen der geltenden Datenschutzbestimmungen einzuhalten. Dies erfolgt im Zusammenhang mit dem neuen Rechtsrahmen, der gem\u00e4\u00df den Bestimmungen der Verordnung (EU) 2016\/679 des Europ\u00e4ischen Parlaments und des Rates vom 27. April 2016 zum Schutz nat\u00fcrlicher Personen bei der Verarbeitung geschaffen wurde personenbezogener Daten und den freien Datenverkehr (im Folgenden \u201eRGPD\u201c) sowie in den nationalen Vorschriften zum Schutz personenbezogener Daten. Dar\u00fcber hinaus werden alle Nutzer der Website \u00fcber die Nutzungsbedingungen derselben informiert. Jede Person, die auf diese Website zugreift, \u00fcbernimmt die Rolle des Nutzers und verpflichtet sich, die hier festgelegten Bestimmungen sowie alle anderen anwendbaren gesetzlichen Bestimmungen strikt einzuhalten. Der Manager beh\u00e4lt sich das Recht vor, alle auf der Website angezeigten Informationen zu \u00e4ndern, ohne dass die Verpflichtung besteht, die Benutzer \u00fcber diese \u00c4nderungen zu informieren oder zu benachrichtigen. Als ausreichend gilt die Ver\u00f6ffentlichung dieser \u00c4nderungen auf der Website des Verantwortlichen.\t\t\t\t\t\t\t\t<\/div>\n\t\t\t\t<\/div>\n\t\t\t\t\t<\/div>\n\t\t\t\t<\/div>\n\t\t<div class=\"elementor-element elementor-element-46308baa e-flex e-con-boxed e-con e-parent\" data-id=\"46308baa\" data-element_type=\"container\">\n\t\t\t\t\t<div class=\"e-con-inner\">\n\t\t\t\t<div class=\"elementor-element elementor-element-1c939688 elementor-widget elementor-widget-heading\" data-id=\"1c939688\" data-element_type=\"widget\" data-widget_type=\"heading.default\">\n\t\t\t\t<div class=\"elementor-widget-container\">\n\t\t\t\t\t<h2 class=\"elementor-heading-title elementor-size-default\">Verantwortung<\/h2>\t\t\t\t<\/div>\n\t\t\t\t<\/div>\n\t\t\t\t<div class=\"elementor-element elementor-element-223cf1cf elementor-widget elementor-widget-text-editor\" data-id=\"223cf1cf\" data-element_type=\"widget\" data-widget_type=\"text-editor.default\">\n\t\t\t\t<div class=\"elementor-widget-container\">\n\t\t\t\t\t\t\t\t\tDer Verantwortliche ist von jeglicher Verantwortung befreit, die sich aus den auf seiner Website ver\u00f6ffentlichten Informationen ergibt, sofern diese Informationen von einem Dritten au\u00dferhalb seiner Website manipuliert oder eingegeben wurden.\n\n\n\n\n\n\n\t\t\t\t\t\t\t\t<\/div>\n\t\t\t\t<\/div>\n\t\t\t\t\t<\/div>\n\t\t\t\t<\/div>\n\t\t<div class=\"elementor-element elementor-element-3a39adc2 e-flex e-con-boxed e-con e-parent\" data-id=\"3a39adc2\" data-element_type=\"container\">\n\t\t\t\t\t<div class=\"e-con-inner\">\n\t\t\t\t<div class=\"elementor-element elementor-element-4444becc elementor-widget elementor-widget-heading\" data-id=\"4444becc\" data-element_type=\"widget\" data-widget_type=\"heading.default\">\n\t\t\t\t<div class=\"elementor-widget-container\">\n\t\t\t\t\t<h2 class=\"elementor-heading-title elementor-size-default\">IP-Adressen<\/h2>\t\t\t\t<\/div>\n\t\t\t\t<\/div>\n\t\t\t\t<div class=\"elementor-element elementor-element-56b45ca5 elementor-widget elementor-widget-text-editor\" data-id=\"56b45ca5\" data-element_type=\"widget\" data-widget_type=\"text-editor.default\">\n\t\t\t\t<div class=\"elementor-widget-container\">\n\t\t\t\t\t\t\t\t\tDie Website-Server k\u00f6nnen die vom Benutzer verwendete IP-Adresse und den Dom\u00e4nennamen automatisch erkennen. Eine IP-Adresse ist eine Nummer, die einem Computer automatisch zugewiesen wird, wenn er eine Verbindung zum Internet herstellt. Alle diese Informationen werden in einer ordnungsgem\u00e4\u00df registrierten Serveraktivit\u00e4tsdatei aufgezeichnet, die die anschlie\u00dfende Verarbeitung der Daten erm\u00f6glicht, um rein statistische Messungen zu erhalten, die es erm\u00f6glichen, die Anzahl der Seitenaufrufe, die Anzahl der Besuche auf den Webservern und die Reihenfolge der Besuche zu ermitteln Besuche, der Zugangspunkt usw.\n\n\n\n\n\n\n\t\t\t\t\t\t\t\t<\/div>\n\t\t\t\t<\/div>\n\t\t\t\t\t<\/div>\n\t\t\t\t<\/div>\n\t\t<div class=\"elementor-element elementor-element-62f3ee3f e-flex e-con-boxed e-con e-parent\" data-id=\"62f3ee3f\" data-element_type=\"container\">\n\t\t\t\t\t<div class=\"e-con-inner\">\n\t\t\t\t<div class=\"elementor-element elementor-element-57974381 elementor-widget elementor-widget-heading\" data-id=\"57974381\" data-element_type=\"widget\" data-widget_type=\"heading.default\">\n\t\t\t\t<div class=\"elementor-widget-container\">\n\t\t\t\t\t<h2 class=\"elementor-heading-title elementor-size-default\">Linkrichtlinie<\/h2>\t\t\t\t<\/div>\n\t\t\t\t<\/div>\n\t\t\t\t<div class=\"elementor-element elementor-element-4e1a5b9b elementor-widget elementor-widget-text-editor\" data-id=\"4e1a5b9b\" data-element_type=\"widget\" data-widget_type=\"text-editor.default\">\n\t\t\t\t<div class=\"elementor-widget-container\">\n\t\t\t\t\t\t\t\t\t<p>Von dieser Website aus besteht die M\u00f6glichkeit, auf die Inhalte von Websites Dritter weitergeleitet zu werden. Da der Verantwortliche die von Dritten auf seinen Websites eingestellten Inhalte nicht immer kontrollieren kann, \u00fcbernimmt er keinerlei Verantwortung f\u00fcr diese Inhalte. In jedem Fall erkl\u00e4rt der Verantwortliche, dass er alle Inhalte, die gegen nationale oder internationale Gesetze, die guten Sitten oder die \u00f6ffentliche Ordnung versto\u00dfen k\u00f6nnten, unverz\u00fcglich zur\u00fcckzieht, die Weiterleitung auf diese Website unverz\u00fcglich zur\u00fcckzieht und die zust\u00e4ndigen Beh\u00f6rden \u00fcber den Inhalt informiert Frage.<\/p><p>Der Verantwortliche ist nicht verantwortlich f\u00fcr die gespeicherten Informationen und Inhalte, insbesondere in Foren, Chats, Blog-Generatoren, Kommentaren, sozialen Netzwerken oder anderen Medien, die es Dritten erm\u00f6glichen, Inhalte unabh\u00e4ngig auf der Website des Managers zu ver\u00f6ffentlichen. Allerdings und in \u00dcbereinstimmung mit den Bestimmungen der Kunst. Gem\u00e4\u00df Art. 11 und 16 des LSSICE stellt sich der Verantwortliche allen Nutzern, Beh\u00f6rden und Sicherheitskr\u00e4ften zur Verf\u00fcgung und wirkt aktiv an der Entfernung oder gegebenenfalls Sperrung aller Inhalte mit, die die nationale Gesetzgebung oder die internationale Gesetzgebung Dritter beeintr\u00e4chtigen oder gegen diese versto\u00dfen k\u00f6nnten Rechte oder Moral und \u00f6ffentliche Ordnung. Falls der Benutzer der Meinung ist, dass es Inhalte auf der Website gibt, die f\u00fcr diese Klassifizierung anf\u00e4llig sein k\u00f6nnten,<\/p><p>Diese Website wurde \u00fcberpr\u00fcft und auf korrekte Funktion getestet. Grunds\u00e4tzlich kann der ordnungsgem\u00e4\u00dfe Betrieb 365 Tage im Jahr und 24 Stunden am Tag gew\u00e4hrleistet werden. Der Verantwortliche schlie\u00dft jedoch nicht aus, dass bestimmte Programmierfehler vorliegen oder diese durch h\u00f6here Gewalt, Naturkatastrophen, Streiks oder \u00e4hnliche Umst\u00e4nde verursacht werden, die den Zugriff auf die Website unm\u00f6glich machen.<\/p>\t\t\t\t\t\t\t\t<\/div>\n\t\t\t\t<\/div>\n\t\t\t\t\t<\/div>\n\t\t\t\t<\/div>\n\t\t<div class=\"elementor-element elementor-element-8baa62e e-flex e-con-boxed e-con e-parent\" data-id=\"8baa62e\" data-element_type=\"container\">\n\t\t\t\t\t<div class=\"e-con-inner\">\n\t\t\t\t<div class=\"elementor-element elementor-element-655c1bc8 elementor-widget elementor-widget-heading\" data-id=\"655c1bc8\" data-element_type=\"widget\" data-widget_type=\"heading.default\">\n\t\t\t\t<div class=\"elementor-widget-container\">\n\t\t\t\t\t<h2 class=\"elementor-heading-title elementor-size-default\">Datenschutz\n<\/h2>\t\t\t\t<\/div>\n\t\t\t\t<\/div>\n\t\t\t\t<div class=\"elementor-element elementor-element-75e36065 elementor-widget elementor-widget-text-editor\" data-id=\"75e36065\" data-element_type=\"widget\" data-widget_type=\"text-editor.default\">\n\t\t\t\t<div class=\"elementor-widget-container\">\n\t\t\t\t\t\t\t\t\t<p>Der Verantwortliche verpflichtet sich zutiefst zur Einhaltung der Bestimmungen der geltenden Datenschutzvorschriften im Rahmen des neuen Rechtsrahmens, der gem\u00e4\u00df den Bestimmungen der Verordnung (EU) 2016\/679 des Europ\u00e4ischen Parlaments und des Rates vom April geschaffen wurde 27.2016 zum Schutz nat\u00fcrlicher Personen bei der Verarbeitung personenbezogener Daten und zum freien Datenverkehr (im Folgenden: DSGVO) sowie in den nationalen Vorschriften zum Schutz personenbezogener Daten.<\/p><p>Dar\u00fcber hinaus teilt der Verantwortliche mit, dass er das Gesetz 34\/2002 vom 11. Juli \u00fcber Dienste der Informationsgesellschaft und des elektronischen Gesch\u00e4ftsverkehrs einh\u00e4lt und jederzeit die Zustimmung zur Verarbeitung Ihrer Daten f\u00fcr kommerzielle Zwecke einholen wird<\/p>\t\t\t\t\t\t\t\t<\/div>\n\t\t\t\t<\/div>\n\t\t\t\t\t<\/div>\n\t\t\t\t<\/div>\n\t\t<div class=\"elementor-element elementor-element-316525ed e-flex e-con-boxed e-con e-parent\" data-id=\"316525ed\" data-element_type=\"container\">\n\t\t\t\t\t<div class=\"e-con-inner\">\n\t\t\t\t<div class=\"elementor-element elementor-element-7794472c elementor-widget elementor-widget-heading\" data-id=\"7794472c\" data-element_type=\"widget\" data-widget_type=\"heading.default\">\n\t\t\t\t<div class=\"elementor-widget-container\">\n\t\t\t\t\t<h2 class=\"elementor-heading-title elementor-size-default\">Geistiges und gewerbliches Eigentum\n<\/h2>\t\t\t\t<\/div>\n\t\t\t\t<\/div>\n\t\t\t\t<div class=\"elementor-element elementor-element-502fa2b0 elementor-widget elementor-widget-text-editor\" data-id=\"502fa2b0\" data-element_type=\"widget\" data-widget_type=\"text-editor.default\">\n\t\t\t\t<div class=\"elementor-widget-container\">\n\t\t\t\t\t\t\t\t\t<p>Die Website, einschlie\u00dflich, aber nicht beschr\u00e4nkt auf ihre Programmierung, Bearbeitung, Zusammenstellung und andere f\u00fcr ihren Betrieb erforderliche Elemente, die Designs, Logos, Texte und\/oder Grafiken sind Eigentum der verantwortlichen Person oder verf\u00fcgt gegebenenfalls \u00fcber eine Lizenz oder ausdr\u00fcckliche Genehmigung der Autoren.<\/p><p>Alle Inhalte der Website sind ordnungsgem\u00e4\u00df durch die Vorschriften zum geistigen und gewerblichen Eigentum gesch\u00fctzt.<\/p><p>Unabh\u00e4ngig vom Zweck, f\u00fcr den sie bestimmt waren, bedarf die vollst\u00e4ndige oder teilweise Vervielf\u00e4ltigung, Nutzung, Verwertung, Verbreitung und Vermarktung in jedem Fall der vorherigen schriftlichen Genehmigung des Verantwortlichen. Jede Nutzung, die nicht zuvor von der verantwortlichen Person genehmigt wurde, wird als schwerwiegende Verletzung der geistigen oder gewerblichen Eigentumsrechte des Autors angesehen.<\/p><p>Die Designs, Logos, Texte und\/oder Grafiken, die nicht Eigentum des Anbieters sind und auf der Website erscheinen k\u00f6nnen, geh\u00f6ren ihren jeweiligen Eigent\u00fcmern und sind selbst f\u00fcr etwaige Kontroversen verantwortlich, die in Bezug auf sie entstehen k\u00f6nnen. In jedem Fall bedarf es der ausdr\u00fccklichen und vorherigen Genehmigung des Verantwortlichen.<\/p><p>Der Verantwortliche gestattet Dritten ausdr\u00fccklich, direkt auf die spezifischen Inhalte der Website weiterzuleiten und muss in jedem Fall auf die Hauptseite der Website des Verantwortlichen weiterleiten.<\/p><p>Die verantwortliche Person erkennt zugunsten ihrer Eigent\u00fcmer die entsprechenden geistigen und gewerblichen Eigentumsrechte an, und ihre blo\u00dfe Erw\u00e4hnung oder ihr Erscheinen auf der Website impliziert nicht das Bestehen von Rechten oder Verantwortung der verantwortlichen Person gegen\u00fcber ihnen, noch bedeutet sie Unterst\u00fctzung, Sponsoring oder Empfehlung seinerseits.<\/p><p>F\u00fcr alle Bilder, bei denen die Designsoftware dies zul\u00e4sst, wurden entsprechende Urheber- und Lizenzhinweise angegeben.<\/p><p>Um etwaige Verst\u00f6\u00dfe gegen geistige oder gewerbliche Eigentumsrechte sowie den Inhalt der Website jeglicher Art zu bemerken, k\u00f6nnen Sie dies \u00fcber die folgende E-Mail-Adresse tun: <a href=\"mailto:espaidiomes@gmail.com\">espaidiomes@gmail.com<\/a><\/p>\t\t\t\t\t\t\t\t<\/div>\n\t\t\t\t<\/div>\n\t\t\t\t\t<\/div>\n\t\t\t\t<\/div>\n\t\t\t\t<\/div>","protected":false},"excerpt":{"rendered":"<p>Rechtlicher Hinweis Verantwortlicher f\u00fcr die Datenverarbeitung In \u00dcbereinstimmung mit der Informationspflicht gem\u00e4\u00df Gesetz 34\/2002 vom 11. Juli \u00fcber Dienste der Informationsgesellschaft und des elektronischen Gesch\u00e4ftsverkehrs informieren wir Sie dar\u00fcber, dass diese Website Eigentum von: Web: http:\/ ist. \/www.espaidiomes.cat\/ Name: ESPAI IDIOMES SL Adresse: C\/. SANT PERE, 11 NIEDRIG [\u2026]<\/p>","protected":false},"author":1,"featured_media":0,"parent":0,"menu_order":0,"comment_status":"closed","ping_status":"closed","template":"","meta":{"footnotes":""},"class_list":["post-1175","page","type-page","status-publish","hentry"],"yoast_head":"<!-- This site is optimized with the Yoast SEO plugin v25.7 - https:\/\/yoast.com\/wordpress\/plugins\/seo\/ -->\n<title>Avis Legal - Espai Idiomes<\/title>\n<meta name=\"robots\" content=\"index, follow, max-snippet:-1, max-image-preview:large, max-video-preview:-1\" \/>\n<link rel=\"canonical\" href=\"https:\/\/espaidiomes.cat\/de\/avis-legal\/\" \/>\n<meta property=\"og:locale\" content=\"de_DE\" \/>\n<meta property=\"og:type\" content=\"article\" \/>\n<meta property=\"og:title\" content=\"Avis Legal - Espai Idiomes\" \/>\n<meta property=\"og:description\" content=\"Avis legal Responsable del tractament de les dades En compliment del deure d&#8217;informaci\u00f3 establert per la Llei 34\/2002, del 11 de juliol, de Serveis de la Societat de la Informaci\u00f3 i de Comer\u00e7 Electr\u00f2nic, us informem que aquest lloc web \u00e9s propietat de: Web: http:\/\/www.espaidiomes.cat\/ Nom: ESPAI IDIOMES SL Adre\u00e7a: C\/. SANT PERE, 11 BAIXOS [&hellip;]\" \/>\n<meta property=\"og:url\" content=\"https:\/\/espaidiomes.cat\/de\/avis-legal\/\" \/>\n<meta property=\"og:site_name\" content=\"Espai Idiomes\" \/>\n<meta property=\"article:modified_time\" content=\"2024-05-15T15:05:54+00:00\" \/>\n<meta name=\"twitter:card\" content=\"summary_large_image\" \/>\n<meta name=\"twitter:label1\" content=\"Gesch\u00e4tzte Lesezeit\" \/>\n\t<meta name=\"twitter:data1\" content=\"6\u00a0Minuten\" \/>\n<script type=\"application\/ld+json\" class=\"yoast-schema-graph\">{\"@context\":\"https:\/\/schema.org\",\"@graph\":[{\"@type\":\"WebPage\",\"@id\":\"https:\/\/espaidiomes.cat\/avis-legal\",\"url\":\"https:\/\/espaidiomes.cat\/avis-legal\",\"name\":\"Avis Legal - Espai Idiomes\",\"isPartOf\":{\"@id\":\"https:\/\/espaidiomes.cat\/#website\"},\"datePublished\":\"2024-04-30T06:42:29+00:00\",\"dateModified\":\"2024-05-15T15:05:54+00:00\",\"breadcrumb\":{\"@id\":\"https:\/\/espaidiomes.cat\/avis-legal#breadcrumb\"},\"inLanguage\":\"de\",\"potentialAction\":[{\"@type\":\"ReadAction\",\"target\":[\"https:\/\/espaidiomes.cat\/avis-legal\"]}]},{\"@type\":\"BreadcrumbList\",\"@id\":\"https:\/\/espaidiomes.cat\/avis-legal#breadcrumb\",\"itemListElement\":[{\"@type\":\"ListItem\",\"position\":1,\"name\":\"Portada\",\"item\":\"https:\/\/espaidiomes.cat\/\"},{\"@type\":\"ListItem\",\"position\":2,\"name\":\"Avis Legal\"}]},{\"@type\":\"WebSite\",\"@id\":\"https:\/\/espaidiomes.cat\/#website\",\"url\":\"https:\/\/espaidiomes.cat\/\",\"name\":\"Espai idiomes\",\"description\":\"Academia de refer\u00e8ncia per l\u2019aprenentatge i perfeccionament d\u2019idiomes\",\"publisher\":{\"@id\":\"https:\/\/espaidiomes.cat\/#organization\"},\"potentialAction\":[{\"@type\":\"SearchAction\",\"target\":{\"@type\":\"EntryPoint\",\"urlTemplate\":\"https:\/\/espaidiomes.cat\/?s={search_term_string}\"},\"query-input\":{\"@type\":\"PropertyValueSpecification\",\"valueRequired\":true,\"valueName\":\"search_term_string\"}}],\"inLanguage\":\"de\"},{\"@type\":\"Organization\",\"@id\":\"https:\/\/espaidiomes.cat\/#organization\",\"name\":\"Espai idiomes\",\"url\":\"https:\/\/espaidiomes.cat\/\",\"logo\":{\"@type\":\"ImageObject\",\"inLanguage\":\"de\",\"@id\":\"https:\/\/espaidiomes.cat\/#\/schema\/logo\/image\/\",\"url\":\"https:\/\/espaidiomes.cat\/wp-content\/uploads\/2024\/04\/language_schoollogo.png\",\"contentUrl\":\"https:\/\/espaidiomes.cat\/wp-content\/uploads\/2024\/04\/language_schoollogo.png\",\"width\":4320,\"height\":2430,\"caption\":\"Espai idiomes\"},\"image\":{\"@id\":\"https:\/\/espaidiomes.cat\/#\/schema\/logo\/image\/\"}}]}<\/script>\n<!-- \/ Yoast SEO plugin. -->","yoast_head_json":{"title":"Rechtlicher Hinweis - Spanische Redewendungen","robots":{"index":"index","follow":"follow","max-snippet":"max-snippet:-1","max-image-preview":"max-image-preview:large","max-video-preview":"max-video-preview:-1"},"canonical":"https:\/\/espaidiomes.cat\/de\/avis-legal\/","og_locale":"de_DE","og_type":"article","og_title":"Avis Legal - Espai Idiomes","og_description":"Avis legal Responsable del tractament de les dades En compliment del deure d&#8217;informaci\u00f3 establert per la Llei 34\/2002, del 11 de juliol, de Serveis de la Societat de la Informaci\u00f3 i de Comer\u00e7 Electr\u00f2nic, us informem que aquest lloc web \u00e9s propietat de: Web: http:\/\/www.espaidiomes.cat\/ Nom: ESPAI IDIOMES SL Adre\u00e7a: C\/. SANT PERE, 11 BAIXOS [&hellip;]","og_url":"https:\/\/espaidiomes.cat\/de\/avis-legal\/","og_site_name":"Espai Idiomes","article_modified_time":"2024-05-15T15:05:54+00:00","twitter_card":"summary_large_image","twitter_misc":{"Gesch\u00e4tzte Lesezeit":"6\u00a0Minuten"},"schema":{"@context":"https:\/\/schema.org","@graph":[{"@type":"WebPage","@id":"https:\/\/espaidiomes.cat\/avis-legal","url":"https:\/\/espaidiomes.cat\/avis-legal","name":"Rechtlicher Hinweis - Spanische Redewendungen","isPartOf":{"@id":"https:\/\/espaidiomes.cat\/#website"},"datePublished":"2024-04-30T06:42:29+00:00","dateModified":"2024-05-15T15:05:54+00:00","breadcrumb":{"@id":"https:\/\/espaidiomes.cat\/avis-legal#breadcrumb"},"inLanguage":"de","potentialAction":[{"@type":"ReadAction","target":["https:\/\/espaidiomes.cat\/avis-legal"]}]},{"@type":"BreadcrumbList","@id":"https:\/\/espaidiomes.cat\/avis-legal#breadcrumb","itemListElement":[{"@type":"ListItem","position":1,"name":"Portada","item":"https:\/\/espaidiomes.cat\/"},{"@type":"ListItem","position":2,"name":"Avis Legal"}]},{"@type":"WebSite","@id":"https:\/\/espaidiomes.cat\/#website","url":"https:\/\/espaidiomes.cat\/","name":"Sprachraum","description":"Referenzakademie f\u00fcr das Erlernen und Verbessern von Sprachen","publisher":{"@id":"https:\/\/espaidiomes.cat\/#organization"},"potentialAction":[{"@type":"SearchAction","target":{"@type":"EntryPoint","urlTemplate":"https:\/\/espaidiomes.cat\/?s={search_term_string}"},"query-input":{"@type":"PropertyValueSpecification","valueRequired":true,"valueName":"search_term_string"}}],"inLanguage":"de"},{"@type":"Organization","@id":"https:\/\/espaidiomes.cat\/#organization","name":"Sprachraum","url":"https:\/\/espaidiomes.cat\/","logo":{"@type":"ImageObject","inLanguage":"de","@id":"https:\/\/espaidiomes.cat\/#\/schema\/logo\/image\/","url":"https:\/\/espaidiomes.cat\/wp-content\/uploads\/2024\/04\/language_schoollogo.png","contentUrl":"https:\/\/espaidiomes.cat\/wp-content\/uploads\/2024\/04\/language_schoollogo.png","width":4320,"height":2430,"caption":"Espai idiomes"},"image":{"@id":"https:\/\/espaidiomes.cat\/#\/schema\/logo\/image\/"}}]}},"_links":{"self":[{"href":"https:\/\/espaidiomes.cat\/de\/wp-json\/wp\/v2\/pages\/1175","targetHints":{"allow":["GET"]}}],"collection":[{"href":"https:\/\/espaidiomes.cat\/de\/wp-json\/wp\/v2\/pages"}],"about":[{"href":"https:\/\/espaidiomes.cat\/de\/wp-json\/wp\/v2\/types\/page"}],"author":[{"embeddable":true,"href":"https:\/\/espaidiomes.cat\/de\/wp-json\/wp\/v2\/users\/1"}],"replies":[{"embeddable":true,"href":"https:\/\/espaidiomes.cat\/de\/wp-json\/wp\/v2\/comments?post=1175"}],"version-history":[{"count":0,"href":"https:\/\/espaidiomes.cat\/de\/wp-json\/wp\/v2\/pages\/1175\/revisions"}],"wp:attachment":[{"href":"https:\/\/espaidiomes.cat\/de\/wp-json\/wp\/v2\/media?parent=1175"}],"curies":[{"name":"wp","href":"https:\/\/api.w.org\/{rel}","templated":true}]}}