{"id":1182,"date":"2024-04-30T06:43:49","date_gmt":"2024-04-30T06:43:49","guid":{"rendered":"https:\/\/espaidiomes.cat\/?page_id=1182"},"modified":"2024-05-15T15:03:32","modified_gmt":"2024-05-15T15:03:32","slug":"politica-de-privacitat","status":"publish","type":"page","link":"https:\/\/espaidiomes.cat\/de\/politica-de-privacitat","title":{"rendered":"Datenschutzrichtlinie"},"content":{"rendered":"<div data-elementor-type=\"wp-page\" data-elementor-id=\"1182\" class=\"elementor elementor-1182\" data-elementor-post-type=\"page\">\n\t\t\t\t<div class=\"elementor-element elementor-element-638b2d92 e-flex e-con-boxed e-con e-parent\" data-id=\"638b2d92\" data-element_type=\"container\" data-e-type=\"container\">\n\t\t\t\t\t<div class=\"e-con-inner\">\n\t\t\t\t<div class=\"elementor-element elementor-element-73129ef2 elementor-widget elementor-widget-heading\" data-id=\"73129ef2\" data-element_type=\"widget\" data-e-type=\"widget\" data-widget_type=\"heading.default\">\n\t\t\t\t<div class=\"elementor-widget-container\">\n\t\t\t\t\t<h1 class=\"elementor-heading-title elementor-size-default\">Datenschutzrichtlinie<\/h1>\t\t\t\t<\/div>\n\t\t\t\t<\/div>\n\t\t\t\t<div class=\"elementor-element elementor-element-29d2d734 elementor-widget elementor-widget-heading\" data-id=\"29d2d734\" data-element_type=\"widget\" data-e-type=\"widget\" data-widget_type=\"heading.default\">\n\t\t\t\t<div class=\"elementor-widget-container\">\n\t\t\t\t\t<h2 class=\"elementor-heading-title elementor-size-default\">1.- BENUTZERINFORMATIONEN<\/h2>\t\t\t\t<\/div>\n\t\t\t\t<\/div>\n\t\t\t\t<div class=\"elementor-element elementor-element-1ae26a7d elementor-widget elementor-widget-text-editor\" data-id=\"1ae26a7d\" data-element_type=\"widget\" data-e-type=\"widget\" data-widget_type=\"text-editor.default\">\n\t\t\t\t<div class=\"elementor-widget-container\">\n\t\t\t\t\t\t\t\t\t<p>Die Website informiert Benutzer \u00fcber ihre Richtlinien zur Behandlung und zum Schutz der pers\u00f6nlichen Daten von Benutzern und Kunden, die beim Surfen auf der Website angefordert werden k\u00f6nnen.<\/p><p>F\u00fcr die Verarbeitung der personenbezogenen Daten des Nutzers ist die Website verantwortlich, daher informieren wir Sie im Folgenden \u00fcber die Verarbeitung Ihrer Daten:<\/p><p>Kriterien f\u00fcr die Datenaufbewahrung: Die bereitgestellten personenbezogenen Daten werden so lange aufbewahrt, bis die betroffene Partei ihre Sperrung beantragt und ihre Rechte an den Daten aus\u00fcbt, und in jedem Fall unter Einhaltung der geltenden gesetzlichen Verj\u00e4hrungsfristen.<\/p><p>Rechte der Interessenten:<\/p><p>Recht, Ihre Einwilligung jederzeit zu widerrufen.<br \/>Recht auf Zugang, Berichtigung, L\u00f6schung, \u00dcbertragbarkeit Ihrer Daten und auf Einschr\u00e4nkung oder Widerspruch gegen deren Verarbeitung sowie darauf, nicht automatisierten Einzelentscheidungen unterworfen zu werden.<br \/>Kontaktdaten zur Aus\u00fcbung Ihrer Rechte:<\/p><p>Sie m\u00fcssen sich ordnungsgem\u00e4\u00df ausweisen und das Recht zur Aus\u00fcbung eindeutig beantragen.<\/p><p>Webseite: <a href=\"https:\/\/espaidiomes.cat\/de\/\">http:\/\/www.espaidiomes.cat\/<\/a><br \/>Name: ESPAI IDIOMES SL<br \/>Adresse: C\/. SANT PERE, 11 BAIXOS (082) \u2013 RUB\u00cd \u2013 Barcelona<br \/>Telefon: 699 211 127<br \/>Email: <a href=\"mailto:espaidiomes@gmail.com\">espaidiomes@gmail.com<\/a><\/p>\t\t\t\t\t\t\t\t<\/div>\n\t\t\t\t<\/div>\n\t\t\t\t\t<\/div>\n\t\t\t\t<\/div>\n\t\t<div class=\"elementor-element elementor-element-5409cd3e e-flex e-con-boxed e-con e-parent\" data-id=\"5409cd3e\" data-element_type=\"container\" data-e-type=\"container\">\n\t\t\t\t\t<div class=\"e-con-inner\">\n\t\t\t\t<div class=\"elementor-element elementor-element-4540a3ed elementor-widget elementor-widget-heading\" data-id=\"4540a3ed\" data-element_type=\"widget\" data-e-type=\"widget\" data-widget_type=\"heading.default\">\n\t\t\t\t<div class=\"elementor-widget-container\">\n\t\t\t\t\t<h2 class=\"elementor-heading-title elementor-size-default\">2.- VOM BENUTZER BEREITGESTELLTE INFORMATIONEN\n<\/h2>\t\t\t\t<\/div>\n\t\t\t\t<\/div>\n\t\t\t\t<div class=\"elementor-element elementor-element-40faace7 elementor-widget elementor-widget-text-editor\" data-id=\"40faace7\" data-element_type=\"widget\" data-e-type=\"widget\" data-widget_type=\"text-editor.default\">\n\t\t\t\t<div class=\"elementor-widget-container\">\n\t\t\t\t\t\t\t\t\tDer Nutzer erkl\u00e4rt sich bei der Eingabe seiner Daten in den Kontaktformularen oder in den Download-Formularen ausdr\u00fccklich, frei und unmissverst\u00e4ndlich damit einverstanden, dass seine Daten zur Bearbeitung seiner Anfrage seitens des Verantwortlichen erforderlich sind, wobei die Angabe der Daten in den \u00fcbrigen Feldern freiwillig ist Der Nutzer garantiert, dass die angegebenen personenbezogenen Daten der Wahrheit entsprechen und verpflichtet sich, etwaige \u00c4nderungen mitzuteilen. Alle \u00fcber die Website angeforderten Daten sind notwendig, um dem Benutzer einen optimalen Service bieten zu k\u00f6nnen. Wenn Sie nicht alle Daten angeben, ist nicht gew\u00e4hrleistet, dass die vom Verantwortlichen bereitgestellten Informationen und Dienste Ihren Bed\u00fcrfnissen vollst\u00e4ndig entsprechen.\t\t\t\t\t\t\t\t<\/div>\n\t\t\t\t<\/div>\n\t\t\t\t\t<\/div>\n\t\t\t\t<\/div>\n\t\t<div class=\"elementor-element elementor-element-3dbc9c38 e-flex e-con-boxed e-con e-parent\" data-id=\"3dbc9c38\" data-element_type=\"container\" data-e-type=\"container\">\n\t\t\t\t\t<div class=\"e-con-inner\">\n\t\t\t\t<div class=\"elementor-element elementor-element-24f13f82 elementor-widget elementor-widget-heading\" data-id=\"24f13f82\" data-element_type=\"widget\" data-e-type=\"widget\" data-widget_type=\"heading.default\">\n\t\t\t\t<div class=\"elementor-widget-container\">\n\t\t\t\t\t<h2 class=\"elementor-heading-title elementor-size-default\">3.- SICHERHEITSMASSNAHMEN\n<\/h2>\t\t\t\t<\/div>\n\t\t\t\t<\/div>\n\t\t\t\t<div class=\"elementor-element elementor-element-5ae9066e elementor-widget elementor-widget-text-editor\" data-id=\"5ae9066e\" data-element_type=\"widget\" data-e-type=\"widget\" data-widget_type=\"text-editor.default\">\n\t\t\t\t<div class=\"elementor-widget-container\">\n\t\t\t\t\t\t\t\t\tGem\u00e4\u00df den geltenden Vorschriften zum Schutz personenbezogener Daten h\u00e4lt der Verantwortliche alle Bestimmungen der RGPD- und LOPD-Vorschriften f\u00fcr die Verarbeitung personenbezogener Daten unter seiner Verantwortung ein. Diese Daten werden im Verh\u00e4ltnis zum Interessenten rechtm\u00e4\u00dfig, loyal und transparent verarbeitet und sind angemessen, relevant und auf das f\u00fcr die Zwecke, f\u00fcr die sie verarbeitet werden, erforderliche Ma\u00df beschr\u00e4nkt. Der Verantwortliche garantiert, dass er geeignete technische und organisatorische Richtlinien implementiert hat, um die von der RGPD und der LOPD festgelegten Sicherheitsma\u00dfnahmen zum Schutz der Rechte und Freiheiten der Benutzer anzuwenden. Dar\u00fcber hinaus hat es den Nutzern die entsprechenden Informationen mitgeteilt, damit diese diese Rechte aus\u00fcben k\u00f6nnen.\n\n\n\n\n\n\n\t\t\t\t\t\t\t\t<\/div>\n\t\t\t\t<\/div>\n\t\t\t\t\t<\/div>\n\t\t\t\t<\/div>\n\t\t<div class=\"elementor-element elementor-element-578f115a e-flex e-con-boxed e-con e-parent\" data-id=\"578f115a\" data-element_type=\"container\" data-e-type=\"container\">\n\t\t\t\t\t<div class=\"e-con-inner\">\n\t\t\t\t<div class=\"elementor-element elementor-element-14c4917d elementor-widget elementor-widget-heading\" data-id=\"14c4917d\" data-element_type=\"widget\" data-e-type=\"widget\" data-widget_type=\"heading.default\">\n\t\t\t\t<div class=\"elementor-widget-container\">\n\t\t\t\t\t<h2 class=\"elementor-heading-title elementor-size-default\">4.- SICHERHEITSPUNKTE<\/h2>\t\t\t\t<\/div>\n\t\t\t\t<\/div>\n\t\t\t\t<div class=\"elementor-element elementor-element-7bacc89d elementor-widget elementor-widget-text-editor\" data-id=\"7bacc89d\" data-element_type=\"widget\" data-e-type=\"widget\" data-widget_type=\"text-editor.default\">\n\t\t\t\t<div class=\"elementor-widget-container\">\n\t\t\t\t\t\t\t\t\tDer Verantwortliche wird jede Sicherheitsverletzung melden, die sich auf die f\u00fcr diese Website verwendete Datenbank oder auf unsere Dienste Dritter auswirkt. Diese Informationen werden allen betroffenen Personen sowie den Beh\u00f6rden innerhalb von 72 Stunden nach Feststellung des Versto\u00dfes mitgeteilt.\t\t\t\t\t\t\t\t<\/div>\n\t\t\t\t<\/div>\n\t\t\t\t\t<\/div>\n\t\t\t\t<\/div>\n\t\t<div class=\"elementor-element elementor-element-fa04ae2 e-flex e-con-boxed e-con e-parent\" data-id=\"fa04ae2\" data-element_type=\"container\" data-e-type=\"container\">\n\t\t\t\t\t<div class=\"e-con-inner\">\n\t\t\t\t<div class=\"elementor-element elementor-element-1a63bb29 elementor-widget elementor-widget-heading\" data-id=\"1a63bb29\" data-element_type=\"widget\" data-e-type=\"widget\" data-widget_type=\"heading.default\">\n\t\t\t\t<div class=\"elementor-widget-container\">\n\t\t\t\t\t<h2 class=\"elementor-heading-title elementor-size-default\">ANWENDBARES RECHT UND GERICHTSSTAND\n<\/h2>\t\t\t\t<\/div>\n\t\t\t\t<\/div>\n\t\t\t\t<div class=\"elementor-element elementor-element-6ad93a29 elementor-widget elementor-widget-text-editor\" data-id=\"6ad93a29\" data-element_type=\"widget\" data-e-type=\"widget\" data-widget_type=\"text-editor.default\">\n\t\t\t\t<div class=\"elementor-widget-container\">\n\t\t\t\t\t\t\t\t\t<div id=\"inner-wrap\" class=\"wrap hfeed kt-clear\"><div id=\"primary\" class=\"content-area\"><div class=\"content-container site-container\">F\u00fcr die L\u00f6sung aller Kontroversen oder Probleme im Zusammenhang mit dieser Website oder den stattfindenden Aktivit\u00e4ten gilt die spanische Gesetzgebung, der sich die Parteien ausdr\u00fccklich unterwerfen und die f\u00fcr die L\u00f6sung aller Konflikte zust\u00e4ndig ist, die sich aus der Nutzung der Gerichte ergeben oder damit zusammenh\u00e4ngen Tribunale von Barcelona.<\/div><\/div><\/div>\t\t\t\t\t\t\t\t<\/div>\n\t\t\t\t<\/div>\n\t\t\t\t\t<\/div>\n\t\t\t\t<\/div>\n\t\t\t\t<\/div>","protected":false},"excerpt":{"rendered":"<p>Pol\u00edtica de privacitat 1.- INFORMACI\u00d3 AL USUARI El lloc web informa els usuaris sobre la seva pol\u00edtica de tractament i protecci\u00f3 de les dades personals dels usuaris i clients que puguin ser sol\u00b7licitades durant la navegaci\u00f3 pel lloc web. El lloc web \u00e9s el Responsable del tractament de les dades personals de l&#8217;usuari, per la [&hellip;]<\/p>\n","protected":false},"author":1,"featured_media":0,"parent":0,"menu_order":0,"comment_status":"closed","ping_status":"open","template":"","meta":{"footnotes":""},"class_list":["post-1182","page","type-page","status-publish","hentry"],"yoast_head":"<!-- This site is optimized with the Yoast SEO plugin v27.4 - https:\/\/yoast.com\/product\/yoast-seo-wordpress\/ -->\n<title>Pol\u00edtica de privacitat - Espai Idiomes<\/title>\n<meta name=\"robots\" content=\"index, follow, max-snippet:-1, max-image-preview:large, max-video-preview:-1\" \/>\n<link rel=\"canonical\" href=\"https:\/\/espaidiomes.cat\/de\/politica-de-privacitat\/\" \/>\n<meta property=\"og:locale\" content=\"de_DE\" \/>\n<meta property=\"og:type\" content=\"article\" \/>\n<meta property=\"og:title\" content=\"Pol\u00edtica de privacitat - Espai Idiomes\" \/>\n<meta property=\"og:description\" content=\"Pol\u00edtica de privacitat 1.- INFORMACI\u00d3 AL USUARI El lloc web informa els usuaris sobre la seva pol\u00edtica de tractament i protecci\u00f3 de les dades personals dels usuaris i clients que puguin ser sol\u00b7licitades durant la navegaci\u00f3 pel lloc web. El lloc web \u00e9s el Responsable del tractament de les dades personals de l&#8217;usuari, per la [&hellip;]\" \/>\n<meta property=\"og:url\" content=\"https:\/\/espaidiomes.cat\/de\/politica-de-privacitat\/\" \/>\n<meta property=\"og:site_name\" content=\"Espai Idiomes\" \/>\n<meta property=\"article:modified_time\" content=\"2024-05-15T15:03:32+00:00\" \/>\n<meta name=\"twitter:card\" content=\"summary_large_image\" \/>\n<meta name=\"twitter:label1\" content=\"Gesch\u00e4tzte Lesezeit\" \/>\n\t<meta name=\"twitter:data1\" content=\"3\u00a0Minuten\" \/>\n<script type=\"application\/ld+json\" class=\"yoast-schema-graph\">{\"@context\":\"https:\\\/\\\/schema.org\",\"@graph\":[{\"@type\":\"WebPage\",\"@id\":\"https:\\\/\\\/espaidiomes.cat\\\/politica-de-privacitat\",\"url\":\"https:\\\/\\\/espaidiomes.cat\\\/politica-de-privacitat\",\"name\":\"Pol\u00edtica de privacitat - Espai Idiomes\",\"isPartOf\":{\"@id\":\"https:\\\/\\\/espaidiomes.cat\\\/#website\"},\"datePublished\":\"2024-04-30T06:43:49+00:00\",\"dateModified\":\"2024-05-15T15:03:32+00:00\",\"breadcrumb\":{\"@id\":\"https:\\\/\\\/espaidiomes.cat\\\/politica-de-privacitat#breadcrumb\"},\"inLanguage\":\"de\",\"potentialAction\":[{\"@type\":\"ReadAction\",\"target\":[\"https:\\\/\\\/espaidiomes.cat\\\/politica-de-privacitat\"]}]},{\"@type\":\"BreadcrumbList\",\"@id\":\"https:\\\/\\\/espaidiomes.cat\\\/politica-de-privacitat#breadcrumb\",\"itemListElement\":[{\"@type\":\"ListItem\",\"position\":1,\"name\":\"Portada\",\"item\":\"https:\\\/\\\/espaidiomes.cat\\\/\"},{\"@type\":\"ListItem\",\"position\":2,\"name\":\"Pol\u00edtica de privacitat\"}]},{\"@type\":\"WebSite\",\"@id\":\"https:\\\/\\\/espaidiomes.cat\\\/#website\",\"url\":\"https:\\\/\\\/espaidiomes.cat\\\/\",\"name\":\"Espai idiomes\",\"description\":\"Academia de refer\u00e8ncia per l\u2019aprenentatge i perfeccionament d\u2019idiomes\",\"publisher\":{\"@id\":\"https:\\\/\\\/espaidiomes.cat\\\/#organization\"},\"potentialAction\":[{\"@type\":\"SearchAction\",\"target\":{\"@type\":\"EntryPoint\",\"urlTemplate\":\"https:\\\/\\\/espaidiomes.cat\\\/?s={search_term_string}\"},\"query-input\":{\"@type\":\"PropertyValueSpecification\",\"valueRequired\":true,\"valueName\":\"search_term_string\"}}],\"inLanguage\":\"de\"},{\"@type\":\"Organization\",\"@id\":\"https:\\\/\\\/espaidiomes.cat\\\/#organization\",\"name\":\"Espai idiomes\",\"url\":\"https:\\\/\\\/espaidiomes.cat\\\/\",\"logo\":{\"@type\":\"ImageObject\",\"inLanguage\":\"de\",\"@id\":\"https:\\\/\\\/espaidiomes.cat\\\/#\\\/schema\\\/logo\\\/image\\\/\",\"url\":\"https:\\\/\\\/espaidiomes.cat\\\/wp-content\\\/uploads\\\/2024\\\/04\\\/language_schoollogo.png\",\"contentUrl\":\"https:\\\/\\\/espaidiomes.cat\\\/wp-content\\\/uploads\\\/2024\\\/04\\\/language_schoollogo.png\",\"width\":4320,\"height\":2430,\"caption\":\"Espai idiomes\"},\"image\":{\"@id\":\"https:\\\/\\\/espaidiomes.cat\\\/#\\\/schema\\\/logo\\\/image\\\/\"}}]}<\/script>\n<!-- \/ Yoast SEO plugin. -->","yoast_head_json":{"title":"Datenschutzrichtlinie \u2013 Espai Idiomes","robots":{"index":"index","follow":"follow","max-snippet":"max-snippet:-1","max-image-preview":"max-image-preview:large","max-video-preview":"max-video-preview:-1"},"canonical":"https:\/\/espaidiomes.cat\/de\/politica-de-privacitat\/","og_locale":"de_DE","og_type":"article","og_title":"Pol\u00edtica de privacitat - Espai Idiomes","og_description":"Pol\u00edtica de privacitat 1.- INFORMACI\u00d3 AL USUARI El lloc web informa els usuaris sobre la seva pol\u00edtica de tractament i protecci\u00f3 de les dades personals dels usuaris i clients que puguin ser sol\u00b7licitades durant la navegaci\u00f3 pel lloc web. El lloc web \u00e9s el Responsable del tractament de les dades personals de l&#8217;usuari, per la [&hellip;]","og_url":"https:\/\/espaidiomes.cat\/de\/politica-de-privacitat\/","og_site_name":"Espai Idiomes","article_modified_time":"2024-05-15T15:03:32+00:00","twitter_card":"summary_large_image","twitter_misc":{"Gesch\u00e4tzte Lesezeit":"3\u00a0Minuten"},"schema":{"@context":"https:\/\/schema.org","@graph":[{"@type":"WebPage","@id":"https:\/\/espaidiomes.cat\/politica-de-privacitat","url":"https:\/\/espaidiomes.cat\/politica-de-privacitat","name":"Datenschutzrichtlinie \u2013 Espai Idiomes","isPartOf":{"@id":"https:\/\/espaidiomes.cat\/#website"},"datePublished":"2024-04-30T06:43:49+00:00","dateModified":"2024-05-15T15:03:32+00:00","breadcrumb":{"@id":"https:\/\/espaidiomes.cat\/politica-de-privacitat#breadcrumb"},"inLanguage":"de","potentialAction":[{"@type":"ReadAction","target":["https:\/\/espaidiomes.cat\/politica-de-privacitat"]}]},{"@type":"BreadcrumbList","@id":"https:\/\/espaidiomes.cat\/politica-de-privacitat#breadcrumb","itemListElement":[{"@type":"ListItem","position":1,"name":"Portada","item":"https:\/\/espaidiomes.cat\/"},{"@type":"ListItem","position":2,"name":"Pol\u00edtica de privacitat"}]},{"@type":"WebSite","@id":"https:\/\/espaidiomes.cat\/#website","url":"https:\/\/espaidiomes.cat\/","name":"Sprachraum","description":"Referenzakademie f\u00fcr das Erlernen und Verbessern von Sprachen","publisher":{"@id":"https:\/\/espaidiomes.cat\/#organization"},"potentialAction":[{"@type":"SearchAction","target":{"@type":"EntryPoint","urlTemplate":"https:\/\/espaidiomes.cat\/?s={search_term_string}"},"query-input":{"@type":"PropertyValueSpecification","valueRequired":true,"valueName":"search_term_string"}}],"inLanguage":"de"},{"@type":"Organization","@id":"https:\/\/espaidiomes.cat\/#organization","name":"Sprachraum","url":"https:\/\/espaidiomes.cat\/","logo":{"@type":"ImageObject","inLanguage":"de","@id":"https:\/\/espaidiomes.cat\/#\/schema\/logo\/image\/","url":"https:\/\/espaidiomes.cat\/wp-content\/uploads\/2024\/04\/language_schoollogo.png","contentUrl":"https:\/\/espaidiomes.cat\/wp-content\/uploads\/2024\/04\/language_schoollogo.png","width":4320,"height":2430,"caption":"Espai idiomes"},"image":{"@id":"https:\/\/espaidiomes.cat\/#\/schema\/logo\/image\/"}}]}},"_links":{"self":[{"href":"https:\/\/espaidiomes.cat\/de\/wp-json\/wp\/v2\/pages\/1182","targetHints":{"allow":["GET"]}}],"collection":[{"href":"https:\/\/espaidiomes.cat\/de\/wp-json\/wp\/v2\/pages"}],"about":[{"href":"https:\/\/espaidiomes.cat\/de\/wp-json\/wp\/v2\/types\/page"}],"author":[{"embeddable":true,"href":"https:\/\/espaidiomes.cat\/de\/wp-json\/wp\/v2\/users\/1"}],"replies":[{"embeddable":true,"href":"https:\/\/espaidiomes.cat\/de\/wp-json\/wp\/v2\/comments?post=1182"}],"version-history":[{"count":16,"href":"https:\/\/espaidiomes.cat\/de\/wp-json\/wp\/v2\/pages\/1182\/revisions"}],"predecessor-version":[{"id":3005,"href":"https:\/\/espaidiomes.cat\/de\/wp-json\/wp\/v2\/pages\/1182\/revisions\/3005"}],"wp:attachment":[{"href":"https:\/\/espaidiomes.cat\/de\/wp-json\/wp\/v2\/media?parent=1182"}],"curies":[{"name":"wp","href":"https:\/\/api.w.org\/{rel}","templated":true}]}}