{"id":3235,"date":"2024-10-16T12:08:35","date_gmt":"2024-10-16T10:08:35","guid":{"rendered":"https:\/\/espaidiomes.cat\/?page_id=3235"},"modified":"2024-11-19T09:38:08","modified_gmt":"2024-11-19T08:38:08","slug":"updates","status":"publish","type":"page","link":"https:\/\/espaidiomes.cat\/de\/updates","title":{"rendered":"AKTUALISIERUNGEN"},"content":{"rendered":"<div data-elementor-type=\"wp-page\" data-elementor-id=\"3235\" class=\"elementor elementor-3235\" data-elementor-post-type=\"page\">\n\t\t\t\t\t\t<section class=\"elementor-section elementor-top-section elementor-element elementor-element-e378d2d elementor-section-boxed elementor-section-height-default elementor-section-height-default\" data-id=\"e378d2d\" data-element_type=\"section\" data-settings=\"{&quot;background_background&quot;:&quot;classic&quot;}\">\n\t\t\t\t\t\t\t<div class=\"elementor-background-overlay\"><\/div>\n\t\t\t\t\t\t\t<div class=\"elementor-container elementor-column-gap-default\">\n\t\t\t\t\t<div class=\"elementor-column elementor-col-100 elementor-top-column elementor-element elementor-element-fd9b541\" data-id=\"fd9b541\" data-element_type=\"column\">\n\t\t\t<div class=\"elementor-widget-wrap elementor-element-populated\">\n\t\t\t\t\t\t<section class=\"elementor-section elementor-inner-section elementor-element elementor-element-0424cc2 elementor-section-boxed elementor-section-height-default elementor-section-height-default\" data-id=\"0424cc2\" data-element_type=\"section\">\n\t\t\t\t\t\t<div class=\"elementor-container elementor-column-gap-default\">\n\t\t\t\t\t<div class=\"elementor-column elementor-col-100 elementor-inner-column elementor-element elementor-element-e52226c elementor-invisible\" data-id=\"e52226c\" data-element_type=\"column\" data-settings=\"{&quot;animation&quot;:&quot;fadeInUp&quot;}\">\n\t\t\t<div class=\"elementor-widget-wrap elementor-element-populated\">\n\t\t\t\t\t\t<div class=\"elementor-element elementor-element-1cbf03f elementor-widget elementor-widget-heading\" data-id=\"1cbf03f\" data-element_type=\"widget\" data-widget_type=\"heading.default\">\n\t\t\t\t<div class=\"elementor-widget-container\">\n\t\t\t\t\t<h2 class=\"elementor-heading-title elementor-size-default\">AKTUALISIERUNGEN<\/h2>\t\t\t\t<\/div>\n\t\t\t\t<\/div>\n\t\t\t\t<div class=\"elementor-element elementor-element-7cab1f0 elementor-icon-list--layout-inline elementor-widget__width-auto elementor-list-item-link-full_width elementor-widget elementor-widget-icon-list\" data-id=\"7cab1f0\" data-element_type=\"widget\" data-widget_type=\"icon-list.default\">\n\t\t\t\t<div class=\"elementor-widget-container\">\n\t\t\t\t\t\t\t<ul class=\"elementor-icon-list-items elementor-inline-items\">\n\t\t\t\t\t\t\t<li class=\"elementor-icon-list-item elementor-inline-item\">\n\t\t\t\t\t\t\t\t\t\t\t<a href=\"https:\/\/espaidiomes.cat\/de\">\n\n\t\t\t\t\t\t\t\t\t\t\t<span class=\"elementor-icon-list-text\">Mann<\/span>\n\t\t\t\t\t\t\t\t\t\t\t<\/a>\n\t\t\t\t\t\t\t\t\t<\/li>\n\t\t\t\t\t\t\t\t<li class=\"elementor-icon-list-item elementor-inline-item\">\n\t\t\t\t\t\t\t\t\t\t\t<a href=\"#\">\n\n\t\t\t\t\t\t\t\t\t\t\t\t<span class=\"elementor-icon-list-icon\">\n\t\t\t\t\t\t\t<svg aria-hidden=\"true\" class=\"e-font-icon-svg e-fas-chevron-right\" viewbox=\"0 0 320 512\" xmlns=\"http:\/\/www.w3.org\/2000\/svg\"><path d=\"M285.476 272.971L91.132 467.314c-9.373 9.373-24.569 9.373-33.941 0l-22.667-22.667c-9.357-9.357-9.375-24.522-.04-33.901L188.505 256 34.484 101.255c-9.335-9.379-9.317-24.544.04-33.901l22.667-22.667c9.373-9.373 24.569-9.373 33.941 0L285.475 239.03c9.373 9.372 9.373 24.568.001 33.941z\"><\/path><\/svg>\t\t\t\t\t\t<\/span>\n\t\t\t\t\t\t\t\t\t\t<span class=\"elementor-icon-list-text\"><\/span>\n\t\t\t\t\t\t\t\t\t\t\t<\/a>\n\t\t\t\t\t\t\t\t\t<\/li>\n\t\t\t\t\t\t<\/ul>\n\t\t\t\t\t\t<\/div>\n\t\t\t\t<\/div>\n\t\t\t\t\t<\/div>\n\t\t<\/div>\n\t\t\t\t\t<\/div>\n\t\t<\/section>\n\t\t\t\t\t<\/div>\n\t\t<\/div>\n\t\t\t\t\t<\/div>\n\t\t<\/section>\n\t\t<div class=\"elementor-element elementor-element-099534d e-flex e-con-boxed e-con e-parent\" data-id=\"099534d\" data-element_type=\"container\">\n\t\t\t\t\t<div class=\"e-con-inner\">\n\t\t\t\t<div class=\"elementor-element elementor-element-9d1d4fe elementor-widget elementor-widget-elementskit-blog-posts\" data-id=\"9d1d4fe\" data-element_type=\"widget\" data-widget_type=\"elementskit-blog-posts.default\">\n\t\t\t\t<div class=\"elementor-widget-container\">\n\t\t\t\t\t<div class=\"ekit-wid-con\" >        <div id=\"post-items--9d1d4fe\" class=\"row post-items\">\n                    <div class=\"col-md-12\">\n\n                                    <div class=\"elementskit-blog-block-post\">\n                        <div class=\"row no-gutters\">\n                                                            <div class=\"col-md-6 order-1\">\n                                    <a href=\"https:\/\/espaidiomes.cat\/de\/arriba-un-nou-contacontes-2\" class=\"elementskit-entry-thumb\">\n                                        <img decoding=\"async\" src=\"https:\/\/espaidiomes.cat\/wp-content\/uploads\/2026\/03\/Copia-de-Copia-de-Copia-de-colorful-illustrative-playful-kids-camp-summer-flyer-Post-de-Instagram-45-1-819x1024.png\" alt=\"Arriba un nou contacontes!\">\n                                    <\/a><!-- .elementskit-entry-thumb END -->\n                                <\/div>\n                            \n                            <div class=\"col-md-6 order-2\">\n                                <div class=\"elementskit-post-body\">\n                                    <div class=\"elementskit-entry-header\">\n                                        \n                                                                                            \t\t\t\t\t                                            \n                                            \n                                                                                            \t\t\t\t<h2 class=\"entry-title\">\n\t\t\t\t\t<a href=\"https:\/\/espaidiomes.cat\/de\/arriba-un-nou-contacontes-2\">\n\t\t\t\t\t\tArriba un nou contacontes!\t\t\t\t\t<\/a>\n\t\t\t\t<\/h2>\n\t\t\t                                                                                <\/div><!-- .elementskit-entry-header END -->\n\n                                                                            <div class=\"elementskit-post-footer\">\n                                                                                            <p>El teacher Javi arriba amb un nou&nbsp;contacontes&nbsp;de Wild Animals&nbsp;ple d&#8217;energia, ritme i diversi\u00f3! Prepareu-vos per una sessi\u00f3&nbsp;din\u00e0mica i s\u00faper entretinguda, on les can\u00e7ons &nbsp;i els contes seran els grans protagonistes juntament amb els m\u00e9s petits de la casa! Qu\u00e8 dieu? Ens veiem l&#8217;11 d&#8217;abril?<\/p>\n                                                                                                                                <\/div><!-- .elementskit-post-footer END -->\n                                                                    <\/div><!-- .elementskit-post-body END -->\n                            <\/div>\n                        <\/div>\n                    <\/div><!-- .elementskit-blog-block-post .radius .gradient-bg END -->\n                \n            <\/div>\n                    <div class=\"col-md-12\">\n\n                                    <div class=\"elementskit-blog-block-post\">\n                        <div class=\"row no-gutters\">\n                                                            <div class=\"col-md-6 order-1\">\n                                    <a href=\"https:\/\/espaidiomes.cat\/de\/nova-sessio-del-club-de-lectura-2\" class=\"elementskit-entry-thumb\">\n                                        <img decoding=\"async\" src=\"https:\/\/espaidiomes.cat\/wp-content\/uploads\/2026\/03\/Copia-de-Copia-de-Copia-de-Copia-de-Light-book-club-social-media-post-1080-x-1350-px-2-819x1024.png\" alt=\"Nova sessi\u00f3 del club de lectura!\">\n                                    <\/a><!-- .elementskit-entry-thumb END -->\n                                <\/div>\n                            \n                            <div class=\"col-md-6 order-2\">\n                                <div class=\"elementskit-post-body\">\n                                    <div class=\"elementskit-entry-header\">\n                                        \n                                                                                            \t\t\t\t\t                                            \n                                            \n                                                                                            \t\t\t\t<h2 class=\"entry-title\">\n\t\t\t\t\t<a href=\"https:\/\/espaidiomes.cat\/de\/nova-sessio-del-club-de-lectura-2\">\n\t\t\t\t\t\tNova sessi\u00f3 del club de lectura!\t\t\t\t\t<\/a>\n\t\t\t\t<\/h2>\n\t\t\t                                                                                <\/div><!-- .elementskit-entry-header END -->\n\n                                                                            <div class=\"elementskit-post-footer\">\n                                                                                            <p>Nova trobada del club de lectura! A la propera sessi\u00f3 llegirem&nbsp;\u201cThe Wallet on the Bus\u201d, una hist\u00f2ria en angl\u00e8s sobre la Sof\u00eda, una adolescent que es troba una cartera a l&#8217;autob\u00fas i s\u2019enfronta a un dilema moral: tornar-la o quedar-se-la perqu\u00e8 necessita el que hi ha dins? Una gran oportunitat per practicar l&#8217;angl\u00e8s i reflexionar [&hellip;]<\/p>\n                                                                                                                                <\/div><!-- .elementskit-post-footer END -->\n                                                                    <\/div><!-- .elementskit-post-body END -->\n                            <\/div>\n                        <\/div>\n                    <\/div><!-- .elementskit-blog-block-post .radius .gradient-bg END -->\n                \n            <\/div>\n                    <div class=\"col-md-12\">\n\n                                    <div class=\"elementskit-blog-block-post\">\n                        <div class=\"row no-gutters\">\n                                                            <div class=\"col-md-6 order-1\">\n                                    <a href=\"https:\/\/espaidiomes.cat\/de\/arriba-un-nou-contacontes\" class=\"elementskit-entry-thumb\">\n                                        <img decoding=\"async\" src=\"https:\/\/espaidiomes.cat\/wp-content\/uploads\/2026\/03\/Copia-de-Copia-de-colorful-illustrative-playful-kids-camp-summer-flyer-Post-de-Instagram-45-1-819x1024.png\" alt=\"Arriba un nou contacontes!\">\n                                    <\/a><!-- .elementskit-entry-thumb END -->\n                                <\/div>\n                            \n                            <div class=\"col-md-6 order-2\">\n                                <div class=\"elementskit-post-body\">\n                                    <div class=\"elementskit-entry-header\">\n                                        \n                                                                                            \t\t\t\t\t                                            \n                                            \n                                                                                            \t\t\t\t<h2 class=\"entry-title\">\n\t\t\t\t\t<a href=\"https:\/\/espaidiomes.cat\/de\/arriba-un-nou-contacontes\">\n\t\t\t\t\t\tArriba un nou contacontes!\t\t\t\t\t<\/a>\n\t\t\t\t<\/h2>\n\t\t\t                                                                                <\/div><!-- .elementskit-entry-header END -->\n\n                                                                            <div class=\"elementskit-post-footer\">\n                                                                                            <p>&nbsp;Ja queden pocs dies per a l\u2019arribada de la primavera!&nbsp; I per celebrar-ho com cal, el&nbsp;teacher&nbsp;Javi torna a la&nbsp;Biblioteca Mestre Mart\u00ed Tauler&nbsp;amb una sessi\u00f3 molt especial de&nbsp;contes i can\u00e7ons dedicades a aquesta nova estaci\u00f3&nbsp; Una proposta plena d&#8217;hist\u00f2ries, m\u00fasica i molta energia primaveral per donar la benvinguda al bon temps com es mereix! Reserveu la [&hellip;]<\/p>\n                                                                                                                                <\/div><!-- .elementskit-post-footer END -->\n                                                                    <\/div><!-- .elementskit-post-body END -->\n                            <\/div>\n                        <\/div>\n                    <\/div><!-- .elementskit-blog-block-post .radius .gradient-bg END -->\n                \n            <\/div>\n                <\/div>\n       <\/div>\t\t\t\t<\/div>\n\t\t\t\t<\/div>\n\t\t\t\t\t<\/div>\n\t\t\t\t<\/div>\n\t\t\t\t<section class=\"elementor-section elementor-top-section elementor-element elementor-element-4304839 elementor-section-boxed elementor-section-height-default elementor-section-height-default\" data-id=\"4304839\" data-element_type=\"section\" data-settings=\"{&quot;background_background&quot;:&quot;classic&quot;}\">\n\t\t\t\t\t\t\t<div class=\"elementor-background-overlay\"><\/div>\n\t\t\t\t\t\t\t<div class=\"elementor-container elementor-column-gap-default\">\n\t\t\t\t\t<div class=\"elementor-column elementor-col-100 elementor-top-column elementor-element elementor-element-e465945\" data-id=\"e465945\" data-element_type=\"column\">\n\t\t\t<div class=\"elementor-widget-wrap elementor-element-populated\">\n\t\t\t\t\t\t<section class=\"elementor-section elementor-inner-section elementor-element elementor-element-ba3b2a3 elementor-section-boxed elementor-section-height-default elementor-section-height-default\" data-id=\"ba3b2a3\" data-element_type=\"section\">\n\t\t\t\t\t\t<div class=\"elementor-container elementor-column-gap-default\">\n\t\t\t\t\t<div class=\"elementor-column elementor-col-100 elementor-inner-column elementor-element elementor-element-50b4061 elementor-invisible\" data-id=\"50b4061\" data-element_type=\"column\" data-settings=\"{&quot;animation&quot;:&quot;fadeInUp&quot;}\">\n\t\t\t<div class=\"elementor-widget-wrap elementor-element-populated\">\n\t\t\t\t\t\t<div class=\"elementor-element elementor-element-284c3d8 elementor-widget elementor-widget-heading\" data-id=\"284c3d8\" data-element_type=\"widget\" data-widget_type=\"heading.default\">\n\t\t\t\t<div class=\"elementor-widget-container\">\n\t\t\t\t\t<h2 class=\"elementor-heading-title elementor-size-default\">Erfahren Sie mehr \u00fcber die Aktivit\u00e4ten in Espai Idiomes<\/h2>\t\t\t\t<\/div>\n\t\t\t\t<\/div>\n\t\t\t\t<div class=\"elementor-element elementor-element-5ca6084 elementor-widget elementor-widget-text-editor\" data-id=\"5ca6084\" data-element_type=\"widget\" data-widget_type=\"text-editor.default\">\n\t\t\t\t<div class=\"elementor-widget-container\">\n\t\t\t\t\t\t\t\t\tZ\u00f6gern Sie nicht, uns f\u00fcr weitere Informationen zu unseren Aktivit\u00e4ten und Kooperationen zu kontaktieren.\t\t\t\t\t\t\t\t<\/div>\n\t\t\t\t<\/div>\n\t\t\t\t<div class=\"elementor-element elementor-element-6eb70e3 elementor-widget elementor-widget-button\" data-id=\"6eb70e3\" data-element_type=\"widget\" data-widget_type=\"button.default\">\n\t\t\t\t<div class=\"elementor-widget-container\">\n\t\t\t\t\t\t\t\t\t<div class=\"elementor-button-wrapper\">\n\t\t\t\t\t<a class=\"elementor-button elementor-button-link elementor-size-sm\" href=\"https:\/\/espaidiomes.cat\/de\/contacte\">\n\t\t\t\t\t\t<span class=\"elementor-button-content-wrapper\">\n\t\t\t\t\t\t\t\t\t<span class=\"elementor-button-text\">Kontakt<\/span>\n\t\t\t\t\t<\/span>\n\t\t\t\t\t<\/a>\n\t\t\t\t<\/div>\n\t\t\t\t\t\t\t\t<\/div>\n\t\t\t\t<\/div>\n\t\t\t\t\t<\/div>\n\t\t<\/div>\n\t\t\t\t\t<\/div>\n\t\t<\/section>\n\t\t\t\t\t<\/div>\n\t\t<\/div>\n\t\t\t\t\t<\/div>\n\t\t<\/section>\n\t\t\t\t<\/div>","protected":false},"excerpt":{"rendered":"<p>AKTUALISIERUNGEN Startseite DIE ZWEITE AUSGABE DES LESECLUBS STARTET! Gute Neuigkeiten: Wir sind zur\u00fcck! Der Leseclub Espai Idiomes startet wieder \u2013 und zwar mit gro\u00dfer Begeisterung und Vorfreude. Wenn Sie also gerne lesen und \u00fcber B\u00fccher sprechen, sind Sie hier genau richtig! Bei Interesse und f\u00fcr weitere Informationen [\u2026]<\/p>","protected":false},"author":1,"featured_media":0,"parent":0,"menu_order":0,"comment_status":"closed","ping_status":"closed","template":"elementor_header_footer","meta":{"footnotes":""},"class_list":["post-3235","page","type-page","status-publish","hentry"],"yoast_head":"<!-- This site is optimized with the Yoast SEO plugin v25.7 - https:\/\/yoast.com\/wordpress\/plugins\/seo\/ -->\n<title>UPDATES - Espai Idiomes<\/title>\n<meta name=\"robots\" content=\"index, follow, max-snippet:-1, max-image-preview:large, max-video-preview:-1\" \/>\n<link rel=\"canonical\" href=\"https:\/\/espaidiomes.cat\/de\/updates\/\" \/>\n<meta property=\"og:locale\" content=\"de_DE\" \/>\n<meta property=\"og:type\" content=\"article\" \/>\n<meta property=\"og:title\" content=\"UPDATES - Espai Idiomes\" \/>\n<meta property=\"og:description\" content=\"UPDATES Home INICIA LA SEGONA EDICI\u00d3 DEL CLUB DE LECTURA! Good news: we are back! El&nbsp;club&nbsp;de lectura d&#8217;Espai Idiomes arrenca de nou i ho fa amb moltes ganes i il\u00b7lusi\u00f3. Aix\u00ed que si us agrada la lectura i parlar de llibres, aquest \u00e9s el lloc que est\u00e0veu buscant! Si esteu interessats i voleu m\u00e9s informaci\u00f3 [&hellip;]\" \/>\n<meta property=\"og:url\" content=\"https:\/\/espaidiomes.cat\/de\/updates\/\" \/>\n<meta property=\"og:site_name\" content=\"Espai Idiomes\" \/>\n<meta property=\"article:modified_time\" content=\"2024-11-19T08:38:08+00:00\" \/>\n<meta property=\"og:image\" content=\"https:\/\/espaidiomes.cat\/wp-content\/uploads\/2024\/11\/d652daf3-7b16-447a-b7b5-ca8dc969d960-1024x576.jpg\" \/>\n<meta name=\"twitter:card\" content=\"summary_large_image\" \/>\n<meta name=\"twitter:label1\" content=\"Gesch\u00e4tzte Lesezeit\" \/>\n\t<meta name=\"twitter:data1\" content=\"2\u00a0Minuten\" \/>\n<script type=\"application\/ld+json\" class=\"yoast-schema-graph\">{\"@context\":\"https:\/\/schema.org\",\"@graph\":[{\"@type\":\"WebPage\",\"@id\":\"https:\/\/espaidiomes.cat\/updates\",\"url\":\"https:\/\/espaidiomes.cat\/updates\",\"name\":\"UPDATES - Espai Idiomes\",\"isPartOf\":{\"@id\":\"https:\/\/espaidiomes.cat\/#website\"},\"primaryImageOfPage\":{\"@id\":\"https:\/\/espaidiomes.cat\/updates#primaryimage\"},\"image\":{\"@id\":\"https:\/\/espaidiomes.cat\/updates#primaryimage\"},\"thumbnailUrl\":\"https:\/\/espaidiomes.cat\/wp-content\/uploads\/2024\/11\/d652daf3-7b16-447a-b7b5-ca8dc969d960-1024x576.jpg\",\"datePublished\":\"2024-10-16T10:08:35+00:00\",\"dateModified\":\"2024-11-19T08:38:08+00:00\",\"breadcrumb\":{\"@id\":\"https:\/\/espaidiomes.cat\/updates#breadcrumb\"},\"inLanguage\":\"de\",\"potentialAction\":[{\"@type\":\"ReadAction\",\"target\":[\"https:\/\/espaidiomes.cat\/updates\"]}]},{\"@type\":\"ImageObject\",\"inLanguage\":\"de\",\"@id\":\"https:\/\/espaidiomes.cat\/updates#primaryimage\",\"url\":\"https:\/\/espaidiomes.cat\/wp-content\/uploads\/2024\/11\/d652daf3-7b16-447a-b7b5-ca8dc969d960-1024x576.jpg\",\"contentUrl\":\"https:\/\/espaidiomes.cat\/wp-content\/uploads\/2024\/11\/d652daf3-7b16-447a-b7b5-ca8dc969d960-1024x576.jpg\"},{\"@type\":\"BreadcrumbList\",\"@id\":\"https:\/\/espaidiomes.cat\/updates#breadcrumb\",\"itemListElement\":[{\"@type\":\"ListItem\",\"position\":1,\"name\":\"Portada\",\"item\":\"https:\/\/espaidiomes.cat\/\"},{\"@type\":\"ListItem\",\"position\":2,\"name\":\"UPDATES\"}]},{\"@type\":\"WebSite\",\"@id\":\"https:\/\/espaidiomes.cat\/#website\",\"url\":\"https:\/\/espaidiomes.cat\/\",\"name\":\"Espai idiomes\",\"description\":\"Academia de refer\u00e8ncia per l\u2019aprenentatge i perfeccionament d\u2019idiomes\",\"publisher\":{\"@id\":\"https:\/\/espaidiomes.cat\/#organization\"},\"potentialAction\":[{\"@type\":\"SearchAction\",\"target\":{\"@type\":\"EntryPoint\",\"urlTemplate\":\"https:\/\/espaidiomes.cat\/?s={search_term_string}\"},\"query-input\":{\"@type\":\"PropertyValueSpecification\",\"valueRequired\":true,\"valueName\":\"search_term_string\"}}],\"inLanguage\":\"de\"},{\"@type\":\"Organization\",\"@id\":\"https:\/\/espaidiomes.cat\/#organization\",\"name\":\"Espai idiomes\",\"url\":\"https:\/\/espaidiomes.cat\/\",\"logo\":{\"@type\":\"ImageObject\",\"inLanguage\":\"de\",\"@id\":\"https:\/\/espaidiomes.cat\/#\/schema\/logo\/image\/\",\"url\":\"https:\/\/espaidiomes.cat\/wp-content\/uploads\/2024\/04\/language_schoollogo.png\",\"contentUrl\":\"https:\/\/espaidiomes.cat\/wp-content\/uploads\/2024\/04\/language_schoollogo.png\",\"width\":4320,\"height\":2430,\"caption\":\"Espai idiomes\"},\"image\":{\"@id\":\"https:\/\/espaidiomes.cat\/#\/schema\/logo\/image\/\"}}]}<\/script>\n<!-- \/ Yoast SEO plugin. -->","yoast_head_json":{"title":"AKTUALISIERUNGEN - Spanische Redewendungen","robots":{"index":"index","follow":"follow","max-snippet":"max-snippet:-1","max-image-preview":"max-image-preview:large","max-video-preview":"max-video-preview:-1"},"canonical":"https:\/\/espaidiomes.cat\/de\/updates\/","og_locale":"de_DE","og_type":"article","og_title":"UPDATES - Espai Idiomes","og_description":"UPDATES Home INICIA LA SEGONA EDICI\u00d3 DEL CLUB DE LECTURA! Good news: we are back! El&nbsp;club&nbsp;de lectura d&#8217;Espai Idiomes arrenca de nou i ho fa amb moltes ganes i il\u00b7lusi\u00f3. Aix\u00ed que si us agrada la lectura i parlar de llibres, aquest \u00e9s el lloc que est\u00e0veu buscant! Si esteu interessats i voleu m\u00e9s informaci\u00f3 [&hellip;]","og_url":"https:\/\/espaidiomes.cat\/de\/updates\/","og_site_name":"Espai Idiomes","article_modified_time":"2024-11-19T08:38:08+00:00","og_image":[{"url":"https:\/\/espaidiomes.cat\/wp-content\/uploads\/2024\/11\/d652daf3-7b16-447a-b7b5-ca8dc969d960-1024x576.jpg","type":"","width":"","height":""}],"twitter_card":"summary_large_image","twitter_misc":{"Gesch\u00e4tzte Lesezeit":"2\u00a0Minuten"},"schema":{"@context":"https:\/\/schema.org","@graph":[{"@type":"WebPage","@id":"https:\/\/espaidiomes.cat\/updates","url":"https:\/\/espaidiomes.cat\/updates","name":"AKTUALISIERUNGEN - Spanische Redewendungen","isPartOf":{"@id":"https:\/\/espaidiomes.cat\/#website"},"primaryImageOfPage":{"@id":"https:\/\/espaidiomes.cat\/updates#primaryimage"},"image":{"@id":"https:\/\/espaidiomes.cat\/updates#primaryimage"},"thumbnailUrl":"https:\/\/espaidiomes.cat\/wp-content\/uploads\/2024\/11\/d652daf3-7b16-447a-b7b5-ca8dc969d960-1024x576.jpg","datePublished":"2024-10-16T10:08:35+00:00","dateModified":"2024-11-19T08:38:08+00:00","breadcrumb":{"@id":"https:\/\/espaidiomes.cat\/updates#breadcrumb"},"inLanguage":"de","potentialAction":[{"@type":"ReadAction","target":["https:\/\/espaidiomes.cat\/updates"]}]},{"@type":"ImageObject","inLanguage":"de","@id":"https:\/\/espaidiomes.cat\/updates#primaryimage","url":"https:\/\/espaidiomes.cat\/wp-content\/uploads\/2024\/11\/d652daf3-7b16-447a-b7b5-ca8dc969d960-1024x576.jpg","contentUrl":"https:\/\/espaidiomes.cat\/wp-content\/uploads\/2024\/11\/d652daf3-7b16-447a-b7b5-ca8dc969d960-1024x576.jpg"},{"@type":"BreadcrumbList","@id":"https:\/\/espaidiomes.cat\/updates#breadcrumb","itemListElement":[{"@type":"ListItem","position":1,"name":"Portada","item":"https:\/\/espaidiomes.cat\/"},{"@type":"ListItem","position":2,"name":"UPDATES"}]},{"@type":"WebSite","@id":"https:\/\/espaidiomes.cat\/#website","url":"https:\/\/espaidiomes.cat\/","name":"Sprachraum","description":"Referenzakademie f\u00fcr das Erlernen und Verbessern von Sprachen","publisher":{"@id":"https:\/\/espaidiomes.cat\/#organization"},"potentialAction":[{"@type":"SearchAction","target":{"@type":"EntryPoint","urlTemplate":"https:\/\/espaidiomes.cat\/?s={search_term_string}"},"query-input":{"@type":"PropertyValueSpecification","valueRequired":true,"valueName":"search_term_string"}}],"inLanguage":"de"},{"@type":"Organization","@id":"https:\/\/espaidiomes.cat\/#organization","name":"Sprachraum","url":"https:\/\/espaidiomes.cat\/","logo":{"@type":"ImageObject","inLanguage":"de","@id":"https:\/\/espaidiomes.cat\/#\/schema\/logo\/image\/","url":"https:\/\/espaidiomes.cat\/wp-content\/uploads\/2024\/04\/language_schoollogo.png","contentUrl":"https:\/\/espaidiomes.cat\/wp-content\/uploads\/2024\/04\/language_schoollogo.png","width":4320,"height":2430,"caption":"Espai idiomes"},"image":{"@id":"https:\/\/espaidiomes.cat\/#\/schema\/logo\/image\/"}}]}},"_links":{"self":[{"href":"https:\/\/espaidiomes.cat\/de\/wp-json\/wp\/v2\/pages\/3235","targetHints":{"allow":["GET"]}}],"collection":[{"href":"https:\/\/espaidiomes.cat\/de\/wp-json\/wp\/v2\/pages"}],"about":[{"href":"https:\/\/espaidiomes.cat\/de\/wp-json\/wp\/v2\/types\/page"}],"author":[{"embeddable":true,"href":"https:\/\/espaidiomes.cat\/de\/wp-json\/wp\/v2\/users\/1"}],"replies":[{"embeddable":true,"href":"https:\/\/espaidiomes.cat\/de\/wp-json\/wp\/v2\/comments?post=3235"}],"version-history":[{"count":0,"href":"https:\/\/espaidiomes.cat\/de\/wp-json\/wp\/v2\/pages\/3235\/revisions"}],"wp:attachment":[{"href":"https:\/\/espaidiomes.cat\/de\/wp-json\/wp\/v2\/media?parent=3235"}],"curies":[{"name":"wp","href":"https:\/\/api.w.org\/{rel}","templated":true}]}}