{"id":1182,"date":"2024-04-30T06:43:49","date_gmt":"2024-04-30T06:43:49","guid":{"rendered":"https:\/\/espaidiomes.cat\/?page_id=1182"},"modified":"2024-05-15T15:03:32","modified_gmt":"2024-05-15T15:03:32","slug":"politica-de-privacitat","status":"publish","type":"page","link":"https:\/\/espaidiomes.cat\/en\/politica-de-privacitat","title":{"rendered":"Privacy policy"},"content":{"rendered":"<div data-elementor-type=\"wp-page\" data-elementor-id=\"1182\" class=\"elementor elementor-1182\" data-elementor-post-type=\"page\">\n\t\t\t\t<div class=\"elementor-element elementor-element-638b2d92 e-flex e-con-boxed e-con e-parent\" data-id=\"638b2d92\" data-element_type=\"container\" data-e-type=\"container\">\n\t\t\t\t\t<div class=\"e-con-inner\">\n\t\t\t\t<div class=\"elementor-element elementor-element-73129ef2 elementor-widget elementor-widget-heading\" data-id=\"73129ef2\" data-element_type=\"widget\" data-e-type=\"widget\" data-widget_type=\"heading.default\">\n\t\t\t\t<div class=\"elementor-widget-container\">\n\t\t\t\t\t<h1 class=\"elementor-heading-title elementor-size-default\">Privacy policy<\/h1>\t\t\t\t<\/div>\n\t\t\t\t<\/div>\n\t\t\t\t<div class=\"elementor-element elementor-element-29d2d734 elementor-widget elementor-widget-heading\" data-id=\"29d2d734\" data-element_type=\"widget\" data-e-type=\"widget\" data-widget_type=\"heading.default\">\n\t\t\t\t<div class=\"elementor-widget-container\">\n\t\t\t\t\t<h2 class=\"elementor-heading-title elementor-size-default\">1.- USER INFORMATION<\/h2>\t\t\t\t<\/div>\n\t\t\t\t<\/div>\n\t\t\t\t<div class=\"elementor-element elementor-element-1ae26a7d elementor-widget elementor-widget-text-editor\" data-id=\"1ae26a7d\" data-element_type=\"widget\" data-e-type=\"widget\" data-widget_type=\"text-editor.default\">\n\t\t\t\t<div class=\"elementor-widget-container\">\n\t\t\t\t\t\t\t\t\t<p>The website informs users about its policy for the treatment and protection of the personal data of users and customers that may be requested while browsing the website.<\/p><p>The website is responsible for the processing of the user&#039;s personal data, so the following information is provided regarding the processing of your data:<\/p><p>Data retention criteria: The personal data provided will be kept until its suspension is requested by the interested party, exercising their rights over the data, and in any case in compliance with the legal prescription periods that are applicable.<\/p><p>Rights of interested parties:<\/p><p>Right to withdraw your consent at any time.<br \/>Right of access, rectification, deletion, portability of your data and the limitation or opposition to its treatment, as well as not to be subject to automated individual decisions.<br \/>Contact details to exercise your rights:<\/p><p>You must identify yourself properly and clearly request the right to exercise.<\/p><p>Website: <a href=\"https:\/\/espaidiomes.cat\/en\/\">http:\/\/www.espaidiomes.cat\/<\/a><br \/>Name: ESPAI IDIOMES SL<br \/>Address: C\/. SANT PERE, 11 BAIXOS (082) \u2013 RUB\u00cd \u2013 Barcelona<br \/>Telephone: 699 211 127<br \/>E-mail: <a href=\"mailto:espaidiomes@gmail.com\">espaidiomes@gmail.com<\/a><\/p>\t\t\t\t\t\t\t\t<\/div>\n\t\t\t\t<\/div>\n\t\t\t\t\t<\/div>\n\t\t\t\t<\/div>\n\t\t<div class=\"elementor-element elementor-element-5409cd3e e-flex e-con-boxed e-con e-parent\" data-id=\"5409cd3e\" data-element_type=\"container\" data-e-type=\"container\">\n\t\t\t\t\t<div class=\"e-con-inner\">\n\t\t\t\t<div class=\"elementor-element elementor-element-4540a3ed elementor-widget elementor-widget-heading\" data-id=\"4540a3ed\" data-element_type=\"widget\" data-e-type=\"widget\" data-widget_type=\"heading.default\">\n\t\t\t\t<div class=\"elementor-widget-container\">\n\t\t\t\t\t<h2 class=\"elementor-heading-title elementor-size-default\">2.- INFORMATION PROVIDED BY THE USER\n<\/h2>\t\t\t\t<\/div>\n\t\t\t\t<\/div>\n\t\t\t\t<div class=\"elementor-element elementor-element-40faace7 elementor-widget elementor-widget-text-editor\" data-id=\"40faace7\" data-element_type=\"widget\" data-e-type=\"widget\" data-widget_type=\"text-editor.default\">\n\t\t\t\t<div class=\"elementor-widget-container\">\n\t\t\t\t\t\t\t\t\tUsers, when entering their data in the contact forms or in the download forms, expressly and freely and unequivocally accept that their data is necessary to attend to their request on the part of the Responsible, being the inclusion of data in the remaining fields voluntary The user guarantees that the personal data provided is true and undertakes to communicate any modification. All the data requested through the website are necessary to provide an optimal service to the user. If you do not provide all the data, it is not guaranteed that the information and services provided by the Responsible are completely adequate to your needs.\t\t\t\t\t\t\t\t<\/div>\n\t\t\t\t<\/div>\n\t\t\t\t\t<\/div>\n\t\t\t\t<\/div>\n\t\t<div class=\"elementor-element elementor-element-3dbc9c38 e-flex e-con-boxed e-con e-parent\" data-id=\"3dbc9c38\" data-element_type=\"container\" data-e-type=\"container\">\n\t\t\t\t\t<div class=\"e-con-inner\">\n\t\t\t\t<div class=\"elementor-element elementor-element-24f13f82 elementor-widget elementor-widget-heading\" data-id=\"24f13f82\" data-element_type=\"widget\" data-e-type=\"widget\" data-widget_type=\"heading.default\">\n\t\t\t\t<div class=\"elementor-widget-container\">\n\t\t\t\t\t<h2 class=\"elementor-heading-title elementor-size-default\">3.- SECURITY MEASURES\n<\/h2>\t\t\t\t<\/div>\n\t\t\t\t<\/div>\n\t\t\t\t<div class=\"elementor-element elementor-element-5ae9066e elementor-widget elementor-widget-text-editor\" data-id=\"5ae9066e\" data-element_type=\"widget\" data-e-type=\"widget\" data-widget_type=\"text-editor.default\">\n\t\t\t\t<div class=\"elementor-widget-container\">\n\t\t\t\t\t\t\t\t\tIn accordance with the current regulations on the protection of personal data, the Controller is complying with all the provisions of the RGPD and LOPD regulations for the processing of personal data under his responsibility. These data are processed lawfully, loyally and transparently in relation to the interested party, and are adequate, relevant and limited to what is necessary in relation to the purposes for which they are processed. The Controller guarantees that he has implemented appropriate technical and organizational policies to apply the security measures established by the RGPD and the LOPD to protect the rights and freedoms of users. In addition, it has communicated to users the appropriate information so that they can exercise these rights.\n\n\n\n\n\n\n\t\t\t\t\t\t\t\t<\/div>\n\t\t\t\t<\/div>\n\t\t\t\t\t<\/div>\n\t\t\t\t<\/div>\n\t\t<div class=\"elementor-element elementor-element-578f115a e-flex e-con-boxed e-con e-parent\" data-id=\"578f115a\" data-element_type=\"container\" data-e-type=\"container\">\n\t\t\t\t\t<div class=\"e-con-inner\">\n\t\t\t\t<div class=\"elementor-element elementor-element-14c4917d elementor-widget elementor-widget-heading\" data-id=\"14c4917d\" data-element_type=\"widget\" data-e-type=\"widget\" data-widget_type=\"heading.default\">\n\t\t\t\t<div class=\"elementor-widget-container\">\n\t\t\t\t\t<h2 class=\"elementor-heading-title elementor-size-default\">4.- SECURITY VULNERABILITIES<\/h2>\t\t\t\t<\/div>\n\t\t\t\t<\/div>\n\t\t\t\t<div class=\"elementor-element elementor-element-7bacc89d elementor-widget elementor-widget-text-editor\" data-id=\"7bacc89d\" data-element_type=\"widget\" data-e-type=\"widget\" data-widget_type=\"text-editor.default\">\n\t\t\t\t<div class=\"elementor-widget-container\">\n\t\t\t\t\t\t\t\t\tThe Controller will report any security breach that affects the database used for this website or that affects any of our third-party services. This information will be communicated to each and every person affected, as well as to the authorities, within 72 hours following the detection of the violation.\t\t\t\t\t\t\t\t<\/div>\n\t\t\t\t<\/div>\n\t\t\t\t\t<\/div>\n\t\t\t\t<\/div>\n\t\t<div class=\"elementor-element elementor-element-fa04ae2 e-flex e-con-boxed e-con e-parent\" data-id=\"fa04ae2\" data-element_type=\"container\" data-e-type=\"container\">\n\t\t\t\t\t<div class=\"e-con-inner\">\n\t\t\t\t<div class=\"elementor-element elementor-element-1a63bb29 elementor-widget elementor-widget-heading\" data-id=\"1a63bb29\" data-element_type=\"widget\" data-e-type=\"widget\" data-widget_type=\"heading.default\">\n\t\t\t\t<div class=\"elementor-widget-container\">\n\t\t\t\t\t<h2 class=\"elementor-heading-title elementor-size-default\">APPLICABLE LAW AND JURISDICTION\n<\/h2>\t\t\t\t<\/div>\n\t\t\t\t<\/div>\n\t\t\t\t<div class=\"elementor-element elementor-element-6ad93a29 elementor-widget elementor-widget-text-editor\" data-id=\"6ad93a29\" data-element_type=\"widget\" data-e-type=\"widget\" data-widget_type=\"text-editor.default\">\n\t\t\t\t<div class=\"elementor-widget-container\">\n\t\t\t\t\t\t\t\t\t<div id=\"inner-wrap\" class=\"wrap hfeed kt-clear\"><div id=\"primary\" class=\"content-area\"><div class=\"content-container site-container\">For the resolution of all controversies or issues related to this website or the activities that take place, Spanish legislation will apply, to which the parties expressly submit, being competent for the resolution of all conflicts arising from or related to the use of the Courts and Tribunals of Barcelona.<\/div><\/div><\/div>\t\t\t\t\t\t\t\t<\/div>\n\t\t\t\t<\/div>\n\t\t\t\t\t<\/div>\n\t\t\t\t<\/div>\n\t\t\t\t<\/div>","protected":false},"excerpt":{"rendered":"<p>Pol\u00edtica de privacitat 1.- INFORMACI\u00d3 AL USUARI El lloc web informa els usuaris sobre la seva pol\u00edtica de tractament i protecci\u00f3 de les dades personals dels usuaris i clients que puguin ser sol\u00b7licitades durant la navegaci\u00f3 pel lloc web. El lloc web \u00e9s el Responsable del tractament de les dades personals de l&#8217;usuari, per la [&hellip;]<\/p>\n","protected":false},"author":1,"featured_media":0,"parent":0,"menu_order":0,"comment_status":"closed","ping_status":"open","template":"","meta":{"footnotes":""},"class_list":["post-1182","page","type-page","status-publish","hentry"],"yoast_head":"<!-- This site is optimized with the Yoast SEO plugin v27.4 - https:\/\/yoast.com\/product\/yoast-seo-wordpress\/ -->\n<title>Pol\u00edtica de privacitat - Espai Idiomes<\/title>\n<meta name=\"robots\" content=\"index, follow, max-snippet:-1, max-image-preview:large, max-video-preview:-1\" \/>\n<link rel=\"canonical\" href=\"https:\/\/espaidiomes.cat\/en\/politica-de-privacitat\/\" \/>\n<meta property=\"og:locale\" content=\"en_GB\" \/>\n<meta property=\"og:type\" content=\"article\" \/>\n<meta property=\"og:title\" content=\"Pol\u00edtica de privacitat - Espai Idiomes\" \/>\n<meta property=\"og:description\" content=\"Pol\u00edtica de privacitat 1.- INFORMACI\u00d3 AL USUARI El lloc web informa els usuaris sobre la seva pol\u00edtica de tractament i protecci\u00f3 de les dades personals dels usuaris i clients que puguin ser sol\u00b7licitades durant la navegaci\u00f3 pel lloc web. El lloc web \u00e9s el Responsable del tractament de les dades personals de l&#8217;usuari, per la [&hellip;]\" \/>\n<meta property=\"og:url\" content=\"https:\/\/espaidiomes.cat\/en\/politica-de-privacitat\/\" \/>\n<meta property=\"og:site_name\" content=\"Espai Idiomes\" \/>\n<meta property=\"article:modified_time\" content=\"2024-05-15T15:03:32+00:00\" \/>\n<meta name=\"twitter:card\" content=\"summary_large_image\" \/>\n<meta name=\"twitter:label1\" content=\"Estimated reading time\" \/>\n\t<meta name=\"twitter:data1\" content=\"3 minutes\" \/>\n<script type=\"application\/ld+json\" class=\"yoast-schema-graph\">{\"@context\":\"https:\\\/\\\/schema.org\",\"@graph\":[{\"@type\":\"WebPage\",\"@id\":\"https:\\\/\\\/espaidiomes.cat\\\/politica-de-privacitat\",\"url\":\"https:\\\/\\\/espaidiomes.cat\\\/politica-de-privacitat\",\"name\":\"Pol\u00edtica de privacitat - Espai Idiomes\",\"isPartOf\":{\"@id\":\"https:\\\/\\\/espaidiomes.cat\\\/#website\"},\"datePublished\":\"2024-04-30T06:43:49+00:00\",\"dateModified\":\"2024-05-15T15:03:32+00:00\",\"breadcrumb\":{\"@id\":\"https:\\\/\\\/espaidiomes.cat\\\/politica-de-privacitat#breadcrumb\"},\"inLanguage\":\"en-GB\",\"potentialAction\":[{\"@type\":\"ReadAction\",\"target\":[\"https:\\\/\\\/espaidiomes.cat\\\/politica-de-privacitat\"]}]},{\"@type\":\"BreadcrumbList\",\"@id\":\"https:\\\/\\\/espaidiomes.cat\\\/politica-de-privacitat#breadcrumb\",\"itemListElement\":[{\"@type\":\"ListItem\",\"position\":1,\"name\":\"Portada\",\"item\":\"https:\\\/\\\/espaidiomes.cat\\\/\"},{\"@type\":\"ListItem\",\"position\":2,\"name\":\"Pol\u00edtica de privacitat\"}]},{\"@type\":\"WebSite\",\"@id\":\"https:\\\/\\\/espaidiomes.cat\\\/#website\",\"url\":\"https:\\\/\\\/espaidiomes.cat\\\/\",\"name\":\"Espai idiomes\",\"description\":\"Academia de refer\u00e8ncia per l\u2019aprenentatge i perfeccionament d\u2019idiomes\",\"publisher\":{\"@id\":\"https:\\\/\\\/espaidiomes.cat\\\/#organization\"},\"potentialAction\":[{\"@type\":\"SearchAction\",\"target\":{\"@type\":\"EntryPoint\",\"urlTemplate\":\"https:\\\/\\\/espaidiomes.cat\\\/?s={search_term_string}\"},\"query-input\":{\"@type\":\"PropertyValueSpecification\",\"valueRequired\":true,\"valueName\":\"search_term_string\"}}],\"inLanguage\":\"en-GB\"},{\"@type\":\"Organization\",\"@id\":\"https:\\\/\\\/espaidiomes.cat\\\/#organization\",\"name\":\"Espai idiomes\",\"url\":\"https:\\\/\\\/espaidiomes.cat\\\/\",\"logo\":{\"@type\":\"ImageObject\",\"inLanguage\":\"en-GB\",\"@id\":\"https:\\\/\\\/espaidiomes.cat\\\/#\\\/schema\\\/logo\\\/image\\\/\",\"url\":\"https:\\\/\\\/espaidiomes.cat\\\/wp-content\\\/uploads\\\/2024\\\/04\\\/language_schoollogo.png\",\"contentUrl\":\"https:\\\/\\\/espaidiomes.cat\\\/wp-content\\\/uploads\\\/2024\\\/04\\\/language_schoollogo.png\",\"width\":4320,\"height\":2430,\"caption\":\"Espai idiomes\"},\"image\":{\"@id\":\"https:\\\/\\\/espaidiomes.cat\\\/#\\\/schema\\\/logo\\\/image\\\/\"}}]}<\/script>\n<!-- \/ Yoast SEO plugin. -->","yoast_head_json":{"title":"Privacy Policy - Espai Idiomes","robots":{"index":"index","follow":"follow","max-snippet":"max-snippet:-1","max-image-preview":"max-image-preview:large","max-video-preview":"max-video-preview:-1"},"canonical":"https:\/\/espaidiomes.cat\/en\/politica-de-privacitat\/","og_locale":"en_GB","og_type":"article","og_title":"Pol\u00edtica de privacitat - Espai Idiomes","og_description":"Pol\u00edtica de privacitat 1.- INFORMACI\u00d3 AL USUARI El lloc web informa els usuaris sobre la seva pol\u00edtica de tractament i protecci\u00f3 de les dades personals dels usuaris i clients que puguin ser sol\u00b7licitades durant la navegaci\u00f3 pel lloc web. El lloc web \u00e9s el Responsable del tractament de les dades personals de l&#8217;usuari, per la [&hellip;]","og_url":"https:\/\/espaidiomes.cat\/en\/politica-de-privacitat\/","og_site_name":"Espai Idiomes","article_modified_time":"2024-05-15T15:03:32+00:00","twitter_card":"summary_large_image","twitter_misc":{"Estimated reading time":"3 minutes"},"schema":{"@context":"https:\/\/schema.org","@graph":[{"@type":"WebPage","@id":"https:\/\/espaidiomes.cat\/politica-de-privacitat","url":"https:\/\/espaidiomes.cat\/politica-de-privacitat","name":"Privacy Policy - Espai Idiomes","isPartOf":{"@id":"https:\/\/espaidiomes.cat\/#website"},"datePublished":"2024-04-30T06:43:49+00:00","dateModified":"2024-05-15T15:03:32+00:00","breadcrumb":{"@id":"https:\/\/espaidiomes.cat\/politica-de-privacitat#breadcrumb"},"inLanguage":"en-GB","potentialAction":[{"@type":"ReadAction","target":["https:\/\/espaidiomes.cat\/politica-de-privacitat"]}]},{"@type":"BreadcrumbList","@id":"https:\/\/espaidiomes.cat\/politica-de-privacitat#breadcrumb","itemListElement":[{"@type":"ListItem","position":1,"name":"Portada","item":"https:\/\/espaidiomes.cat\/"},{"@type":"ListItem","position":2,"name":"Pol\u00edtica de privacitat"}]},{"@type":"WebSite","@id":"https:\/\/espaidiomes.cat\/#website","url":"https:\/\/espaidiomes.cat\/","name":"Language space","description":"Academy of reference for language learning and improvement","publisher":{"@id":"https:\/\/espaidiomes.cat\/#organization"},"potentialAction":[{"@type":"SearchAction","target":{"@type":"EntryPoint","urlTemplate":"https:\/\/espaidiomes.cat\/?s={search_term_string}"},"query-input":{"@type":"PropertyValueSpecification","valueRequired":true,"valueName":"search_term_string"}}],"inLanguage":"en-GB"},{"@type":"Organization","@id":"https:\/\/espaidiomes.cat\/#organization","name":"Language space","url":"https:\/\/espaidiomes.cat\/","logo":{"@type":"ImageObject","inLanguage":"en-GB","@id":"https:\/\/espaidiomes.cat\/#\/schema\/logo\/image\/","url":"https:\/\/espaidiomes.cat\/wp-content\/uploads\/2024\/04\/language_schoollogo.png","contentUrl":"https:\/\/espaidiomes.cat\/wp-content\/uploads\/2024\/04\/language_schoollogo.png","width":4320,"height":2430,"caption":"Espai idiomes"},"image":{"@id":"https:\/\/espaidiomes.cat\/#\/schema\/logo\/image\/"}}]}},"_links":{"self":[{"href":"https:\/\/espaidiomes.cat\/en\/wp-json\/wp\/v2\/pages\/1182","targetHints":{"allow":["GET"]}}],"collection":[{"href":"https:\/\/espaidiomes.cat\/en\/wp-json\/wp\/v2\/pages"}],"about":[{"href":"https:\/\/espaidiomes.cat\/en\/wp-json\/wp\/v2\/types\/page"}],"author":[{"embeddable":true,"href":"https:\/\/espaidiomes.cat\/en\/wp-json\/wp\/v2\/users\/1"}],"replies":[{"embeddable":true,"href":"https:\/\/espaidiomes.cat\/en\/wp-json\/wp\/v2\/comments?post=1182"}],"version-history":[{"count":16,"href":"https:\/\/espaidiomes.cat\/en\/wp-json\/wp\/v2\/pages\/1182\/revisions"}],"predecessor-version":[{"id":3005,"href":"https:\/\/espaidiomes.cat\/en\/wp-json\/wp\/v2\/pages\/1182\/revisions\/3005"}],"wp:attachment":[{"href":"https:\/\/espaidiomes.cat\/en\/wp-json\/wp\/v2\/media?parent=1182"}],"curies":[{"name":"wp","href":"https:\/\/api.w.org\/{rel}","templated":true}]}}