{"id":1175,"date":"2024-04-30T06:42:29","date_gmt":"2024-04-30T06:42:29","guid":{"rendered":"https:\/\/espaidiomes.cat\/?page_id=1175"},"modified":"2024-05-15T15:05:54","modified_gmt":"2024-05-15T15:05:54","slug":"avis-legal","status":"publish","type":"page","link":"https:\/\/espaidiomes.cat\/es\/avis-legal","title":{"rendered":"Aviso Legal"},"content":{"rendered":"<div data-elementor-type=\"wp-page\" data-elementor-id=\"1175\" class=\"elementor elementor-1175\" data-elementor-post-type=\"page\">\n\t\t\t\t<div class=\"elementor-element elementor-element-acc8a53 e-flex e-con-boxed e-con e-parent\" data-id=\"acc8a53\" data-element_type=\"container\">\n\t\t\t\t\t<div class=\"e-con-inner\">\n\t\t\t\t<div class=\"elementor-element elementor-element-599e1ff0 elementor-widget elementor-widget-heading\" data-id=\"599e1ff0\" data-element_type=\"widget\" data-widget_type=\"heading.default\">\n\t\t\t\t<div class=\"elementor-widget-container\">\n\t\t\t\t\t<h1 class=\"elementor-heading-title elementor-size-default\">Aviso legal<\/h1>\t\t\t\t<\/div>\n\t\t\t\t<\/div>\n\t\t\t\t<div class=\"elementor-element elementor-element-1ed2c867 elementor-widget elementor-widget-heading\" data-id=\"1ed2c867\" data-element_type=\"widget\" data-widget_type=\"heading.default\">\n\t\t\t\t<div class=\"elementor-widget-container\">\n\t\t\t\t\t<h2 class=\"elementor-heading-title elementor-size-default\">Responsable del tratamiento de los datos<\/h2>\t\t\t\t<\/div>\n\t\t\t\t<\/div>\n\t\t\t\t<div class=\"elementor-element elementor-element-43df8289 elementor-widget elementor-widget-text-editor\" data-id=\"43df8289\" data-element_type=\"widget\" data-widget_type=\"text-editor.default\">\n\t\t\t\t<div class=\"elementor-widget-container\">\n\t\t\t\t\t\t\t\t\t<p>En cumplimiento del deber de informaci\u00f3n establecido por la Ley 34\/2002, de 11 de julio, de Servicios de la Sociedad de la Informaci\u00f3n y de Comercio Electr\u00f3nico, le informamos que este sitio web es propiedad de:<\/p><ul><li>Web: <a href=\"https:\/\/espaidiomes.cat\/es\/\">http:\/\/www.espaidiomes.cat\/<\/a><\/li><li>Nombre: ESPACIO IDIOMAS SL<\/li><li>Direcci\u00f3n: C\/. SANT PERE, 11 BAJOS (082) \u2013 RUB\u00cd \u2013 Barcelona<\/li><li>Tel\u00e9fono: 699 211 127<\/li><li>Correo electr\u00f3nico: <a href=\"mailto:espaidiomes@gmail.com\">espaidiomes@gmail.com<\/a><\/li><\/ul>\t\t\t\t\t\t\t\t<\/div>\n\t\t\t\t<\/div>\n\t\t\t\t\t<\/div>\n\t\t\t\t<\/div>\n\t\t<div class=\"elementor-element elementor-element-755d0479 e-flex e-con-boxed e-con e-parent\" data-id=\"755d0479\" data-element_type=\"container\">\n\t\t\t\t\t<div class=\"e-con-inner\">\n\t\t\t\t<div class=\"elementor-element elementor-element-51092aec elementor-widget elementor-widget-heading\" data-id=\"51092aec\" data-element_type=\"widget\" data-widget_type=\"heading.default\">\n\t\t\t\t<div class=\"elementor-widget-container\">\n\t\t\t\t\t<h2 class=\"elementor-heading-title elementor-size-default\">Objeto<\/h2>\t\t\t\t<\/div>\n\t\t\t\t<\/div>\n\t\t\t\t<div class=\"elementor-element elementor-element-472af6ce elementor-widget elementor-widget-text-editor\" data-id=\"472af6ce\" data-element_type=\"widget\" data-widget_type=\"text-editor.default\">\n\t\t\t\t<div class=\"elementor-widget-container\">\n\t\t\t\t\t\t\t\t\tEl Responsable pone a disposici\u00f3n de los usuarios este documento con el objetivo de dar cumplimiento a lo que dispone la normativa vigente en materia de protecci\u00f3n de datos. Esto se marca en el contexto del nuevo marco normativo establecido seg\u00fan lo dispuesto en el Reglamento (UE) 2016\/679 del Parlamento Europeo y del Consejo, de 27 de abril de 2016, relativo a la protecci\u00f3n de las personas f\u00edsicas con respecto al tratamiento de datos personales ya la libre circulaci\u00f3n de estos datos (en adelante, el \u201cRGPD\u201d), as\u00ed como en la normativa nacional sobre protecci\u00f3n de datos personales. Adem\u00e1s, se informa a todos los usuarios del sitio web sobre las condiciones de uso del mismo. Cada persona que acceda a este sitio web asume el rol de usuario, comprometi\u00e9ndose a cumplir rigurosamente con las disposiciones aqu\u00ed establecidas, as\u00ed como con cualquier otra disposici\u00f3n legal aplicable. El Responsable se reserva el derecho de modificar cualquier informaci\u00f3n que aparezca en el sitio web, sin la obligaci\u00f3n de preavisar o notificar a los usuarios estos cambios. Se considerar\u00e1 suficiente la publicaci\u00f3n de estas modificaciones en el sitio web del Responsable.\t\t\t\t\t\t\t\t<\/div>\n\t\t\t\t<\/div>\n\t\t\t\t\t<\/div>\n\t\t\t\t<\/div>\n\t\t<div class=\"elementor-element elementor-element-46308baa e-flex e-con-boxed e-con e-parent\" data-id=\"46308baa\" data-element_type=\"container\">\n\t\t\t\t\t<div class=\"e-con-inner\">\n\t\t\t\t<div class=\"elementor-element elementor-element-1c939688 elementor-widget elementor-widget-heading\" data-id=\"1c939688\" data-element_type=\"widget\" data-widget_type=\"heading.default\">\n\t\t\t\t<div class=\"elementor-widget-container\">\n\t\t\t\t\t<h2 class=\"elementor-heading-title elementor-size-default\">Responsabilidad<\/h2>\t\t\t\t<\/div>\n\t\t\t\t<\/div>\n\t\t\t\t<div class=\"elementor-element elementor-element-223cf1cf elementor-widget elementor-widget-text-editor\" data-id=\"223cf1cf\" data-element_type=\"widget\" data-widget_type=\"text-editor.default\">\n\t\t\t\t<div class=\"elementor-widget-container\">\n\t\t\t\t\t\t\t\t\tEl Responsable se libra de cualquier tipo de responsabilidad derivada de la informaci\u00f3n publicada en su sitio web, siempre y cuando esta informaci\u00f3n haya sido manipulada o introducida por un tercero ajeno al mismo.\n\n\n\n\n\n\n\t\t\t\t\t\t\t\t<\/div>\n\t\t\t\t<\/div>\n\t\t\t\t\t<\/div>\n\t\t\t\t<\/div>\n\t\t<div class=\"elementor-element elementor-element-3a39adc2 e-flex e-con-boxed e-con e-parent\" data-id=\"3a39adc2\" data-element_type=\"container\">\n\t\t\t\t\t<div class=\"e-con-inner\">\n\t\t\t\t<div class=\"elementor-element elementor-element-4444becc elementor-widget elementor-widget-heading\" data-id=\"4444becc\" data-element_type=\"widget\" data-widget_type=\"heading.default\">\n\t\t\t\t<div class=\"elementor-widget-container\">\n\t\t\t\t\t<h2 class=\"elementor-heading-title elementor-size-default\">Direcciones IP<\/h2>\t\t\t\t<\/div>\n\t\t\t\t<\/div>\n\t\t\t\t<div class=\"elementor-element elementor-element-56b45ca5 elementor-widget elementor-widget-text-editor\" data-id=\"56b45ca5\" data-element_type=\"widget\" data-widget_type=\"text-editor.default\">\n\t\t\t\t<div class=\"elementor-widget-container\">\n\t\t\t\t\t\t\t\t\tLos servidores del sitio web pueden detectar autom\u00e1ticamente la direcci\u00f3n IP y el nombre de dominio utilizados por el usuario. Una direcci\u00f3n IP es un n\u00famero asignado autom\u00e1ticamente a un ordenador cuando \u00e9ste se conecta a Internet. Toda esta informaci\u00f3n queda registrada en un fichero de actividad del servidor, debidamente inscrito, que permite el posterior procesamiento de los datos para obtener medidas \u00fanicamente estad\u00edsticas que permitan conocer el n\u00famero de impresiones de p\u00e1ginas, el n\u00famero de visitas realizadas a los servidores web, el orden de visitas, el punto de acceso, etc.\n\n\n\n\n\n\n\t\t\t\t\t\t\t\t<\/div>\n\t\t\t\t<\/div>\n\t\t\t\t\t<\/div>\n\t\t\t\t<\/div>\n\t\t<div class=\"elementor-element elementor-element-62f3ee3f e-flex e-con-boxed e-con e-parent\" data-id=\"62f3ee3f\" data-element_type=\"container\">\n\t\t\t\t\t<div class=\"e-con-inner\">\n\t\t\t\t<div class=\"elementor-element elementor-element-57974381 elementor-widget elementor-widget-heading\" data-id=\"57974381\" data-element_type=\"widget\" data-widget_type=\"heading.default\">\n\t\t\t\t<div class=\"elementor-widget-container\">\n\t\t\t\t\t<h2 class=\"elementor-heading-title elementor-size-default\">Pol\u00edtica de enlaces<\/h2>\t\t\t\t<\/div>\n\t\t\t\t<\/div>\n\t\t\t\t<div class=\"elementor-element elementor-element-4e1a5b9b elementor-widget elementor-widget-text-editor\" data-id=\"4e1a5b9b\" data-element_type=\"widget\" data-widget_type=\"text-editor.default\">\n\t\t\t\t<div class=\"elementor-widget-container\">\n\t\t\t\t\t\t\t\t\t<p>Desde este sitio web es posible que se redirija a contenidos de terceros sitios web. Dado que El Responsable no puede controlar siempre los contenidos introducidos por los terceros en sus sitios web, \u00e9ste no asume ning\u00fan tipo de responsabilidad respecto a estos contenidos. En todo caso, El Responsable manifiesta que proceder\u00e1 a la retirada inmediata de cualquier contenido que pudiera contravenir la legislaci\u00f3n nacional o internacional, la moral o el orden p\u00fablico, procediendo a la retirada inmediata de la redirecci\u00f3n a este sitio web, poniendo en conocimiento de las autoridades competentes el contenido en cuesti\u00f3n.<\/p><p>El Responsable no se hace responsable de la informaci\u00f3n y contenidos almacenados, a t\u00edtulo enunciativo pero no limitativo, en foros, chats, generadores de blogs, comentarios, redes sociales o cualquier otro medio que permita a terceros publicar contenidos de forma independiente en la p\u00e1gina web del Responsable. Sin embargo y en cumplimiento de lo dispuesto en el art. 11 y 16 de la LSSICE, El Responsable se pondr\u00e1 a disposici\u00f3n de todos los usuarios, autoridades y fuerzas de seguridad, colaborando de forma activa en la retirada o en su caso bloqueo de todos aquellos contenidos que pudieran afectar o contravenir la legislaci\u00f3n nacional, o internacional, derechos de terceros o la moral y el orden p\u00fablico. En caso de que el usuario considere que existe en el sitio web alg\u00fan contenido que pudiera ser susceptible de esta clasificaci\u00f3n,<\/p><p>Este sitio web ha sido revisado y probado para que funcione correctamente. En principio, puede garantizarse el correcto funcionamiento los 365 d\u00edas del a\u00f1o, 24 horas al d\u00eda. No obstante, El Responsable no descarta la posibilidad de que existan ciertos errores de programaci\u00f3n, o que se conviertan en causas de fuerza mayor, cat\u00e1strofes naturales, huelgas, o circunstancias similares que hayan imposible el acceso a la p\u00e1gina web.<\/p>\t\t\t\t\t\t\t\t<\/div>\n\t\t\t\t<\/div>\n\t\t\t\t\t<\/div>\n\t\t\t\t<\/div>\n\t\t<div class=\"elementor-element elementor-element-8baa62e e-flex e-con-boxed e-con e-parent\" data-id=\"8baa62e\" data-element_type=\"container\">\n\t\t\t\t\t<div class=\"e-con-inner\">\n\t\t\t\t<div class=\"elementor-element elementor-element-655c1bc8 elementor-widget elementor-widget-heading\" data-id=\"655c1bc8\" data-element_type=\"widget\" data-widget_type=\"heading.default\">\n\t\t\t\t<div class=\"elementor-widget-container\">\n\t\t\t\t\t<h2 class=\"elementor-heading-title elementor-size-default\">Protecci\u00f3n de datos\n<\/h2>\t\t\t\t<\/div>\n\t\t\t\t<\/div>\n\t\t\t\t<div class=\"elementor-element elementor-element-75e36065 elementor-widget elementor-widget-text-editor\" data-id=\"75e36065\" data-element_type=\"widget\" data-widget_type=\"text-editor.default\">\n\t\t\t\t<div class=\"elementor-widget-container\">\n\t\t\t\t\t\t\t\t\t<p>El Responsable se encuentra profundamente comprometido con el cumplimiento de lo dispuesto en la normativa vigente en materia de protecci\u00f3n de datos, en el marco del nuevo marco normativo establecido seg\u00fan lo dispuesto en el Reglamento (UE) 2016\/679 del Parlamento Europeo y del Consejo, de 27 de abril de 2016, relativo a la protecci\u00f3n de las personas f\u00edsicas en cuanto al tratamiento de datos personales ya la libre circulaci\u00f3n de estos datos (en adelante, el RGPD), as\u00ed como en la normativa nacional sobre protecci\u00f3n de datos de car\u00e1cter personal.<\/p><p>Adem\u00e1s, El Responsable informa que da cumplimiento a la Ley 34\/2002, de 11 de julio, de Servicios de la Sociedad de la Informaci\u00f3n y de Comercio Electr\u00f3nico y solicitar\u00e1 el consentimiento para el tratamiento de sus datos con fines comerciales en cada momento.<\/p>\t\t\t\t\t\t\t\t<\/div>\n\t\t\t\t<\/div>\n\t\t\t\t\t<\/div>\n\t\t\t\t<\/div>\n\t\t<div class=\"elementor-element elementor-element-316525ed e-flex e-con-boxed e-con e-parent\" data-id=\"316525ed\" data-element_type=\"container\">\n\t\t\t\t\t<div class=\"e-con-inner\">\n\t\t\t\t<div class=\"elementor-element elementor-element-7794472c elementor-widget elementor-widget-heading\" data-id=\"7794472c\" data-element_type=\"widget\" data-widget_type=\"heading.default\">\n\t\t\t\t<div class=\"elementor-widget-container\">\n\t\t\t\t\t<h2 class=\"elementor-heading-title elementor-size-default\">Propiedad intelectual e industrial\n<\/h2>\t\t\t\t<\/div>\n\t\t\t\t<\/div>\n\t\t\t\t<div class=\"elementor-element elementor-element-502fa2b0 elementor-widget elementor-widget-text-editor\" data-id=\"502fa2b0\" data-element_type=\"widget\" data-widget_type=\"text-editor.default\">\n\t\t\t\t<div class=\"elementor-widget-container\">\n\t\t\t\t\t\t\t\t\t<p>El sitio web, incluyendo a t\u00edtulo enunciativo pero no limitativo su programaci\u00f3n, edici\u00f3n, compilaci\u00f3n y otros elementos necesarios para su funcionamiento, los dise\u00f1os, logotipos, texto y\/o gr\u00e1ficos son propiedad del Responsable o, en su caso, dispone de licencia o autorizaci\u00f3n expresa por parte de los autores.<\/p><p>Todos los contenidos del sitio web est\u00e1n debidamente protegidos por la normativa de propiedad intelectual e industrial.<\/p><p>Independientemente de la finalidad para la que fuesen destinados, la reproducci\u00f3n total o parcial, uso, explotaci\u00f3n, distribuci\u00f3n y comercializaci\u00f3n requiere en todo caso la autorizaci\u00f3n previa por escrito por parte del Responsable. Cualquier uso no autorizado previamente por el responsable ser\u00e1 considerado un incumplimiento grave de los derechos de propiedad intelectual o industrial del autor.<\/p><p>Los dise\u00f1os, logotipos, texto y\/o gr\u00e1ficos ajenos al prestamista y que puedan aparecer en el sitio web, pertenecen a sus respectivos propietarios, siendo ellos mismos responsables de cualquier posible controversia que pudiera surgir respecto a los mismos. En cualquier caso, el Responsable cuenta con la autorizaci\u00f3n expresa y previa por parte de los mismos.<\/p><p>El Responsable autoriza expresamente a que terceros puedan redirigir directamente a los contenidos concretos del sitio web, y en todo caso debe redirigir a la p\u00e1gina principal del sitio web del Responsable.<\/p><p>El Responsable reconoce a favor de sus titulares los correspondientes derechos de propiedad intelectual e industrial, y no implica su sola menci\u00f3n o aparici\u00f3n en el sitio web la existencia de derechos o responsabilidad del Responsable sobre \u00e9stos, as\u00ed como soporte, patrocinio o recomendaci\u00f3n por su parte.<\/p><p>Para todas aquellas im\u00e1genes en las que el software de dise\u00f1o lo permite, se han incluido las referencias correspondientes a la autor\u00eda y la licencia correspondiente.<\/p><p>Para realizar cualquier tipo de observaci\u00f3n respecto a posibles incumplimientos de los derechos de propiedad intelectual o industrial, as\u00ed como sobre cualquiera de los contenidos del sitio web, puede hacerlo a trav\u00e9s del siguiente correo electr\u00f3nico: <a href=\"mailto:espaidiomes@gmail.com\">espaidiomes@gmail.com<\/a><\/p>\t\t\t\t\t\t\t\t<\/div>\n\t\t\t\t<\/div>\n\t\t\t\t\t<\/div>\n\t\t\t\t<\/div>\n\t\t\t\t<\/div>","protected":false},"excerpt":{"rendered":"<p>Aviso legal Responsable del tratamiento de los datos En cumplimiento del deber de informaci\u00f3n establecido por la Ley 34\/2002, de 11 de julio, de Servicios de la Sociedad de la Informaci\u00f3n y de Comercio Electr\u00f3nico, le informamos que este sitio web es propiedad de : Web: http:\/\/www.espaidiomes.cat\/ Nombre: ESPAI IDIOMES SL Direcci\u00f3n: C\/. SAN PEDRO, 11 BAJOS [\u2026]<\/p>","protected":false},"author":1,"featured_media":0,"parent":0,"menu_order":0,"comment_status":"closed","ping_status":"closed","template":"","meta":{"footnotes":""},"class_list":["post-1175","page","type-page","status-publish","hentry"],"yoast_head":"<!-- This site is optimized with the Yoast SEO plugin v25.7 - https:\/\/yoast.com\/wordpress\/plugins\/seo\/ -->\n<title>Avis Legal - Espai Idiomes<\/title>\n<meta name=\"robots\" content=\"index, follow, max-snippet:-1, max-image-preview:large, max-video-preview:-1\" \/>\n<link rel=\"canonical\" href=\"https:\/\/espaidiomes.cat\/es\/avis-legal\/\" \/>\n<meta property=\"og:locale\" content=\"es_ES\" \/>\n<meta property=\"og:type\" content=\"article\" \/>\n<meta property=\"og:title\" content=\"Avis Legal - Espai Idiomes\" \/>\n<meta property=\"og:description\" content=\"Avis legal Responsable del tractament de les dades En compliment del deure d&#8217;informaci\u00f3 establert per la Llei 34\/2002, del 11 de juliol, de Serveis de la Societat de la Informaci\u00f3 i de Comer\u00e7 Electr\u00f2nic, us informem que aquest lloc web \u00e9s propietat de: Web: http:\/\/www.espaidiomes.cat\/ Nom: ESPAI IDIOMES SL Adre\u00e7a: C\/. SANT PERE, 11 BAIXOS [&hellip;]\" \/>\n<meta property=\"og:url\" content=\"https:\/\/espaidiomes.cat\/es\/avis-legal\/\" \/>\n<meta property=\"og:site_name\" content=\"Espai Idiomes\" \/>\n<meta property=\"article:modified_time\" content=\"2024-05-15T15:05:54+00:00\" \/>\n<meta name=\"twitter:card\" content=\"summary_large_image\" \/>\n<meta name=\"twitter:label1\" content=\"Tiempo de lectura\" \/>\n\t<meta name=\"twitter:data1\" content=\"6 minutos\" \/>\n<script type=\"application\/ld+json\" class=\"yoast-schema-graph\">{\"@context\":\"https:\/\/schema.org\",\"@graph\":[{\"@type\":\"WebPage\",\"@id\":\"https:\/\/espaidiomes.cat\/avis-legal\",\"url\":\"https:\/\/espaidiomes.cat\/avis-legal\",\"name\":\"Avis Legal - Espai Idiomes\",\"isPartOf\":{\"@id\":\"https:\/\/espaidiomes.cat\/#website\"},\"datePublished\":\"2024-04-30T06:42:29+00:00\",\"dateModified\":\"2024-05-15T15:05:54+00:00\",\"breadcrumb\":{\"@id\":\"https:\/\/espaidiomes.cat\/avis-legal#breadcrumb\"},\"inLanguage\":\"es\",\"potentialAction\":[{\"@type\":\"ReadAction\",\"target\":[\"https:\/\/espaidiomes.cat\/avis-legal\"]}]},{\"@type\":\"BreadcrumbList\",\"@id\":\"https:\/\/espaidiomes.cat\/avis-legal#breadcrumb\",\"itemListElement\":[{\"@type\":\"ListItem\",\"position\":1,\"name\":\"Portada\",\"item\":\"https:\/\/espaidiomes.cat\/\"},{\"@type\":\"ListItem\",\"position\":2,\"name\":\"Avis Legal\"}]},{\"@type\":\"WebSite\",\"@id\":\"https:\/\/espaidiomes.cat\/#website\",\"url\":\"https:\/\/espaidiomes.cat\/\",\"name\":\"Espai idiomes\",\"description\":\"Academia de refer\u00e8ncia per l\u2019aprenentatge i perfeccionament d\u2019idiomes\",\"publisher\":{\"@id\":\"https:\/\/espaidiomes.cat\/#organization\"},\"potentialAction\":[{\"@type\":\"SearchAction\",\"target\":{\"@type\":\"EntryPoint\",\"urlTemplate\":\"https:\/\/espaidiomes.cat\/?s={search_term_string}\"},\"query-input\":{\"@type\":\"PropertyValueSpecification\",\"valueRequired\":true,\"valueName\":\"search_term_string\"}}],\"inLanguage\":\"es\"},{\"@type\":\"Organization\",\"@id\":\"https:\/\/espaidiomes.cat\/#organization\",\"name\":\"Espai idiomes\",\"url\":\"https:\/\/espaidiomes.cat\/\",\"logo\":{\"@type\":\"ImageObject\",\"inLanguage\":\"es\",\"@id\":\"https:\/\/espaidiomes.cat\/#\/schema\/logo\/image\/\",\"url\":\"https:\/\/espaidiomes.cat\/wp-content\/uploads\/2024\/04\/language_schoollogo.png\",\"contentUrl\":\"https:\/\/espaidiomes.cat\/wp-content\/uploads\/2024\/04\/language_schoollogo.png\",\"width\":4320,\"height\":2430,\"caption\":\"Espai idiomes\"},\"image\":{\"@id\":\"https:\/\/espaidiomes.cat\/#\/schema\/logo\/image\/\"}}]}<\/script>\n<!-- \/ Yoast SEO plugin. -->","yoast_head_json":{"title":"Aviso Legal - Espacio Idiomas","robots":{"index":"index","follow":"follow","max-snippet":"max-snippet:-1","max-image-preview":"max-image-preview:large","max-video-preview":"max-video-preview:-1"},"canonical":"https:\/\/espaidiomes.cat\/es\/avis-legal\/","og_locale":"es_ES","og_type":"article","og_title":"Avis Legal - Espai Idiomes","og_description":"Avis legal Responsable del tractament de les dades En compliment del deure d&#8217;informaci\u00f3 establert per la Llei 34\/2002, del 11 de juliol, de Serveis de la Societat de la Informaci\u00f3 i de Comer\u00e7 Electr\u00f2nic, us informem que aquest lloc web \u00e9s propietat de: Web: http:\/\/www.espaidiomes.cat\/ Nom: ESPAI IDIOMES SL Adre\u00e7a: C\/. SANT PERE, 11 BAIXOS [&hellip;]","og_url":"https:\/\/espaidiomes.cat\/es\/avis-legal\/","og_site_name":"Espai Idiomes","article_modified_time":"2024-05-15T15:05:54+00:00","twitter_card":"summary_large_image","twitter_misc":{"Tiempo de lectura":"6 minutos"},"schema":{"@context":"https:\/\/schema.org","@graph":[{"@type":"WebPage","@id":"https:\/\/espaidiomes.cat\/avis-legal","url":"https:\/\/espaidiomes.cat\/avis-legal","name":"Aviso Legal - Espacio Idiomas","isPartOf":{"@id":"https:\/\/espaidiomes.cat\/#website"},"datePublished":"2024-04-30T06:42:29+00:00","dateModified":"2024-05-15T15:05:54+00:00","breadcrumb":{"@id":"https:\/\/espaidiomes.cat\/avis-legal#breadcrumb"},"inLanguage":"es","potentialAction":[{"@type":"ReadAction","target":["https:\/\/espaidiomes.cat\/avis-legal"]}]},{"@type":"BreadcrumbList","@id":"https:\/\/espaidiomes.cat\/avis-legal#breadcrumb","itemListElement":[{"@type":"ListItem","position":1,"name":"Portada","item":"https:\/\/espaidiomes.cat\/"},{"@type":"ListItem","position":2,"name":"Avis Legal"}]},{"@type":"WebSite","@id":"https:\/\/espaidiomes.cat\/#website","url":"https:\/\/espaidiomes.cat\/","name":"Espacio idiomas","description":"Academia de referencia por el aprendizaje y perfeccionamiento de idiomas","publisher":{"@id":"https:\/\/espaidiomes.cat\/#organization"},"potentialAction":[{"@type":"SearchAction","target":{"@type":"EntryPoint","urlTemplate":"https:\/\/espaidiomes.cat\/?s={search_term_string}"},"query-input":{"@type":"PropertyValueSpecification","valueRequired":true,"valueName":"search_term_string"}}],"inLanguage":"es"},{"@type":"Organization","@id":"https:\/\/espaidiomes.cat\/#organization","name":"Espacio idiomas","url":"https:\/\/espaidiomes.cat\/","logo":{"@type":"ImageObject","inLanguage":"es","@id":"https:\/\/espaidiomes.cat\/#\/schema\/logo\/image\/","url":"https:\/\/espaidiomes.cat\/wp-content\/uploads\/2024\/04\/language_schoollogo.png","contentUrl":"https:\/\/espaidiomes.cat\/wp-content\/uploads\/2024\/04\/language_schoollogo.png","width":4320,"height":2430,"caption":"Espai idiomes"},"image":{"@id":"https:\/\/espaidiomes.cat\/#\/schema\/logo\/image\/"}}]}},"_links":{"self":[{"href":"https:\/\/espaidiomes.cat\/es\/wp-json\/wp\/v2\/pages\/1175","targetHints":{"allow":["GET"]}}],"collection":[{"href":"https:\/\/espaidiomes.cat\/es\/wp-json\/wp\/v2\/pages"}],"about":[{"href":"https:\/\/espaidiomes.cat\/es\/wp-json\/wp\/v2\/types\/page"}],"author":[{"embeddable":true,"href":"https:\/\/espaidiomes.cat\/es\/wp-json\/wp\/v2\/users\/1"}],"replies":[{"embeddable":true,"href":"https:\/\/espaidiomes.cat\/es\/wp-json\/wp\/v2\/comments?post=1175"}],"version-history":[{"count":0,"href":"https:\/\/espaidiomes.cat\/es\/wp-json\/wp\/v2\/pages\/1175\/revisions"}],"wp:attachment":[{"href":"https:\/\/espaidiomes.cat\/es\/wp-json\/wp\/v2\/media?parent=1175"}],"curies":[{"name":"wp","href":"https:\/\/api.w.org\/{rel}","templated":true}]}}