{"id":1182,"date":"2024-04-30T06:43:49","date_gmt":"2024-04-30T06:43:49","guid":{"rendered":"https:\/\/espaidiomes.cat\/?page_id=1182"},"modified":"2024-05-15T15:03:32","modified_gmt":"2024-05-15T15:03:32","slug":"politica-de-privacitat","status":"publish","type":"page","link":"https:\/\/espaidiomes.cat\/es\/politica-de-privacitat","title":{"rendered":"Pol\u00edtica de privacidad"},"content":{"rendered":"<div data-elementor-type=\"wp-page\" data-elementor-id=\"1182\" class=\"elementor elementor-1182\" data-elementor-post-type=\"page\">\n\t\t\t\t<div class=\"elementor-element elementor-element-638b2d92 e-flex e-con-boxed e-con e-parent\" data-id=\"638b2d92\" data-element_type=\"container\">\n\t\t\t\t\t<div class=\"e-con-inner\">\n\t\t\t\t<div class=\"elementor-element elementor-element-73129ef2 elementor-widget elementor-widget-heading\" data-id=\"73129ef2\" data-element_type=\"widget\" data-widget_type=\"heading.default\">\n\t\t\t\t<div class=\"elementor-widget-container\">\n\t\t\t\t\t<h1 class=\"elementor-heading-title elementor-size-default\">Pol\u00edtica de privacidad<\/h1>\t\t\t\t<\/div>\n\t\t\t\t<\/div>\n\t\t\t\t<div class=\"elementor-element elementor-element-29d2d734 elementor-widget elementor-widget-heading\" data-id=\"29d2d734\" data-element_type=\"widget\" data-widget_type=\"heading.default\">\n\t\t\t\t<div class=\"elementor-widget-container\">\n\t\t\t\t\t<h2 class=\"elementor-heading-title elementor-size-default\">1.- INFORMACI\u00d3N AL USUARIO<\/h2>\t\t\t\t<\/div>\n\t\t\t\t<\/div>\n\t\t\t\t<div class=\"elementor-element elementor-element-1ae26a7d elementor-widget elementor-widget-text-editor\" data-id=\"1ae26a7d\" data-element_type=\"widget\" data-widget_type=\"text-editor.default\">\n\t\t\t\t<div class=\"elementor-widget-container\">\n\t\t\t\t\t\t\t\t\t<p>El sitio web informa a los usuarios sobre su pol\u00edtica de tratamiento y protecci\u00f3n de los datos personales de los usuarios y clientes que puedan ser solicitados durante la navegaci\u00f3n por el sitio web.<\/p><p>El sitio web es el Responsable del tratamiento de los datos personales del usuario, por lo que se facilita la siguiente informaci\u00f3n referente al tratamiento de sus datos:<\/p><p>Criterios de conservaci\u00f3n de los datos: Los datos personales proporcionados se conservar\u00e1n hasta que se solicite su suspensi\u00f3n por parte del interesado, ejerciendo sus derechos sobre los datos, y en todo caso en cumplimiento de los plazos legales de prescripci\u00f3n que le sean aplicables.<\/p><p>Derechos de los interesados:<\/p><p>Derecho a retirar su consentimiento en cualquier momento.<br \/>Derecho de acceso, rectificaci\u00f3n, supresi\u00f3n, portabilidad de sus datos y la limitaci\u00f3n u oposici\u00f3n a su tratamiento, as\u00ed como a no ser objeto de decisiones individuales automatizadas.<br \/>Datos de contacto para ejercer sus derechos:<\/p><p>Es necesario identificarse adecuadamente y solicitar claramente el derecho a ejercer.<\/p><p>Web: <a href=\"https:\/\/espaidiomes.cat\/es\/\">http:\/\/www.espaidiomes.cat\/<\/a><br \/>Nombre: ESPACIO IDIOMAS SL<br \/>Direcci\u00f3n: C\/. SANT PERE, 11 BAJOS (082) \u2013 RUB\u00cd \u2013 Barcelona<br \/>Tel\u00e9fono: 699 211 127<br \/>Correo electr\u00f3nico: <a href=\"mailto:espaidiomes@gmail.com\">espaidiomes@gmail.com<\/a><\/p>\t\t\t\t\t\t\t\t<\/div>\n\t\t\t\t<\/div>\n\t\t\t\t\t<\/div>\n\t\t\t\t<\/div>\n\t\t<div class=\"elementor-element elementor-element-5409cd3e e-flex e-con-boxed e-con e-parent\" data-id=\"5409cd3e\" data-element_type=\"container\">\n\t\t\t\t\t<div class=\"e-con-inner\">\n\t\t\t\t<div class=\"elementor-element elementor-element-4540a3ed elementor-widget elementor-widget-heading\" data-id=\"4540a3ed\" data-element_type=\"widget\" data-widget_type=\"heading.default\">\n\t\t\t\t<div class=\"elementor-widget-container\">\n\t\t\t\t\t<h2 class=\"elementor-heading-title elementor-size-default\">2.- INFORMACI\u00d3N FACILITADA POR EL USUARIO\n<\/h2>\t\t\t\t<\/div>\n\t\t\t\t<\/div>\n\t\t\t\t<div class=\"elementor-element elementor-element-40faace7 elementor-widget elementor-widget-text-editor\" data-id=\"40faace7\" data-element_type=\"widget\" data-widget_type=\"text-editor.default\">\n\t\t\t\t<div class=\"elementor-widget-container\">\n\t\t\t\t\t\t\t\t\tLos usuarios, al introducir sus datos en los formularios de contacto o en los formularios de descarga, aceptan expresamente y de forma libre e inequ\u00edvoca que sus datos son necesarios para atender su solicitud por parte del Responsable, siendo la inclusi\u00f3n de datos en los campos restantes voluntaria. El usuario garantiza que las datos personales proporcionadas son veraces y se comprometa a comunicar cualquier modificaci\u00f3n. Todas las datos solicitadas a trav\u00e9s del sitio web son necesarias para prestar un servicio \u00f3ptimo al usuario. En caso de no facilitar todas las datos, no se garantiza que la informaci\u00f3n y los servicios proporcionados por el Responsable sean completamente adecuados a sus necesidades.\t\t\t\t\t\t\t\t<\/div>\n\t\t\t\t<\/div>\n\t\t\t\t\t<\/div>\n\t\t\t\t<\/div>\n\t\t<div class=\"elementor-element elementor-element-3dbc9c38 e-flex e-con-boxed e-con e-parent\" data-id=\"3dbc9c38\" data-element_type=\"container\">\n\t\t\t\t\t<div class=\"e-con-inner\">\n\t\t\t\t<div class=\"elementor-element elementor-element-24f13f82 elementor-widget elementor-widget-heading\" data-id=\"24f13f82\" data-element_type=\"widget\" data-widget_type=\"heading.default\">\n\t\t\t\t<div class=\"elementor-widget-container\">\n\t\t\t\t\t<h2 class=\"elementor-heading-title elementor-size-default\">3.- MEDIDAS DE SEGURIDAD\n<\/h2>\t\t\t\t<\/div>\n\t\t\t\t<\/div>\n\t\t\t\t<div class=\"elementor-element elementor-element-5ae9066e elementor-widget elementor-widget-text-editor\" data-id=\"5ae9066e\" data-element_type=\"widget\" data-widget_type=\"text-editor.default\">\n\t\t\t\t<div class=\"elementor-widget-container\">\n\t\t\t\t\t\t\t\t\tDe conformidad con lo dispuesto en las normativas vigentes en materia de protecci\u00f3n de datos personales, el Responsable estar\u00e1 cumpliendo con todas las disposiciones de las normativas RGPD y LOPD para el tratamiento de los datos personales de su responsabilidad. Estos datos son tratados de forma l\u00edcita, leal y transparente en relaci\u00f3n con el interesado, y son adecuados, pertinentes y limitados a lo necesario en relaci\u00f3n con los fines por los que son tratados. El Responsable garantiza que ha implementado pol\u00edticas t\u00e9cnicas y organizativas apropiadas para aplicar las medidas de seguridad establecidas por el RGPD y la LOPD para proteger los derechos y libertades de los usuarios. Adem\u00e1s, ha comunicado a los usuarios la informaci\u00f3n adecuada para que puedan ejercitar estos derechos.\n\n\n\n\n\n\n\t\t\t\t\t\t\t\t<\/div>\n\t\t\t\t<\/div>\n\t\t\t\t\t<\/div>\n\t\t\t\t<\/div>\n\t\t<div class=\"elementor-element elementor-element-578f115a e-flex e-con-boxed e-con e-parent\" data-id=\"578f115a\" data-element_type=\"container\">\n\t\t\t\t\t<div class=\"e-con-inner\">\n\t\t\t\t<div class=\"elementor-element elementor-element-14c4917d elementor-widget elementor-widget-heading\" data-id=\"14c4917d\" data-element_type=\"widget\" data-widget_type=\"heading.default\">\n\t\t\t\t<div class=\"elementor-widget-container\">\n\t\t\t\t\t<h2 class=\"elementor-heading-title elementor-size-default\">4.- VULNERABILIDADES DE SEGURIDAD<\/h2>\t\t\t\t<\/div>\n\t\t\t\t<\/div>\n\t\t\t\t<div class=\"elementor-element elementor-element-7bacc89d elementor-widget elementor-widget-text-editor\" data-id=\"7bacc89d\" data-element_type=\"widget\" data-widget_type=\"text-editor.default\">\n\t\t\t\t<div class=\"elementor-widget-container\">\n\t\t\t\t\t\t\t\t\tEl Responsable informar\u00e1 sobre cualquier violaci\u00f3n de seguridad que afecte a la base de datos utilizada para este sitio web o que afecte a cualquiera de nuestros servicios de terceros. Esta informaci\u00f3n ser\u00e1 comunicada a todas y cada una de las personas afectadas, as\u00ed como a las autoridades, dentro de las 72 horas siguientes a la detecci\u00f3n de la violaci\u00f3n.\t\t\t\t\t\t\t\t<\/div>\n\t\t\t\t<\/div>\n\t\t\t\t\t<\/div>\n\t\t\t\t<\/div>\n\t\t<div class=\"elementor-element elementor-element-fa04ae2 e-flex e-con-boxed e-con e-parent\" data-id=\"fa04ae2\" data-element_type=\"container\">\n\t\t\t\t\t<div class=\"e-con-inner\">\n\t\t\t\t<div class=\"elementor-element elementor-element-1a63bb29 elementor-widget elementor-widget-heading\" data-id=\"1a63bb29\" data-element_type=\"widget\" data-widget_type=\"heading.default\">\n\t\t\t\t<div class=\"elementor-widget-container\">\n\t\t\t\t\t<h2 class=\"elementor-heading-title elementor-size-default\">LEGISLACI\u00d3N APLICABLE Y JURISDICCI\u00d3N\n<\/h2>\t\t\t\t<\/div>\n\t\t\t\t<\/div>\n\t\t\t\t<div class=\"elementor-element elementor-element-6ad93a29 elementor-widget elementor-widget-text-editor\" data-id=\"6ad93a29\" data-element_type=\"widget\" data-widget_type=\"text-editor.default\">\n\t\t\t\t<div class=\"elementor-widget-container\">\n\t\t\t\t\t\t\t\t\t<div id=\"inner-wrap\" class=\"wrap hfeed kt-clear\"><div id=\"primary\" class=\"content-area\"><div class=\"content-container site-container\">Para la resoluci\u00f3n de todas las controversias o cuestiones relacionadas con el presente sitio web o de las actividades que se desarrollen, ser\u00e1 de aplicaci\u00f3n la legislaci\u00f3n espa\u00f1ola, a la que se someten expresamente las partes, siendo competentes para la resoluci\u00f3n de todos los conflictos derivados o relacionados con el uso de Juzgados y Tribunales de Barcelona.<\/div><\/div><\/div>\t\t\t\t\t\t\t\t<\/div>\n\t\t\t\t<\/div>\n\t\t\t\t\t<\/div>\n\t\t\t\t<\/div>\n\t\t\t\t<\/div>","protected":false},"excerpt":{"rendered":"<p>Pol\u00edtica de privacidad 1.- INFORMACI\u00d3N AL USUARIO El sitio web informa a los usuarios sobre su pol\u00edtica de tratamiento y protecci\u00f3n de los datos personales de los usuarios y clientes que puedan ser solicitados durante la navegaci\u00f3n por el sitio web. El sitio web es el Responsable del tratamiento de los datos personales del usuario, por la [\u2026]<\/p>","protected":false},"author":1,"featured_media":0,"parent":0,"menu_order":0,"comment_status":"closed","ping_status":"closed","template":"","meta":{"footnotes":""},"class_list":["post-1182","page","type-page","status-publish","hentry"],"yoast_head":"<!-- This site is optimized with the Yoast SEO plugin v25.7 - https:\/\/yoast.com\/wordpress\/plugins\/seo\/ -->\n<title>Pol\u00edtica de privacitat - Espai Idiomes<\/title>\n<meta name=\"robots\" content=\"index, follow, max-snippet:-1, max-image-preview:large, max-video-preview:-1\" \/>\n<link rel=\"canonical\" href=\"https:\/\/espaidiomes.cat\/es\/politica-de-privacitat\/\" \/>\n<meta property=\"og:locale\" content=\"es_ES\" \/>\n<meta property=\"og:type\" content=\"article\" \/>\n<meta property=\"og:title\" content=\"Pol\u00edtica de privacitat - Espai Idiomes\" \/>\n<meta property=\"og:description\" content=\"Pol\u00edtica de privacitat 1.- INFORMACI\u00d3 AL USUARI El lloc web informa els usuaris sobre la seva pol\u00edtica de tractament i protecci\u00f3 de les dades personals dels usuaris i clients que puguin ser sol\u00b7licitades durant la navegaci\u00f3 pel lloc web. El lloc web \u00e9s el Responsable del tractament de les dades personals de l&#8217;usuari, per la [&hellip;]\" \/>\n<meta property=\"og:url\" content=\"https:\/\/espaidiomes.cat\/es\/politica-de-privacitat\/\" \/>\n<meta property=\"og:site_name\" content=\"Espai Idiomes\" \/>\n<meta property=\"article:modified_time\" content=\"2024-05-15T15:03:32+00:00\" \/>\n<meta name=\"twitter:card\" content=\"summary_large_image\" \/>\n<meta name=\"twitter:label1\" content=\"Tiempo de lectura\" \/>\n\t<meta name=\"twitter:data1\" content=\"3 minutos\" \/>\n<script type=\"application\/ld+json\" class=\"yoast-schema-graph\">{\"@context\":\"https:\/\/schema.org\",\"@graph\":[{\"@type\":\"WebPage\",\"@id\":\"https:\/\/espaidiomes.cat\/politica-de-privacitat\",\"url\":\"https:\/\/espaidiomes.cat\/politica-de-privacitat\",\"name\":\"Pol\u00edtica de privacitat - Espai Idiomes\",\"isPartOf\":{\"@id\":\"https:\/\/espaidiomes.cat\/#website\"},\"datePublished\":\"2024-04-30T06:43:49+00:00\",\"dateModified\":\"2024-05-15T15:03:32+00:00\",\"breadcrumb\":{\"@id\":\"https:\/\/espaidiomes.cat\/politica-de-privacitat#breadcrumb\"},\"inLanguage\":\"es\",\"potentialAction\":[{\"@type\":\"ReadAction\",\"target\":[\"https:\/\/espaidiomes.cat\/politica-de-privacitat\"]}]},{\"@type\":\"BreadcrumbList\",\"@id\":\"https:\/\/espaidiomes.cat\/politica-de-privacitat#breadcrumb\",\"itemListElement\":[{\"@type\":\"ListItem\",\"position\":1,\"name\":\"Portada\",\"item\":\"https:\/\/espaidiomes.cat\/\"},{\"@type\":\"ListItem\",\"position\":2,\"name\":\"Pol\u00edtica de privacitat\"}]},{\"@type\":\"WebSite\",\"@id\":\"https:\/\/espaidiomes.cat\/#website\",\"url\":\"https:\/\/espaidiomes.cat\/\",\"name\":\"Espai idiomes\",\"description\":\"Academia de refer\u00e8ncia per l\u2019aprenentatge i perfeccionament d\u2019idiomes\",\"publisher\":{\"@id\":\"https:\/\/espaidiomes.cat\/#organization\"},\"potentialAction\":[{\"@type\":\"SearchAction\",\"target\":{\"@type\":\"EntryPoint\",\"urlTemplate\":\"https:\/\/espaidiomes.cat\/?s={search_term_string}\"},\"query-input\":{\"@type\":\"PropertyValueSpecification\",\"valueRequired\":true,\"valueName\":\"search_term_string\"}}],\"inLanguage\":\"es\"},{\"@type\":\"Organization\",\"@id\":\"https:\/\/espaidiomes.cat\/#organization\",\"name\":\"Espai idiomes\",\"url\":\"https:\/\/espaidiomes.cat\/\",\"logo\":{\"@type\":\"ImageObject\",\"inLanguage\":\"es\",\"@id\":\"https:\/\/espaidiomes.cat\/#\/schema\/logo\/image\/\",\"url\":\"https:\/\/espaidiomes.cat\/wp-content\/uploads\/2024\/04\/language_schoollogo.png\",\"contentUrl\":\"https:\/\/espaidiomes.cat\/wp-content\/uploads\/2024\/04\/language_schoollogo.png\",\"width\":4320,\"height\":2430,\"caption\":\"Espai idiomes\"},\"image\":{\"@id\":\"https:\/\/espaidiomes.cat\/#\/schema\/logo\/image\/\"}}]}<\/script>\n<!-- \/ Yoast SEO plugin. -->","yoast_head_json":{"title":"Pol\u00edtica de privacidad - Espacio Idiomas","robots":{"index":"index","follow":"follow","max-snippet":"max-snippet:-1","max-image-preview":"max-image-preview:large","max-video-preview":"max-video-preview:-1"},"canonical":"https:\/\/espaidiomes.cat\/es\/politica-de-privacitat\/","og_locale":"es_ES","og_type":"article","og_title":"Pol\u00edtica de privacitat - Espai Idiomes","og_description":"Pol\u00edtica de privacitat 1.- INFORMACI\u00d3 AL USUARI El lloc web informa els usuaris sobre la seva pol\u00edtica de tractament i protecci\u00f3 de les dades personals dels usuaris i clients que puguin ser sol\u00b7licitades durant la navegaci\u00f3 pel lloc web. El lloc web \u00e9s el Responsable del tractament de les dades personals de l&#8217;usuari, per la [&hellip;]","og_url":"https:\/\/espaidiomes.cat\/es\/politica-de-privacitat\/","og_site_name":"Espai Idiomes","article_modified_time":"2024-05-15T15:03:32+00:00","twitter_card":"summary_large_image","twitter_misc":{"Tiempo de lectura":"3 minutos"},"schema":{"@context":"https:\/\/schema.org","@graph":[{"@type":"WebPage","@id":"https:\/\/espaidiomes.cat\/politica-de-privacitat","url":"https:\/\/espaidiomes.cat\/politica-de-privacitat","name":"Pol\u00edtica de privacidad - Espacio Idiomas","isPartOf":{"@id":"https:\/\/espaidiomes.cat\/#website"},"datePublished":"2024-04-30T06:43:49+00:00","dateModified":"2024-05-15T15:03:32+00:00","breadcrumb":{"@id":"https:\/\/espaidiomes.cat\/politica-de-privacitat#breadcrumb"},"inLanguage":"es","potentialAction":[{"@type":"ReadAction","target":["https:\/\/espaidiomes.cat\/politica-de-privacitat"]}]},{"@type":"BreadcrumbList","@id":"https:\/\/espaidiomes.cat\/politica-de-privacitat#breadcrumb","itemListElement":[{"@type":"ListItem","position":1,"name":"Portada","item":"https:\/\/espaidiomes.cat\/"},{"@type":"ListItem","position":2,"name":"Pol\u00edtica de privacitat"}]},{"@type":"WebSite","@id":"https:\/\/espaidiomes.cat\/#website","url":"https:\/\/espaidiomes.cat\/","name":"Espacio idiomas","description":"Academia de referencia por el aprendizaje y perfeccionamiento de idiomas","publisher":{"@id":"https:\/\/espaidiomes.cat\/#organization"},"potentialAction":[{"@type":"SearchAction","target":{"@type":"EntryPoint","urlTemplate":"https:\/\/espaidiomes.cat\/?s={search_term_string}"},"query-input":{"@type":"PropertyValueSpecification","valueRequired":true,"valueName":"search_term_string"}}],"inLanguage":"es"},{"@type":"Organization","@id":"https:\/\/espaidiomes.cat\/#organization","name":"Espacio idiomas","url":"https:\/\/espaidiomes.cat\/","logo":{"@type":"ImageObject","inLanguage":"es","@id":"https:\/\/espaidiomes.cat\/#\/schema\/logo\/image\/","url":"https:\/\/espaidiomes.cat\/wp-content\/uploads\/2024\/04\/language_schoollogo.png","contentUrl":"https:\/\/espaidiomes.cat\/wp-content\/uploads\/2024\/04\/language_schoollogo.png","width":4320,"height":2430,"caption":"Espai idiomes"},"image":{"@id":"https:\/\/espaidiomes.cat\/#\/schema\/logo\/image\/"}}]}},"_links":{"self":[{"href":"https:\/\/espaidiomes.cat\/es\/wp-json\/wp\/v2\/pages\/1182","targetHints":{"allow":["GET"]}}],"collection":[{"href":"https:\/\/espaidiomes.cat\/es\/wp-json\/wp\/v2\/pages"}],"about":[{"href":"https:\/\/espaidiomes.cat\/es\/wp-json\/wp\/v2\/types\/page"}],"author":[{"embeddable":true,"href":"https:\/\/espaidiomes.cat\/es\/wp-json\/wp\/v2\/users\/1"}],"replies":[{"embeddable":true,"href":"https:\/\/espaidiomes.cat\/es\/wp-json\/wp\/v2\/comments?post=1182"}],"version-history":[{"count":0,"href":"https:\/\/espaidiomes.cat\/es\/wp-json\/wp\/v2\/pages\/1182\/revisions"}],"wp:attachment":[{"href":"https:\/\/espaidiomes.cat\/es\/wp-json\/wp\/v2\/media?parent=1182"}],"curies":[{"name":"wp","href":"https:\/\/api.w.org\/{rel}","templated":true}]}}