{"id":583,"date":"2024-04-25T14:38:15","date_gmt":"2024-04-25T12:38:15","guid":{"rendered":"https:\/\/espaiidiomas.ribsweb.com\/?page_id=583"},"modified":"2024-07-02T12:12:05","modified_gmt":"2024-07-02T10:12:05","slug":"reforc","status":"publish","type":"page","link":"https:\/\/espaidiomes.cat\/es\/reforc","title":{"rendered":"REFUERZO"},"content":{"rendered":"<div data-elementor-type=\"wp-page\" data-elementor-id=\"583\" class=\"elementor elementor-583\" data-elementor-post-type=\"page\">\n\t\t\t\t\t\t<section class=\"elementor-section elementor-top-section elementor-element elementor-element-ddd4c3e elementor-section-boxed elementor-section-height-default elementor-section-height-default\" data-id=\"ddd4c3e\" data-element_type=\"section\" data-settings=\"{&quot;background_background&quot;:&quot;classic&quot;}\">\n\t\t\t\t\t\t\t<div class=\"elementor-background-overlay\"><\/div>\n\t\t\t\t\t\t\t<div class=\"elementor-container elementor-column-gap-default\">\n\t\t\t\t\t<div class=\"elementor-column elementor-col-100 elementor-top-column elementor-element elementor-element-13a728a\" data-id=\"13a728a\" data-element_type=\"column\">\n\t\t\t<div class=\"elementor-widget-wrap elementor-element-populated\">\n\t\t\t\t\t\t<section class=\"elementor-section elementor-inner-section elementor-element elementor-element-d375d43 elementor-section-boxed elementor-section-height-default elementor-section-height-default\" data-id=\"d375d43\" data-element_type=\"section\">\n\t\t\t\t\t\t<div class=\"elementor-container elementor-column-gap-default\">\n\t\t\t\t\t<div class=\"elementor-column elementor-col-100 elementor-inner-column elementor-element elementor-element-35532de elementor-invisible\" data-id=\"35532de\" data-element_type=\"column\" data-settings=\"{&quot;animation&quot;:&quot;fadeInUp&quot;}\">\n\t\t\t<div class=\"elementor-widget-wrap elementor-element-populated\">\n\t\t\t\t\t\t<div class=\"elementor-element elementor-element-0c93b5d elementor-widget elementor-widget-heading\" data-id=\"0c93b5d\" data-element_type=\"widget\" data-widget_type=\"heading.default\">\n\t\t\t\t<div class=\"elementor-widget-container\">\n\t\t\t\t\t<h2 class=\"elementor-heading-title elementor-size-default\">Refuerzo<\/h2>\t\t\t\t<\/div>\n\t\t\t\t<\/div>\n\t\t\t\t<div class=\"elementor-element elementor-element-b5b5cb1 elementor-icon-list--layout-inline elementor-widget__width-auto elementor-list-item-link-full_width elementor-widget elementor-widget-icon-list\" data-id=\"b5b5cb1\" data-element_type=\"widget\" data-widget_type=\"icon-list.default\">\n\t\t\t\t<div class=\"elementor-widget-container\">\n\t\t\t\t\t\t\t<ul class=\"elementor-icon-list-items elementor-inline-items\">\n\t\t\t\t\t\t\t<li class=\"elementor-icon-list-item elementor-inline-item\">\n\t\t\t\t\t\t\t\t\t\t\t<a href=\"https:\/\/espaidiomes.cat\/es\">\n\n\t\t\t\t\t\t\t\t\t\t\t<span class=\"elementor-icon-list-text\">Hombre<\/span>\n\t\t\t\t\t\t\t\t\t\t\t<\/a>\n\t\t\t\t\t\t\t\t\t<\/li>\n\t\t\t\t\t\t\t\t<li class=\"elementor-icon-list-item elementor-inline-item\">\n\t\t\t\t\t\t\t\t\t\t\t<a href=\"#\">\n\n\t\t\t\t\t\t\t\t\t\t\t\t<span class=\"elementor-icon-list-icon\">\n\t\t\t\t\t\t\t<svg aria-hidden=\"true\" class=\"e-font-icon-svg e-fas-chevron-right\" viewbox=\"0 0 320 512\" xmlns=\"http:\/\/www.w3.org\/2000\/svg\"><path d=\"M285.476 272.971L91.132 467.314c-9.373 9.373-24.569 9.373-33.941 0l-22.667-22.667c-9.357-9.357-9.375-24.522-.04-33.901L188.505 256 34.484 101.255c-9.335-9.379-9.317-24.544.04-33.901l22.667-22.667c9.373-9.373 24.569-9.373 33.941 0L285.475 239.03c9.373 9.372 9.373 24.568.001 33.941z\"><\/path><\/svg>\t\t\t\t\t\t<\/span>\n\t\t\t\t\t\t\t\t\t\t<span class=\"elementor-icon-list-text\"><\/span>\n\t\t\t\t\t\t\t\t\t\t\t<\/a>\n\t\t\t\t\t\t\t\t\t<\/li>\n\t\t\t\t\t\t<\/ul>\n\t\t\t\t\t\t<\/div>\n\t\t\t\t<\/div>\n\t\t\t\t\t<\/div>\n\t\t<\/div>\n\t\t\t\t\t<\/div>\n\t\t<\/section>\n\t\t\t\t\t<\/div>\n\t\t<\/div>\n\t\t\t\t\t<\/div>\n\t\t<\/section>\n\t\t\t\t<section class=\"elementor-section elementor-top-section elementor-element elementor-element-4aec66b1 elementor-section-boxed elementor-section-height-default elementor-section-height-default\" data-id=\"4aec66b1\" data-element_type=\"section\" data-settings=\"{&quot;background_background&quot;:&quot;classic&quot;}\">\n\t\t\t\t\t\t\t<div class=\"elementor-background-overlay\"><\/div>\n\t\t\t\t\t\t\t<div class=\"elementor-container elementor-column-gap-default\">\n\t\t\t\t\t<div class=\"elementor-column elementor-col-50 elementor-top-column elementor-element elementor-element-2dd8f8c4\" data-id=\"2dd8f8c4\" data-element_type=\"column\" data-settings=\"{&quot;background_background&quot;:&quot;classic&quot;}\">\n\t\t\t<div class=\"elementor-widget-wrap elementor-element-populated\">\n\t\t\t\t\t<div class=\"elementor-background-overlay\"><\/div>\n\t\t\t\t\t\t<div class=\"elementor-element elementor-element-91d2dfe elementor-widget__width-auto elementor-widget elementor-widget-heading\" data-id=\"91d2dfe\" data-element_type=\"widget\" data-widget_type=\"heading.default\">\n\t\t\t\t<div class=\"elementor-widget-container\">\n\t\t\t\t\t<h2 class=\"elementor-heading-title elementor-size-default\">Refuerzo en espacio idiomas<\/h2>\t\t\t\t<\/div>\n\t\t\t\t<\/div>\n\t\t\t\t<div class=\"elementor-element elementor-element-01f5167 elementor-widget elementor-widget-heading\" data-id=\"01f5167\" data-element_type=\"widget\" data-widget_type=\"heading.default\">\n\t\t\t\t<div class=\"elementor-widget-container\">\n\t\t\t\t\t<h1 class=\"elementor-heading-title elementor-size-default\">Soporte de refuerzo personalizado para un aprendizaje \u00f3ptimo<\/h1>\t\t\t\t<\/div>\n\t\t\t\t<\/div>\n\t\t\t\t<div class=\"elementor-element elementor-element-d7fda68 elementor-widget elementor-widget-text-editor\" data-id=\"d7fda68\" data-element_type=\"widget\" data-widget_type=\"text-editor.default\">\n\t\t\t\t<div class=\"elementor-widget-container\">\n\t\t\t\t\t\t\t\t\tNuestro equipo de profesores cualificados est\u00e1 aqu\u00ed para proporcionarte la ayuda y apoyo que necesitas para superar tus retos acad\u00e9micos. Ya sea que est\u00e9s luchando por comprender conceptos espec\u00edficos, necesites pr\u00e1ctica adicional o simplemente quieras mejorar tus habilidades en un \u00e1rea determinada, estamos comprometidos a ayudarte a alcanzar el \u00e9xito acad\u00e9mico.\t\t\t\t\t\t\t\t<\/div>\n\t\t\t\t<\/div>\n\t\t\t\t<div class=\"elementor-element elementor-element-12d18114 elementor-widget elementor-widget-text-editor\" data-id=\"12d18114\" data-element_type=\"widget\" data-widget_type=\"text-editor.default\">\n\t\t\t\t<div class=\"elementor-widget-container\">\n\t\t\t\t\t\t\t\t\tEn Espai Idiomes, entendemos que cada estudiante tiene necesidades \u00fanicas y que, en ocasiones, puede requerir un apoyo adicional para alcanzar sus objetivos acad\u00e9micos. Por eso ofrecemos un servicio de refuerzo escolar personalizado para aquellos que necesitan un impulso adicional en materias como el catal\u00e1n, el castellano, las matem\u00e1ticas y otras \u00e1reas acad\u00e9micas.\t\t\t\t\t\t\t\t<\/div>\n\t\t\t\t<\/div>\n\t\t\t\t<div class=\"elementor-element elementor-element-10a11d6 elementor-hidden-mobile elementor-widget elementor-widget-text-editor\" data-id=\"10a11d6\" data-element_type=\"widget\" data-widget_type=\"text-editor.default\">\n\t\t\t\t<div class=\"elementor-widget-container\">\n\t\t\t\t\t\t\t\t\tCon una aproximaci\u00f3n personalizada y enfocada a tus necesidades individuales, trabajaremos juntos para reforzar tus habilidades y mejorar tu confianza en el aprendizaje. Sea cual sea tu meta acad\u00e9mica, estamos aqu\u00ed para ayudarte a alcanzarla con \u00e9xito.\t\t\t\t\t\t\t\t<\/div>\n\t\t\t\t<\/div>\n\t\t\t\t\t<\/div>\n\t\t<\/div>\n\t\t\t\t<div class=\"elementor-column elementor-col-50 elementor-top-column elementor-element elementor-element-6d7d5f65\" data-id=\"6d7d5f65\" data-element_type=\"column\">\n\t\t\t<div class=\"elementor-widget-wrap elementor-element-populated\">\n\t\t\t\t\t\t<div class=\"elementor-element elementor-element-1a4bca6e elementor-invisible elementor-widget elementor-widget-image\" data-id=\"1a4bca6e\" data-element_type=\"widget\" data-settings=\"{&quot;_animation&quot;:&quot;fadeInRight&quot;}\" data-widget_type=\"image.default\">\n\t\t\t\t<div class=\"elementor-widget-container\">\n\t\t\t\t\t\t\t\t\t\t\t\t\t\t\t<img fetchpriority=\"high\" decoding=\"async\" width=\"1414\" height=\"2000\" src=\"https:\/\/espaidiomes.cat\/wp-content\/uploads\/2024\/05\/FLYER-NENS-SENSE-ESTIU.png\" class=\"attachment-full size-full wp-image-2220\" alt=\"\" srcset=\"https:\/\/espaidiomes.cat\/wp-content\/uploads\/2024\/05\/FLYER-NENS-SENSE-ESTIU.png 1414w, https:\/\/espaidiomes.cat\/wp-content\/uploads\/2024\/05\/FLYER-NENS-SENSE-ESTIU-212x300.png 212w, https:\/\/espaidiomes.cat\/wp-content\/uploads\/2024\/05\/FLYER-NENS-SENSE-ESTIU-724x1024.png 724w, https:\/\/espaidiomes.cat\/wp-content\/uploads\/2024\/05\/FLYER-NENS-SENSE-ESTIU-768x1086.png 768w, https:\/\/espaidiomes.cat\/wp-content\/uploads\/2024\/05\/FLYER-NENS-SENSE-ESTIU-1086x1536.png 1086w\" sizes=\"(max-width: 1414px) 100vw, 1414px\" \/>\t\t\t\t\t\t\t\t\t\t\t\t\t\t\t<\/div>\n\t\t\t\t<\/div>\n\t\t\t\t<div class=\"elementor-element elementor-element-215a714 elementor-hidden-desktop elementor-hidden-tablet elementor-widget elementor-widget-text-editor\" data-id=\"215a714\" data-element_type=\"widget\" data-widget_type=\"text-editor.default\">\n\t\t\t\t<div class=\"elementor-widget-container\">\n\t\t\t\t\t\t\t\t\tCon una aproximaci\u00f3n personalizada y enfocada a tus necesidades individuales, trabajaremos juntos para reforzar tus habilidades y mejorar tu confianza en el aprendizaje. Sea cual sea tu meta acad\u00e9mica, estamos aqu\u00ed para ayudarte a alcanzarla con \u00e9xito.\t\t\t\t\t\t\t\t<\/div>\n\t\t\t\t<\/div>\n\t\t\t\t\t<\/div>\n\t\t<\/div>\n\t\t\t\t\t<\/div>\n\t\t<\/section>\n\t\t\t\t<section class=\"elementor-section elementor-top-section elementor-element elementor-element-1ad5e34 elementor-section-boxed elementor-section-height-default elementor-section-height-default\" data-id=\"1ad5e34\" data-element_type=\"section\" data-settings=\"{&quot;background_background&quot;:&quot;classic&quot;}\">\n\t\t\t\t\t\t\t<div class=\"elementor-background-overlay\"><\/div>\n\t\t\t\t\t\t\t<div class=\"elementor-container elementor-column-gap-default\">\n\t\t\t\t\t<div class=\"elementor-column elementor-col-100 elementor-top-column elementor-element elementor-element-9c40e47\" data-id=\"9c40e47\" data-element_type=\"column\">\n\t\t\t<div class=\"elementor-widget-wrap elementor-element-populated\">\n\t\t\t\t\t\t<section class=\"elementor-section elementor-inner-section elementor-element elementor-element-2964eb5 elementor-section-boxed elementor-section-height-default elementor-section-height-default\" data-id=\"2964eb5\" data-element_type=\"section\">\n\t\t\t\t\t\t<div class=\"elementor-container elementor-column-gap-default\">\n\t\t\t\t\t<div class=\"elementor-column elementor-col-100 elementor-inner-column elementor-element elementor-element-01bdff6 elementor-invisible\" data-id=\"01bdff6\" data-element_type=\"column\" data-settings=\"{&quot;animation&quot;:&quot;fadeInUp&quot;}\">\n\t\t\t<div class=\"elementor-widget-wrap elementor-element-populated\">\n\t\t\t\t\t\t<div class=\"elementor-element elementor-element-5acf6ce elementor-widget elementor-widget-heading\" data-id=\"5acf6ce\" data-element_type=\"widget\" data-widget_type=\"heading.default\">\n\t\t\t\t<div class=\"elementor-widget-container\">\n\t\t\t\t\t<p class=\"elementor-heading-title elementor-size-default\">Descubre todo lo que Espai Idiomes tiene para ofrecer. Ya sea que est\u00e9s interesado\/a en nuestros cursos de idiomas, refuerzo escolar u otros servicios educativos, estamos aqu\u00ed para responder a todas tus preguntas y proporcionarte m\u00e1s informaci\u00f3n.<\/p>\t\t\t\t<\/div>\n\t\t\t\t<\/div>\n\t\t\t\t<div class=\"elementor-element elementor-element-8b94207 elementor-widget elementor-widget-button\" data-id=\"8b94207\" data-element_type=\"widget\" data-widget_type=\"button.default\">\n\t\t\t\t<div class=\"elementor-widget-container\">\n\t\t\t\t\t\t\t\t\t<div class=\"elementor-button-wrapper\">\n\t\t\t\t\t<a class=\"elementor-button elementor-button-link elementor-size-sm\" href=\"https:\/\/espaidiomes.cat\/es\/contacte\">\n\t\t\t\t\t\t<span class=\"elementor-button-content-wrapper\">\n\t\t\t\t\t\t\t\t\t<span class=\"elementor-button-text\">Contactar<\/span>\n\t\t\t\t\t<\/span>\n\t\t\t\t\t<\/a>\n\t\t\t\t<\/div>\n\t\t\t\t\t\t\t\t<\/div>\n\t\t\t\t<\/div>\n\t\t\t\t\t<\/div>\n\t\t<\/div>\n\t\t\t\t\t<\/div>\n\t\t<\/section>\n\t\t\t\t\t<\/div>\n\t\t<\/div>\n\t\t\t\t\t<\/div>\n\t\t<\/section>\n\t\t\t\t<\/div>","protected":false},"excerpt":{"rendered":"<p>Refuerzo Home Refuerzo en espacio idiomas Soporte de refuerzo personalizado para un aprendizaje \u00f3ptimo Nuestro equipo de profesores cualificados est\u00e1 aqu\u00ed para proporcionarte la ayuda y el apoyo que necesitas para superar tus retos acad\u00e9micos. Ya sea que est\u00e9s luchando por comprender conceptos espec\u00edficos, necesites pr\u00e1ctica adicional o simplemente quieras mejorar tus [\u2026]<\/p>","protected":false},"author":1,"featured_media":0,"parent":0,"menu_order":0,"comment_status":"closed","ping_status":"closed","template":"elementor_header_footer","meta":{"footnotes":""},"class_list":["post-583","page","type-page","status-publish","hentry"],"yoast_head":"<!-- This site is optimized with the Yoast SEO plugin v25.7 - https:\/\/yoast.com\/wordpress\/plugins\/seo\/ -->\n<title>REFOR\u00c7 - Espai Idiomes<\/title>\n<meta name=\"robots\" content=\"index, follow, max-snippet:-1, max-image-preview:large, max-video-preview:-1\" \/>\n<link rel=\"canonical\" href=\"https:\/\/espaidiomes.cat\/es\/reforc\/\" \/>\n<meta property=\"og:locale\" content=\"es_ES\" \/>\n<meta property=\"og:type\" content=\"article\" \/>\n<meta property=\"og:title\" content=\"REFOR\u00c7 - Espai Idiomes\" \/>\n<meta property=\"og:description\" content=\"Refor\u00e7 Home Refor\u00e7 en espai idiomas Suport de refor\u00e7 personalitzat per a un aprenentatge \u00f2ptim El nostre equip de professors qualificats est\u00e0 aqu\u00ed per proporcionar-te l&#8217;ajuda i el suport que necessites per superar els teus reptes acad\u00e8mics. Ja sigui que estiguis lluitant per comprendre conceptes espec\u00edfics, necessitis pr\u00e0ctica addicional o simplement vulguis millorar les teves [&hellip;]\" \/>\n<meta property=\"og:url\" content=\"https:\/\/espaidiomes.cat\/es\/reforc\/\" \/>\n<meta property=\"og:site_name\" content=\"Espai Idiomes\" \/>\n<meta property=\"article:modified_time\" content=\"2024-07-02T10:12:05+00:00\" \/>\n<meta property=\"og:image\" content=\"https:\/\/espaidiomes.cat\/wp-content\/uploads\/2024\/05\/FLYER-NENS-SENSE-ESTIU.png\" \/>\n<meta name=\"twitter:card\" content=\"summary_large_image\" \/>\n<meta name=\"twitter:label1\" content=\"Tiempo de lectura\" \/>\n\t<meta name=\"twitter:data1\" content=\"2 minutos\" \/>\n<script type=\"application\/ld+json\" class=\"yoast-schema-graph\">{\"@context\":\"https:\/\/schema.org\",\"@graph\":[{\"@type\":\"WebPage\",\"@id\":\"https:\/\/espaidiomes.cat\/reforc\",\"url\":\"https:\/\/espaidiomes.cat\/reforc\",\"name\":\"REFOR\u00c7 - Espai Idiomes\",\"isPartOf\":{\"@id\":\"https:\/\/espaidiomes.cat\/#website\"},\"primaryImageOfPage\":{\"@id\":\"https:\/\/espaidiomes.cat\/reforc#primaryimage\"},\"image\":{\"@id\":\"https:\/\/espaidiomes.cat\/reforc#primaryimage\"},\"thumbnailUrl\":\"https:\/\/espaidiomes.cat\/wp-content\/uploads\/2024\/05\/FLYER-NENS-SENSE-ESTIU.png\",\"datePublished\":\"2024-04-25T12:38:15+00:00\",\"dateModified\":\"2024-07-02T10:12:05+00:00\",\"breadcrumb\":{\"@id\":\"https:\/\/espaidiomes.cat\/reforc#breadcrumb\"},\"inLanguage\":\"es\",\"potentialAction\":[{\"@type\":\"ReadAction\",\"target\":[\"https:\/\/espaidiomes.cat\/reforc\"]}]},{\"@type\":\"ImageObject\",\"inLanguage\":\"es\",\"@id\":\"https:\/\/espaidiomes.cat\/reforc#primaryimage\",\"url\":\"https:\/\/espaidiomes.cat\/wp-content\/uploads\/2024\/05\/FLYER-NENS-SENSE-ESTIU.png\",\"contentUrl\":\"https:\/\/espaidiomes.cat\/wp-content\/uploads\/2024\/05\/FLYER-NENS-SENSE-ESTIU.png\"},{\"@type\":\"BreadcrumbList\",\"@id\":\"https:\/\/espaidiomes.cat\/reforc#breadcrumb\",\"itemListElement\":[{\"@type\":\"ListItem\",\"position\":1,\"name\":\"Portada\",\"item\":\"https:\/\/espaidiomes.cat\/\"},{\"@type\":\"ListItem\",\"position\":2,\"name\":\"REFOR\u00c7\"}]},{\"@type\":\"WebSite\",\"@id\":\"https:\/\/espaidiomes.cat\/#website\",\"url\":\"https:\/\/espaidiomes.cat\/\",\"name\":\"Espai idiomes\",\"description\":\"Academia de refer\u00e8ncia per l\u2019aprenentatge i perfeccionament d\u2019idiomes\",\"publisher\":{\"@id\":\"https:\/\/espaidiomes.cat\/#organization\"},\"potentialAction\":[{\"@type\":\"SearchAction\",\"target\":{\"@type\":\"EntryPoint\",\"urlTemplate\":\"https:\/\/espaidiomes.cat\/?s={search_term_string}\"},\"query-input\":{\"@type\":\"PropertyValueSpecification\",\"valueRequired\":true,\"valueName\":\"search_term_string\"}}],\"inLanguage\":\"es\"},{\"@type\":\"Organization\",\"@id\":\"https:\/\/espaidiomes.cat\/#organization\",\"name\":\"Espai idiomes\",\"url\":\"https:\/\/espaidiomes.cat\/\",\"logo\":{\"@type\":\"ImageObject\",\"inLanguage\":\"es\",\"@id\":\"https:\/\/espaidiomes.cat\/#\/schema\/logo\/image\/\",\"url\":\"https:\/\/espaidiomes.cat\/wp-content\/uploads\/2024\/04\/language_schoollogo.png\",\"contentUrl\":\"https:\/\/espaidiomes.cat\/wp-content\/uploads\/2024\/04\/language_schoollogo.png\",\"width\":4320,\"height\":2430,\"caption\":\"Espai idiomes\"},\"image\":{\"@id\":\"https:\/\/espaidiomes.cat\/#\/schema\/logo\/image\/\"}}]}<\/script>\n<!-- \/ Yoast SEO plugin. -->","yoast_head_json":{"title":"REFUERZO - Espacio Idiomas","robots":{"index":"index","follow":"follow","max-snippet":"max-snippet:-1","max-image-preview":"max-image-preview:large","max-video-preview":"max-video-preview:-1"},"canonical":"https:\/\/espaidiomes.cat\/es\/reforc\/","og_locale":"es_ES","og_type":"article","og_title":"REFOR\u00c7 - Espai Idiomes","og_description":"Refor\u00e7 Home Refor\u00e7 en espai idiomas Suport de refor\u00e7 personalitzat per a un aprenentatge \u00f2ptim El nostre equip de professors qualificats est\u00e0 aqu\u00ed per proporcionar-te l&#8217;ajuda i el suport que necessites per superar els teus reptes acad\u00e8mics. Ja sigui que estiguis lluitant per comprendre conceptes espec\u00edfics, necessitis pr\u00e0ctica addicional o simplement vulguis millorar les teves [&hellip;]","og_url":"https:\/\/espaidiomes.cat\/es\/reforc\/","og_site_name":"Espai Idiomes","article_modified_time":"2024-07-02T10:12:05+00:00","og_image":[{"url":"https:\/\/espaidiomes.cat\/wp-content\/uploads\/2024\/05\/FLYER-NENS-SENSE-ESTIU.png","type":"","width":"","height":""}],"twitter_card":"summary_large_image","twitter_misc":{"Tiempo de lectura":"2 minutos"},"schema":{"@context":"https:\/\/schema.org","@graph":[{"@type":"WebPage","@id":"https:\/\/espaidiomes.cat\/reforc","url":"https:\/\/espaidiomes.cat\/reforc","name":"REFUERZO - Espacio Idiomas","isPartOf":{"@id":"https:\/\/espaidiomes.cat\/#website"},"primaryImageOfPage":{"@id":"https:\/\/espaidiomes.cat\/reforc#primaryimage"},"image":{"@id":"https:\/\/espaidiomes.cat\/reforc#primaryimage"},"thumbnailUrl":"https:\/\/espaidiomes.cat\/wp-content\/uploads\/2024\/05\/FLYER-NENS-SENSE-ESTIU.png","datePublished":"2024-04-25T12:38:15+00:00","dateModified":"2024-07-02T10:12:05+00:00","breadcrumb":{"@id":"https:\/\/espaidiomes.cat\/reforc#breadcrumb"},"inLanguage":"es","potentialAction":[{"@type":"ReadAction","target":["https:\/\/espaidiomes.cat\/reforc"]}]},{"@type":"ImageObject","inLanguage":"es","@id":"https:\/\/espaidiomes.cat\/reforc#primaryimage","url":"https:\/\/espaidiomes.cat\/wp-content\/uploads\/2024\/05\/FLYER-NENS-SENSE-ESTIU.png","contentUrl":"https:\/\/espaidiomes.cat\/wp-content\/uploads\/2024\/05\/FLYER-NENS-SENSE-ESTIU.png"},{"@type":"BreadcrumbList","@id":"https:\/\/espaidiomes.cat\/reforc#breadcrumb","itemListElement":[{"@type":"ListItem","position":1,"name":"Portada","item":"https:\/\/espaidiomes.cat\/"},{"@type":"ListItem","position":2,"name":"REFOR\u00c7"}]},{"@type":"WebSite","@id":"https:\/\/espaidiomes.cat\/#website","url":"https:\/\/espaidiomes.cat\/","name":"Espacio idiomas","description":"Academia de referencia por el aprendizaje y perfeccionamiento de idiomas","publisher":{"@id":"https:\/\/espaidiomes.cat\/#organization"},"potentialAction":[{"@type":"SearchAction","target":{"@type":"EntryPoint","urlTemplate":"https:\/\/espaidiomes.cat\/?s={search_term_string}"},"query-input":{"@type":"PropertyValueSpecification","valueRequired":true,"valueName":"search_term_string"}}],"inLanguage":"es"},{"@type":"Organization","@id":"https:\/\/espaidiomes.cat\/#organization","name":"Espacio idiomas","url":"https:\/\/espaidiomes.cat\/","logo":{"@type":"ImageObject","inLanguage":"es","@id":"https:\/\/espaidiomes.cat\/#\/schema\/logo\/image\/","url":"https:\/\/espaidiomes.cat\/wp-content\/uploads\/2024\/04\/language_schoollogo.png","contentUrl":"https:\/\/espaidiomes.cat\/wp-content\/uploads\/2024\/04\/language_schoollogo.png","width":4320,"height":2430,"caption":"Espai idiomes"},"image":{"@id":"https:\/\/espaidiomes.cat\/#\/schema\/logo\/image\/"}}]}},"_links":{"self":[{"href":"https:\/\/espaidiomes.cat\/es\/wp-json\/wp\/v2\/pages\/583","targetHints":{"allow":["GET"]}}],"collection":[{"href":"https:\/\/espaidiomes.cat\/es\/wp-json\/wp\/v2\/pages"}],"about":[{"href":"https:\/\/espaidiomes.cat\/es\/wp-json\/wp\/v2\/types\/page"}],"author":[{"embeddable":true,"href":"https:\/\/espaidiomes.cat\/es\/wp-json\/wp\/v2\/users\/1"}],"replies":[{"embeddable":true,"href":"https:\/\/espaidiomes.cat\/es\/wp-json\/wp\/v2\/comments?post=583"}],"version-history":[{"count":0,"href":"https:\/\/espaidiomes.cat\/es\/wp-json\/wp\/v2\/pages\/583\/revisions"}],"wp:attachment":[{"href":"https:\/\/espaidiomes.cat\/es\/wp-json\/wp\/v2\/media?parent=583"}],"curies":[{"name":"wp","href":"https:\/\/api.w.org\/{rel}","templated":true}]}}