{"id":1175,"date":"2024-04-30T06:42:29","date_gmt":"2024-04-30T06:42:29","guid":{"rendered":"https:\/\/espaidiomes.cat\/?page_id=1175"},"modified":"2024-05-15T15:05:54","modified_gmt":"2024-05-15T15:05:54","slug":"avis-legal","status":"publish","type":"page","link":"https:\/\/espaidiomes.cat\/fr\/avis-legal","title":{"rendered":"Avertissement juridique"},"content":{"rendered":"<div data-elementor-type=\"wp-page\" data-elementor-id=\"1175\" class=\"elementor elementor-1175\" data-elementor-post-type=\"page\">\n\t\t\t\t<div class=\"elementor-element elementor-element-acc8a53 e-flex e-con-boxed e-con e-parent\" data-id=\"acc8a53\" data-element_type=\"container\">\n\t\t\t\t\t<div class=\"e-con-inner\">\n\t\t\t\t<div class=\"elementor-element elementor-element-599e1ff0 elementor-widget elementor-widget-heading\" data-id=\"599e1ff0\" data-element_type=\"widget\" data-widget_type=\"heading.default\">\n\t\t\t\t<div class=\"elementor-widget-container\">\n\t\t\t\t\t<h1 class=\"elementor-heading-title elementor-size-default\">Avertissement juridique<\/h1>\t\t\t\t<\/div>\n\t\t\t\t<\/div>\n\t\t\t\t<div class=\"elementor-element elementor-element-1ed2c867 elementor-widget elementor-widget-heading\" data-id=\"1ed2c867\" data-element_type=\"widget\" data-widget_type=\"heading.default\">\n\t\t\t\t<div class=\"elementor-widget-container\">\n\t\t\t\t\t<h2 class=\"elementor-heading-title elementor-size-default\">Responsable du traitement des donn\u00e9es<\/h2>\t\t\t\t<\/div>\n\t\t\t\t<\/div>\n\t\t\t\t<div class=\"elementor-element elementor-element-43df8289 elementor-widget elementor-widget-text-editor\" data-id=\"43df8289\" data-element_type=\"widget\" data-widget_type=\"text-editor.default\">\n\t\t\t\t<div class=\"elementor-widget-container\">\n\t\t\t\t\t\t\t\t\t<p>Conform\u00e9ment au devoir d&#039;information \u00e9tabli par la loi 34\/2002 du 11 juillet relative aux services de la soci\u00e9t\u00e9 de l&#039;information et du commerce \u00e9lectronique, nous vous informons que ce site Web est la propri\u00e9t\u00e9 de :<\/p><ul><li>Site web: <a href=\"https:\/\/espaidiomes.cat\/fr\/\">http:\/\/www.espaidiomes.cat\/<\/a><\/li><li>Nom: ESPAI IDIOMES SL<\/li><li>Adresse : C\/. SANT PERE, 11 BAIXOS (082) \u2013 RUB\u00cd \u2013 Barcelone<\/li><li>T\u00e9l\u00e9phone : 699 211 127<\/li><li>E-mail: <a href=\"mailto:espaidiomes@gmail.com\">espaidiomes@gmail.com<\/a><\/li><\/ul>\t\t\t\t\t\t\t\t<\/div>\n\t\t\t\t<\/div>\n\t\t\t\t\t<\/div>\n\t\t\t\t<\/div>\n\t\t<div class=\"elementor-element elementor-element-755d0479 e-flex e-con-boxed e-con e-parent\" data-id=\"755d0479\" data-element_type=\"container\">\n\t\t\t\t\t<div class=\"e-con-inner\">\n\t\t\t\t<div class=\"elementor-element elementor-element-51092aec elementor-widget elementor-widget-heading\" data-id=\"51092aec\" data-element_type=\"widget\" data-widget_type=\"heading.default\">\n\t\t\t\t<div class=\"elementor-widget-container\">\n\t\t\t\t\t<h2 class=\"elementor-heading-title elementor-size-default\">objet<\/h2>\t\t\t\t<\/div>\n\t\t\t\t<\/div>\n\t\t\t\t<div class=\"elementor-element elementor-element-472af6ce elementor-widget elementor-widget-text-editor\" data-id=\"472af6ce\" data-element_type=\"widget\" data-widget_type=\"text-editor.default\">\n\t\t\t\t<div class=\"elementor-widget-container\">\n\t\t\t\t\t\t\t\t\tLe Responsable met ce document \u00e0 la disposition des utilisateurs dans le but de respecter les dispositions de la r\u00e9glementation en vigueur sur la protection des donn\u00e9es. Ceci s&#039;inscrit dans le contexte du nouveau cadre r\u00e9glementaire \u00e9tabli conform\u00e9ment aux dispositions du r\u00e8glement (UE) 2016\/679 du Parlement europ\u00e9en et du Conseil du 27 avril 2016 relatif \u00e0 la protection des personnes physiques \u00e0 l&#039;\u00e9gard du traitement. des donn\u00e9es personnelles et la libre circulation de ces donn\u00e9es (ci-apr\u00e8s, le \u00ab RGPD \u00bb), ainsi que dans la r\u00e9glementation nationale en mati\u00e8re de protection des donn\u00e9es personnelles. En outre, tous les utilisateurs du site Web sont inform\u00e9s des conditions d&#039;utilisation de celui-ci. Chaque personne qui acc\u00e8de \u00e0 ce site Web assume le r\u00f4le d&#039;utilisateur, s&#039;engageant \u00e0 se conformer strictement aux dispositions \u00e9tablies ici, ainsi qu&#039;\u00e0 toute autre disposition l\u00e9gale applicable. Le Gestionnaire se r\u00e9serve le droit de modifier toute information apparaissant sur le site Internet, sans l&#039;obligation d&#039;informer ou d&#039;informer les utilisateurs de ces modifications. La publication de ces modifications sur le site Internet du Responsable du traitement sera consid\u00e9r\u00e9e comme suffisante.\t\t\t\t\t\t\t\t<\/div>\n\t\t\t\t<\/div>\n\t\t\t\t\t<\/div>\n\t\t\t\t<\/div>\n\t\t<div class=\"elementor-element elementor-element-46308baa e-flex e-con-boxed e-con e-parent\" data-id=\"46308baa\" data-element_type=\"container\">\n\t\t\t\t\t<div class=\"e-con-inner\">\n\t\t\t\t<div class=\"elementor-element elementor-element-1c939688 elementor-widget elementor-widget-heading\" data-id=\"1c939688\" data-element_type=\"widget\" data-widget_type=\"heading.default\">\n\t\t\t\t<div class=\"elementor-widget-container\">\n\t\t\t\t\t<h2 class=\"elementor-heading-title elementor-size-default\">Responsabilit\u00e9<\/h2>\t\t\t\t<\/div>\n\t\t\t\t<\/div>\n\t\t\t\t<div class=\"elementor-element elementor-element-223cf1cf elementor-widget elementor-widget-text-editor\" data-id=\"223cf1cf\" data-element_type=\"widget\" data-widget_type=\"text-editor.default\">\n\t\t\t\t<div class=\"elementor-widget-container\">\n\t\t\t\t\t\t\t\t\tLe responsable se d\u00e9gage de tout type de responsabilit\u00e9 d\u00e9riv\u00e9e des informations publi\u00e9es sur son site Internet, \u00e0 condition que ces informations aient \u00e9t\u00e9 manipul\u00e9es ou saisies par un tiers ext\u00e9rieur \u00e0 celui-ci.\n\n\n\n\n\n\n\t\t\t\t\t\t\t\t<\/div>\n\t\t\t\t<\/div>\n\t\t\t\t\t<\/div>\n\t\t\t\t<\/div>\n\t\t<div class=\"elementor-element elementor-element-3a39adc2 e-flex e-con-boxed e-con e-parent\" data-id=\"3a39adc2\" data-element_type=\"container\">\n\t\t\t\t\t<div class=\"e-con-inner\">\n\t\t\t\t<div class=\"elementor-element elementor-element-4444becc elementor-widget elementor-widget-heading\" data-id=\"4444becc\" data-element_type=\"widget\" data-widget_type=\"heading.default\">\n\t\t\t\t<div class=\"elementor-widget-container\">\n\t\t\t\t\t<h2 class=\"elementor-heading-title elementor-size-default\">Adresses IP<\/h2>\t\t\t\t<\/div>\n\t\t\t\t<\/div>\n\t\t\t\t<div class=\"elementor-element elementor-element-56b45ca5 elementor-widget elementor-widget-text-editor\" data-id=\"56b45ca5\" data-element_type=\"widget\" data-widget_type=\"text-editor.default\">\n\t\t\t\t<div class=\"elementor-widget-container\">\n\t\t\t\t\t\t\t\t\tLes serveurs du site Web peuvent d\u00e9tecter automatiquement l&#039;adresse IP et le nom de domaine utilis\u00e9s par l&#039;utilisateur. Une adresse IP est un num\u00e9ro automatiquement attribu\u00e9 \u00e0 un ordinateur lorsqu&#039;il se connecte \u00e0 Internet. Toutes ces informations sont enregistr\u00e9es dans un fichier d&#039;activit\u00e9 du serveur, d\u00fbment enregistr\u00e9, qui permet le traitement ult\u00e9rieur des donn\u00e9es pour obtenir des mesures purement statistiques permettant de conna\u00eetre le nombre d&#039;impressions de pages, le nombre de visites effectu\u00e9es sur les serveurs Web, l&#039;ordre de les visites, le point d&#039;acc\u00e8s, etc.\n\n\n\n\n\n\n\t\t\t\t\t\t\t\t<\/div>\n\t\t\t\t<\/div>\n\t\t\t\t\t<\/div>\n\t\t\t\t<\/div>\n\t\t<div class=\"elementor-element elementor-element-62f3ee3f e-flex e-con-boxed e-con e-parent\" data-id=\"62f3ee3f\" data-element_type=\"container\">\n\t\t\t\t\t<div class=\"e-con-inner\">\n\t\t\t\t<div class=\"elementor-element elementor-element-57974381 elementor-widget elementor-widget-heading\" data-id=\"57974381\" data-element_type=\"widget\" data-widget_type=\"heading.default\">\n\t\t\t\t<div class=\"elementor-widget-container\">\n\t\t\t\t\t<h2 class=\"elementor-heading-title elementor-size-default\">Politique de liens<\/h2>\t\t\t\t<\/div>\n\t\t\t\t<\/div>\n\t\t\t\t<div class=\"elementor-element elementor-element-4e1a5b9b elementor-widget elementor-widget-text-editor\" data-id=\"4e1a5b9b\" data-element_type=\"widget\" data-widget_type=\"text-editor.default\">\n\t\t\t\t<div class=\"elementor-widget-container\">\n\t\t\t\t\t\t\t\t\t<p>Depuis ce site Web, il est possible d&#039;\u00eatre redirig\u00e9 vers le contenu de sites Web tiers. \u00c9tant donn\u00e9 que le Responsable ne peut pas toujours contr\u00f4ler les contenus introduits par des tiers sur leurs sites Web, il n&#039;assume aucun type de responsabilit\u00e9 quant \u00e0 ces contenus. Dans tous les cas, le Responsable d\u00e9clare qu&#039;il proc\u00e9dera au retrait imm\u00e9diat de tout contenu susceptible de contrevenir \u00e0 la l\u00e9gislation nationale ou internationale, \u00e0 la morale ou \u00e0 l&#039;ordre public, en proc\u00e9dant au retrait imm\u00e9diat de la redirection vers ce site Web, en informant les autorit\u00e9s comp\u00e9tentes du contenu en question.<\/p><p>Le Responsable n&#039;est pas responsable des informations et du contenu stock\u00e9s, y compris, mais sans s&#039;y limiter, dans les forums, chats, g\u00e9n\u00e9rateurs de blogs, commentaires, r\u00e9seaux sociaux ou tout autre support permettant \u00e0 des tiers de publier du contenu de mani\u00e8re ind\u00e9pendante sur le site Internet du Gestionnaire. Toutefois et conform\u00e9ment aux dispositions de l&#039;art. 11 et 16 de la LSSICE, le Responsable se met \u00e0 la disposition de tous les utilisateurs, autorit\u00e9s et forces de s\u00e9curit\u00e9, en collaborant activement \u00e0 la suppression ou, le cas \u00e9ch\u00e9ant, au blocage de tout contenu qui pourrait affecter ou contrevenir \u00e0 la l\u00e9gislation nationale, ou internationale, de tiers. droits ou morales et ordre public. Dans le cas o\u00f9 l&#039;utilisateur estime qu&#039;il existe un contenu sur le site Web susceptible d&#039;\u00eatre soumis \u00e0 cette classification,<\/p><p>Ce site Web a \u00e9t\u00e9 examin\u00e9 et test\u00e9 pour fonctionner correctement. En principe, le bon fonctionnement peut \u00eatre garanti 365 jours par an, 24 heures sur 24. Cependant, le Responsable n&#039;exclut pas la possibilit\u00e9 que certaines erreurs de programmation se produisent, ou qu&#039;elles deviennent des causes de force majeure, de catastrophes naturelles, de gr\u00e8ves ou de circonstances similaires rendant impossible l&#039;acc\u00e8s au site Web.<\/p>\t\t\t\t\t\t\t\t<\/div>\n\t\t\t\t<\/div>\n\t\t\t\t\t<\/div>\n\t\t\t\t<\/div>\n\t\t<div class=\"elementor-element elementor-element-8baa62e e-flex e-con-boxed e-con e-parent\" data-id=\"8baa62e\" data-element_type=\"container\">\n\t\t\t\t\t<div class=\"e-con-inner\">\n\t\t\t\t<div class=\"elementor-element elementor-element-655c1bc8 elementor-widget elementor-widget-heading\" data-id=\"655c1bc8\" data-element_type=\"widget\" data-widget_type=\"heading.default\">\n\t\t\t\t<div class=\"elementor-widget-container\">\n\t\t\t\t\t<h2 class=\"elementor-heading-title elementor-size-default\">Protection des donn\u00e9es\n<\/h2>\t\t\t\t<\/div>\n\t\t\t\t<\/div>\n\t\t\t\t<div class=\"elementor-element elementor-element-75e36065 elementor-widget elementor-widget-text-editor\" data-id=\"75e36065\" data-element_type=\"widget\" data-widget_type=\"text-editor.default\">\n\t\t\t\t<div class=\"elementor-widget-container\">\n\t\t\t\t\t\t\t\t\t<p>Le Responsable du traitement s&#039;engage profond\u00e9ment \u00e0 respecter les dispositions de la r\u00e9glementation en vigueur sur la protection des donn\u00e9es, dans le cadre du nouveau cadre r\u00e9glementaire \u00e9tabli conform\u00e9ment aux dispositions du r\u00e8glement (UE) 2016\/679 du Parlement europ\u00e9en et du Conseil du mois d&#039;avril. 27, 2016, relative \u00e0 la protection des personnes physiques \u00e0 l&#039;\u00e9gard du traitement des donn\u00e9es personnelles et \u00e0 la libre circulation de ces donn\u00e9es (d\u00e9sormais, le RGPD), ainsi que dans la r\u00e9glementation nationale sur la protection des donn\u00e9es personnelles.<\/p><p>En outre, le responsable du traitement informe qu&#039;il respecte la loi 34\/2002 du 11 juillet relative aux services de la soci\u00e9t\u00e9 de l&#039;information et du commerce \u00e9lectronique et demandera \u00e0 tout moment le consentement pour le traitement de vos donn\u00e9es \u00e0 des fins commerciales.<\/p>\t\t\t\t\t\t\t\t<\/div>\n\t\t\t\t<\/div>\n\t\t\t\t\t<\/div>\n\t\t\t\t<\/div>\n\t\t<div class=\"elementor-element elementor-element-316525ed e-flex e-con-boxed e-con e-parent\" data-id=\"316525ed\" data-element_type=\"container\">\n\t\t\t\t\t<div class=\"e-con-inner\">\n\t\t\t\t<div class=\"elementor-element elementor-element-7794472c elementor-widget elementor-widget-heading\" data-id=\"7794472c\" data-element_type=\"widget\" data-widget_type=\"heading.default\">\n\t\t\t\t<div class=\"elementor-widget-container\">\n\t\t\t\t\t<h2 class=\"elementor-heading-title elementor-size-default\">Propri\u00e9t\u00e9 intellectuelle et industrielle\n<\/h2>\t\t\t\t<\/div>\n\t\t\t\t<\/div>\n\t\t\t\t<div class=\"elementor-element elementor-element-502fa2b0 elementor-widget elementor-widget-text-editor\" data-id=\"502fa2b0\" data-element_type=\"widget\" data-widget_type=\"text-editor.default\">\n\t\t\t\t<div class=\"elementor-widget-container\">\n\t\t\t\t\t\t\t\t\t<p>Le site Internet, y compris mais sans s&#039;y limiter, sa programmation, son \u00e9dition, sa compilation et autres \u00e9l\u00e9ments n\u00e9cessaires \u00e0 son fonctionnement, les dessins, logos, textes et\/ou graphiques sont la propri\u00e9t\u00e9 du responsable ou, le cas \u00e9ch\u00e9ant, dispose d&#039;une licence. ou autorisation expresse des auteurs.<\/p><p>Tous les contenus du site Internet sont d\u00fbment prot\u00e9g\u00e9s par la r\u00e9glementation en mati\u00e8re de propri\u00e9t\u00e9 intellectuelle et industrielle.<\/p><p>Quelle que soit la finalit\u00e9 pour laquelle ils sont destin\u00e9s, la reproduction totale ou partielle, l&#039;utilisation, l&#039;exploitation, la distribution et la commercialisation n\u00e9cessitent dans tous les cas l&#039;autorisation \u00e9crite pr\u00e9alable du Responsable. Toute utilisation non pr\u00e9alablement autoris\u00e9e par le responsable sera consid\u00e9r\u00e9e comme une violation grave des droits de propri\u00e9t\u00e9 intellectuelle ou industrielle de l&#039;auteur.<\/p><p>Les dessins, logos, textes et\/ou graphiques n&#039;appartenant pas au prestataire et pouvant appara\u00eetre sur le site Web appartiennent \u00e0 leurs propri\u00e9taires respectifs, \u00e9tant eux-m\u00eames responsables de toute \u00e9ventuelle controverse qui pourrait survenir \u00e0 leur sujet. Dans tous les cas, le Responsable dispose de l&#039;autorisation expresse et pr\u00e9alable de leur part.<\/p><p>Le Responsable autorise express\u00e9ment les tiers \u00e0 rediriger directement vers les contenus sp\u00e9cifiques du site Internet, et doit en tout cas rediriger vers la page principale du site Internet du Responsable.<\/p><p>Le Responsable reconna\u00eet en faveur de leurs propri\u00e9taires les droits de propri\u00e9t\u00e9 intellectuelle et industrielle correspondants, et leur simple mention ou apparition sur le site n&#039;implique pas l&#039;existence de droits ou de responsabilit\u00e9 du Responsable sur ceux-ci, ni un soutien, un parrainage ou une recommandation. de sa part.<\/p><p>Pour toutes les images que le logiciel de conception permet, des r\u00e9f\u00e9rences appropri\u00e9es de paternit\u00e9 et de licence ont \u00e9t\u00e9 incluses.<\/p><p>Pour faire tout type d&#039;observation concernant d&#039;\u00e9ventuelles violations des droits de propri\u00e9t\u00e9 intellectuelle ou industrielle, ainsi que sur tout contenu du site Web, vous pouvez le faire via l&#039;e-mail suivant : <a href=\"mailto:espaidiomes@gmail.com\">espaidiomes@gmail.com<\/a><\/p>\t\t\t\t\t\t\t\t<\/div>\n\t\t\t\t<\/div>\n\t\t\t\t\t<\/div>\n\t\t\t\t<\/div>\n\t\t\t\t<\/div>","protected":false},"excerpt":{"rendered":"<p>Mentions l\u00e9gales Responsable du traitement des donn\u00e9es Conform\u00e9ment au devoir d&#039;information \u00e9tabli par la loi 34\/2002 du 11 juillet relative aux services de la soci\u00e9t\u00e9 de l&#039;information et du commerce \u00e9lectronique, nous vous informons que ce site Web est la propri\u00e9t\u00e9 de : Web : http:\/ \/www.espaidiomes.cat\/ Nom : ESPAI IDIOMES SL Adresse : C\/. SANT PERE, 11 BAS [\u2026]<\/p>","protected":false},"author":1,"featured_media":0,"parent":0,"menu_order":0,"comment_status":"closed","ping_status":"closed","template":"","meta":{"footnotes":""},"class_list":["post-1175","page","type-page","status-publish","hentry"],"yoast_head":"<!-- This site is optimized with the Yoast SEO plugin v25.7 - https:\/\/yoast.com\/wordpress\/plugins\/seo\/ -->\n<title>Avis Legal - Espai Idiomes<\/title>\n<meta name=\"robots\" content=\"index, follow, max-snippet:-1, max-image-preview:large, max-video-preview:-1\" \/>\n<link rel=\"canonical\" href=\"https:\/\/espaidiomes.cat\/fr\/avis-legal\/\" \/>\n<meta property=\"og:locale\" content=\"fr_FR\" \/>\n<meta property=\"og:type\" content=\"article\" \/>\n<meta property=\"og:title\" content=\"Avis Legal - Espai Idiomes\" \/>\n<meta property=\"og:description\" content=\"Avis legal Responsable del tractament de les dades En compliment del deure d&#8217;informaci\u00f3 establert per la Llei 34\/2002, del 11 de juliol, de Serveis de la Societat de la Informaci\u00f3 i de Comer\u00e7 Electr\u00f2nic, us informem que aquest lloc web \u00e9s propietat de: Web: http:\/\/www.espaidiomes.cat\/ Nom: ESPAI IDIOMES SL Adre\u00e7a: C\/. SANT PERE, 11 BAIXOS [&hellip;]\" \/>\n<meta property=\"og:url\" content=\"https:\/\/espaidiomes.cat\/fr\/avis-legal\/\" \/>\n<meta property=\"og:site_name\" content=\"Espai Idiomes\" \/>\n<meta property=\"article:modified_time\" content=\"2024-05-15T15:05:54+00:00\" \/>\n<meta name=\"twitter:card\" content=\"summary_large_image\" \/>\n<meta name=\"twitter:label1\" content=\"Dur\u00e9e de lecture estim\u00e9e\" \/>\n\t<meta name=\"twitter:data1\" content=\"6 minutes\" \/>\n<script type=\"application\/ld+json\" class=\"yoast-schema-graph\">{\"@context\":\"https:\/\/schema.org\",\"@graph\":[{\"@type\":\"WebPage\",\"@id\":\"https:\/\/espaidiomes.cat\/avis-legal\",\"url\":\"https:\/\/espaidiomes.cat\/avis-legal\",\"name\":\"Avis Legal - Espai Idiomes\",\"isPartOf\":{\"@id\":\"https:\/\/espaidiomes.cat\/#website\"},\"datePublished\":\"2024-04-30T06:42:29+00:00\",\"dateModified\":\"2024-05-15T15:05:54+00:00\",\"breadcrumb\":{\"@id\":\"https:\/\/espaidiomes.cat\/avis-legal#breadcrumb\"},\"inLanguage\":\"fr-FR\",\"potentialAction\":[{\"@type\":\"ReadAction\",\"target\":[\"https:\/\/espaidiomes.cat\/avis-legal\"]}]},{\"@type\":\"BreadcrumbList\",\"@id\":\"https:\/\/espaidiomes.cat\/avis-legal#breadcrumb\",\"itemListElement\":[{\"@type\":\"ListItem\",\"position\":1,\"name\":\"Portada\",\"item\":\"https:\/\/espaidiomes.cat\/\"},{\"@type\":\"ListItem\",\"position\":2,\"name\":\"Avis Legal\"}]},{\"@type\":\"WebSite\",\"@id\":\"https:\/\/espaidiomes.cat\/#website\",\"url\":\"https:\/\/espaidiomes.cat\/\",\"name\":\"Espai idiomes\",\"description\":\"Academia de refer\u00e8ncia per l\u2019aprenentatge i perfeccionament d\u2019idiomes\",\"publisher\":{\"@id\":\"https:\/\/espaidiomes.cat\/#organization\"},\"potentialAction\":[{\"@type\":\"SearchAction\",\"target\":{\"@type\":\"EntryPoint\",\"urlTemplate\":\"https:\/\/espaidiomes.cat\/?s={search_term_string}\"},\"query-input\":{\"@type\":\"PropertyValueSpecification\",\"valueRequired\":true,\"valueName\":\"search_term_string\"}}],\"inLanguage\":\"fr-FR\"},{\"@type\":\"Organization\",\"@id\":\"https:\/\/espaidiomes.cat\/#organization\",\"name\":\"Espai idiomes\",\"url\":\"https:\/\/espaidiomes.cat\/\",\"logo\":{\"@type\":\"ImageObject\",\"inLanguage\":\"fr-FR\",\"@id\":\"https:\/\/espaidiomes.cat\/#\/schema\/logo\/image\/\",\"url\":\"https:\/\/espaidiomes.cat\/wp-content\/uploads\/2024\/04\/language_schoollogo.png\",\"contentUrl\":\"https:\/\/espaidiomes.cat\/wp-content\/uploads\/2024\/04\/language_schoollogo.png\",\"width\":4320,\"height\":2430,\"caption\":\"Espai idiomes\"},\"image\":{\"@id\":\"https:\/\/espaidiomes.cat\/#\/schema\/logo\/image\/\"}}]}<\/script>\n<!-- \/ Yoast SEO plugin. -->","yoast_head_json":{"title":"Mentions l\u00e9gales - Espai Idiomes","robots":{"index":"index","follow":"follow","max-snippet":"max-snippet:-1","max-image-preview":"max-image-preview:large","max-video-preview":"max-video-preview:-1"},"canonical":"https:\/\/espaidiomes.cat\/fr\/avis-legal\/","og_locale":"fr_FR","og_type":"article","og_title":"Avis Legal - Espai Idiomes","og_description":"Avis legal Responsable del tractament de les dades En compliment del deure d&#8217;informaci\u00f3 establert per la Llei 34\/2002, del 11 de juliol, de Serveis de la Societat de la Informaci\u00f3 i de Comer\u00e7 Electr\u00f2nic, us informem que aquest lloc web \u00e9s propietat de: Web: http:\/\/www.espaidiomes.cat\/ Nom: ESPAI IDIOMES SL Adre\u00e7a: C\/. SANT PERE, 11 BAIXOS [&hellip;]","og_url":"https:\/\/espaidiomes.cat\/fr\/avis-legal\/","og_site_name":"Espai Idiomes","article_modified_time":"2024-05-15T15:05:54+00:00","twitter_card":"summary_large_image","twitter_misc":{"Dur\u00e9e de lecture estim\u00e9e":"6 minutes"},"schema":{"@context":"https:\/\/schema.org","@graph":[{"@type":"WebPage","@id":"https:\/\/espaidiomes.cat\/avis-legal","url":"https:\/\/espaidiomes.cat\/avis-legal","name":"Mentions l\u00e9gales - Espai Idiomes","isPartOf":{"@id":"https:\/\/espaidiomes.cat\/#website"},"datePublished":"2024-04-30T06:42:29+00:00","dateModified":"2024-05-15T15:05:54+00:00","breadcrumb":{"@id":"https:\/\/espaidiomes.cat\/avis-legal#breadcrumb"},"inLanguage":"fr-FR","potentialAction":[{"@type":"ReadAction","target":["https:\/\/espaidiomes.cat\/avis-legal"]}]},{"@type":"BreadcrumbList","@id":"https:\/\/espaidiomes.cat\/avis-legal#breadcrumb","itemListElement":[{"@type":"ListItem","position":1,"name":"Portada","item":"https:\/\/espaidiomes.cat\/"},{"@type":"ListItem","position":2,"name":"Avis Legal"}]},{"@type":"WebSite","@id":"https:\/\/espaidiomes.cat\/#website","url":"https:\/\/espaidiomes.cat\/","name":"Espace linguistique","description":"Acad\u00e9mie de r\u00e9f\u00e9rence pour l&#039;apprentissage et le perfectionnement des langues","publisher":{"@id":"https:\/\/espaidiomes.cat\/#organization"},"potentialAction":[{"@type":"SearchAction","target":{"@type":"EntryPoint","urlTemplate":"https:\/\/espaidiomes.cat\/?s={search_term_string}"},"query-input":{"@type":"PropertyValueSpecification","valueRequired":true,"valueName":"search_term_string"}}],"inLanguage":"fr-FR"},{"@type":"Organization","@id":"https:\/\/espaidiomes.cat\/#organization","name":"Espace linguistique","url":"https:\/\/espaidiomes.cat\/","logo":{"@type":"ImageObject","inLanguage":"fr-FR","@id":"https:\/\/espaidiomes.cat\/#\/schema\/logo\/image\/","url":"https:\/\/espaidiomes.cat\/wp-content\/uploads\/2024\/04\/language_schoollogo.png","contentUrl":"https:\/\/espaidiomes.cat\/wp-content\/uploads\/2024\/04\/language_schoollogo.png","width":4320,"height":2430,"caption":"Espai idiomes"},"image":{"@id":"https:\/\/espaidiomes.cat\/#\/schema\/logo\/image\/"}}]}},"_links":{"self":[{"href":"https:\/\/espaidiomes.cat\/fr\/wp-json\/wp\/v2\/pages\/1175","targetHints":{"allow":["GET"]}}],"collection":[{"href":"https:\/\/espaidiomes.cat\/fr\/wp-json\/wp\/v2\/pages"}],"about":[{"href":"https:\/\/espaidiomes.cat\/fr\/wp-json\/wp\/v2\/types\/page"}],"author":[{"embeddable":true,"href":"https:\/\/espaidiomes.cat\/fr\/wp-json\/wp\/v2\/users\/1"}],"replies":[{"embeddable":true,"href":"https:\/\/espaidiomes.cat\/fr\/wp-json\/wp\/v2\/comments?post=1175"}],"version-history":[{"count":0,"href":"https:\/\/espaidiomes.cat\/fr\/wp-json\/wp\/v2\/pages\/1175\/revisions"}],"wp:attachment":[{"href":"https:\/\/espaidiomes.cat\/fr\/wp-json\/wp\/v2\/media?parent=1175"}],"curies":[{"name":"wp","href":"https:\/\/api.w.org\/{rel}","templated":true}]}}