{"id":583,"date":"2024-04-25T14:38:15","date_gmt":"2024-04-25T12:38:15","guid":{"rendered":"https:\/\/espaiidiomas.ribsweb.com\/?page_id=583"},"modified":"2024-07-02T12:12:05","modified_gmt":"2024-07-02T10:12:05","slug":"reforc","status":"publish","type":"page","link":"https:\/\/espaidiomes.cat\/fr\/reforc","title":{"rendered":"SOUTIEN"},"content":{"rendered":"<div data-elementor-type=\"wp-page\" data-elementor-id=\"583\" class=\"elementor elementor-583\" data-elementor-post-type=\"page\">\n\t\t\t\t\t\t<section class=\"elementor-section elementor-top-section elementor-element elementor-element-ddd4c3e elementor-section-boxed elementor-section-height-default elementor-section-height-default\" data-id=\"ddd4c3e\" data-element_type=\"section\" data-settings=\"{&quot;background_background&quot;:&quot;classic&quot;}\">\n\t\t\t\t\t\t\t<div class=\"elementor-background-overlay\"><\/div>\n\t\t\t\t\t\t\t<div class=\"elementor-container elementor-column-gap-default\">\n\t\t\t\t\t<div class=\"elementor-column elementor-col-100 elementor-top-column elementor-element elementor-element-13a728a\" data-id=\"13a728a\" data-element_type=\"column\">\n\t\t\t<div class=\"elementor-widget-wrap elementor-element-populated\">\n\t\t\t\t\t\t<section class=\"elementor-section elementor-inner-section elementor-element elementor-element-d375d43 elementor-section-boxed elementor-section-height-default elementor-section-height-default\" data-id=\"d375d43\" data-element_type=\"section\">\n\t\t\t\t\t\t<div class=\"elementor-container elementor-column-gap-default\">\n\t\t\t\t\t<div class=\"elementor-column elementor-col-100 elementor-inner-column elementor-element elementor-element-35532de elementor-invisible\" data-id=\"35532de\" data-element_type=\"column\" data-settings=\"{&quot;animation&quot;:&quot;fadeInUp&quot;}\">\n\t\t\t<div class=\"elementor-widget-wrap elementor-element-populated\">\n\t\t\t\t\t\t<div class=\"elementor-element elementor-element-0c93b5d elementor-widget elementor-widget-heading\" data-id=\"0c93b5d\" data-element_type=\"widget\" data-widget_type=\"heading.default\">\n\t\t\t\t<div class=\"elementor-widget-container\">\n\t\t\t\t\t<h2 class=\"elementor-heading-title elementor-size-default\">Soutien<\/h2>\t\t\t\t<\/div>\n\t\t\t\t<\/div>\n\t\t\t\t<div class=\"elementor-element elementor-element-b5b5cb1 elementor-icon-list--layout-inline elementor-widget__width-auto elementor-list-item-link-full_width elementor-widget elementor-widget-icon-list\" data-id=\"b5b5cb1\" data-element_type=\"widget\" data-widget_type=\"icon-list.default\">\n\t\t\t\t<div class=\"elementor-widget-container\">\n\t\t\t\t\t\t\t<ul class=\"elementor-icon-list-items elementor-inline-items\">\n\t\t\t\t\t\t\t<li class=\"elementor-icon-list-item elementor-inline-item\">\n\t\t\t\t\t\t\t\t\t\t\t<a href=\"https:\/\/espaidiomes.cat\/fr\">\n\n\t\t\t\t\t\t\t\t\t\t\t<span class=\"elementor-icon-list-text\">homme<\/span>\n\t\t\t\t\t\t\t\t\t\t\t<\/a>\n\t\t\t\t\t\t\t\t\t<\/li>\n\t\t\t\t\t\t\t\t<li class=\"elementor-icon-list-item elementor-inline-item\">\n\t\t\t\t\t\t\t\t\t\t\t<a href=\"#\">\n\n\t\t\t\t\t\t\t\t\t\t\t\t<span class=\"elementor-icon-list-icon\">\n\t\t\t\t\t\t\t<svg aria-hidden=\"true\" class=\"e-font-icon-svg e-fas-chevron-right\" viewbox=\"0 0 320 512\" xmlns=\"http:\/\/www.w3.org\/2000\/svg\"><path d=\"M285.476 272.971L91.132 467.314c-9.373 9.373-24.569 9.373-33.941 0l-22.667-22.667c-9.357-9.357-9.375-24.522-.04-33.901L188.505 256 34.484 101.255c-9.335-9.379-9.317-24.544.04-33.901l22.667-22.667c9.373-9.373 24.569-9.373 33.941 0L285.475 239.03c9.373 9.372 9.373 24.568.001 33.941z\"><\/path><\/svg>\t\t\t\t\t\t<\/span>\n\t\t\t\t\t\t\t\t\t\t<span class=\"elementor-icon-list-text\"><\/span>\n\t\t\t\t\t\t\t\t\t\t\t<\/a>\n\t\t\t\t\t\t\t\t\t<\/li>\n\t\t\t\t\t\t<\/ul>\n\t\t\t\t\t\t<\/div>\n\t\t\t\t<\/div>\n\t\t\t\t\t<\/div>\n\t\t<\/div>\n\t\t\t\t\t<\/div>\n\t\t<\/section>\n\t\t\t\t\t<\/div>\n\t\t<\/div>\n\t\t\t\t\t<\/div>\n\t\t<\/section>\n\t\t\t\t<section class=\"elementor-section elementor-top-section elementor-element elementor-element-4aec66b1 elementor-section-boxed elementor-section-height-default elementor-section-height-default\" data-id=\"4aec66b1\" data-element_type=\"section\" data-settings=\"{&quot;background_background&quot;:&quot;classic&quot;}\">\n\t\t\t\t\t\t\t<div class=\"elementor-background-overlay\"><\/div>\n\t\t\t\t\t\t\t<div class=\"elementor-container elementor-column-gap-default\">\n\t\t\t\t\t<div class=\"elementor-column elementor-col-50 elementor-top-column elementor-element elementor-element-2dd8f8c4\" data-id=\"2dd8f8c4\" data-element_type=\"column\" data-settings=\"{&quot;background_background&quot;:&quot;classic&quot;}\">\n\t\t\t<div class=\"elementor-widget-wrap elementor-element-populated\">\n\t\t\t\t\t<div class=\"elementor-background-overlay\"><\/div>\n\t\t\t\t\t\t<div class=\"elementor-element elementor-element-91d2dfe elementor-widget__width-auto elementor-widget elementor-widget-heading\" data-id=\"91d2dfe\" data-element_type=\"widget\" data-widget_type=\"heading.default\">\n\t\t\t\t<div class=\"elementor-widget-container\">\n\t\t\t\t\t<h2 class=\"elementor-heading-title elementor-size-default\">Renforcement dans l\u2019espace linguistique<\/h2>\t\t\t\t<\/div>\n\t\t\t\t<\/div>\n\t\t\t\t<div class=\"elementor-element elementor-element-01f5167 elementor-widget elementor-widget-heading\" data-id=\"01f5167\" data-element_type=\"widget\" data-widget_type=\"heading.default\">\n\t\t\t\t<div class=\"elementor-widget-container\">\n\t\t\t\t\t<h1 class=\"elementor-heading-title elementor-size-default\">Accompagnement de renforcement personnalis\u00e9 pour un apprentissage optimal<\/h1>\t\t\t\t<\/div>\n\t\t\t\t<\/div>\n\t\t\t\t<div class=\"elementor-element elementor-element-d7fda68 elementor-widget elementor-widget-text-editor\" data-id=\"d7fda68\" data-element_type=\"widget\" data-widget_type=\"text-editor.default\">\n\t\t\t\t<div class=\"elementor-widget-container\">\n\t\t\t\t\t\t\t\t\tNotre \u00e9quipe d&#039;enseignants qualifi\u00e9s est l\u00e0 pour vous apporter l&#039;aide et le soutien dont vous avez besoin pour surmonter vos d\u00e9fis acad\u00e9miques. Que vous ayez du mal \u00e0 comprendre des concepts sp\u00e9cifiques, que vous ayez besoin de pratique suppl\u00e9mentaire ou que vous souhaitiez simplement am\u00e9liorer vos comp\u00e9tences dans un domaine particulier, nous nous engageons \u00e0 vous aider \u00e0 r\u00e9ussir vos \u00e9tudes.\t\t\t\t\t\t\t\t<\/div>\n\t\t\t\t<\/div>\n\t\t\t\t<div class=\"elementor-element elementor-element-12d18114 elementor-widget elementor-widget-text-editor\" data-id=\"12d18114\" data-element_type=\"widget\" data-widget_type=\"text-editor.default\">\n\t\t\t\t<div class=\"elementor-widget-container\">\n\t\t\t\t\t\t\t\t\tChez Espai Idiomes, nous comprenons que chaque \u00e9tudiant a des besoins uniques et que, \u00e0 l&#039;occasion, il peut avoir besoin d&#039;un soutien suppl\u00e9mentaire pour atteindre ses objectifs acad\u00e9miques. C&#039;est pourquoi nous proposons un service personnalis\u00e9 de renforcement scolaire pour ceux qui ont besoin d&#039;un coup de pouce suppl\u00e9mentaire dans des mati\u00e8res telles que le catalan, l&#039;espagnol, les math\u00e9matiques et d&#039;autres domaines acad\u00e9miques.\t\t\t\t\t\t\t\t<\/div>\n\t\t\t\t<\/div>\n\t\t\t\t<div class=\"elementor-element elementor-element-10a11d6 elementor-hidden-mobile elementor-widget elementor-widget-text-editor\" data-id=\"10a11d6\" data-element_type=\"widget\" data-widget_type=\"text-editor.default\">\n\t\t\t\t<div class=\"elementor-widget-container\">\n\t\t\t\t\t\t\t\t\tAvec une approche personnalis\u00e9e centr\u00e9e sur vos besoins individuels, nous travaillerons ensemble pour renforcer vos comp\u00e9tences et am\u00e9liorer votre confiance dans l\u2019apprentissage. Quel que soit votre objectif acad\u00e9mique, nous sommes l\u00e0 pour vous aider \u00e0 le r\u00e9aliser avec succ\u00e8s.\t\t\t\t\t\t\t\t<\/div>\n\t\t\t\t<\/div>\n\t\t\t\t\t<\/div>\n\t\t<\/div>\n\t\t\t\t<div class=\"elementor-column elementor-col-50 elementor-top-column elementor-element elementor-element-6d7d5f65\" data-id=\"6d7d5f65\" data-element_type=\"column\">\n\t\t\t<div class=\"elementor-widget-wrap elementor-element-populated\">\n\t\t\t\t\t\t<div class=\"elementor-element elementor-element-1a4bca6e elementor-invisible elementor-widget elementor-widget-image\" data-id=\"1a4bca6e\" data-element_type=\"widget\" data-settings=\"{&quot;_animation&quot;:&quot;fadeInRight&quot;}\" data-widget_type=\"image.default\">\n\t\t\t\t<div class=\"elementor-widget-container\">\n\t\t\t\t\t\t\t\t\t\t\t\t\t\t\t<img fetchpriority=\"high\" decoding=\"async\" width=\"1414\" height=\"2000\" src=\"https:\/\/espaidiomes.cat\/wp-content\/uploads\/2024\/05\/FLYER-NENS-SENSE-ESTIU.png\" class=\"attachment-full size-full wp-image-2220\" alt=\"\" srcset=\"https:\/\/espaidiomes.cat\/wp-content\/uploads\/2024\/05\/FLYER-NENS-SENSE-ESTIU.png 1414w, https:\/\/espaidiomes.cat\/wp-content\/uploads\/2024\/05\/FLYER-NENS-SENSE-ESTIU-212x300.png 212w, https:\/\/espaidiomes.cat\/wp-content\/uploads\/2024\/05\/FLYER-NENS-SENSE-ESTIU-724x1024.png 724w, https:\/\/espaidiomes.cat\/wp-content\/uploads\/2024\/05\/FLYER-NENS-SENSE-ESTIU-768x1086.png 768w, https:\/\/espaidiomes.cat\/wp-content\/uploads\/2024\/05\/FLYER-NENS-SENSE-ESTIU-1086x1536.png 1086w\" sizes=\"(max-width: 1414px) 100vw, 1414px\" \/>\t\t\t\t\t\t\t\t\t\t\t\t\t\t\t<\/div>\n\t\t\t\t<\/div>\n\t\t\t\t<div class=\"elementor-element elementor-element-215a714 elementor-hidden-desktop elementor-hidden-tablet elementor-widget elementor-widget-text-editor\" data-id=\"215a714\" data-element_type=\"widget\" data-widget_type=\"text-editor.default\">\n\t\t\t\t<div class=\"elementor-widget-container\">\n\t\t\t\t\t\t\t\t\tAvec une approche personnalis\u00e9e centr\u00e9e sur vos besoins individuels, nous travaillerons ensemble pour renforcer vos comp\u00e9tences et am\u00e9liorer votre confiance dans l\u2019apprentissage. Quel que soit votre objectif acad\u00e9mique, nous sommes l\u00e0 pour vous aider \u00e0 le r\u00e9aliser avec succ\u00e8s.\t\t\t\t\t\t\t\t<\/div>\n\t\t\t\t<\/div>\n\t\t\t\t\t<\/div>\n\t\t<\/div>\n\t\t\t\t\t<\/div>\n\t\t<\/section>\n\t\t\t\t<section class=\"elementor-section elementor-top-section elementor-element elementor-element-1ad5e34 elementor-section-boxed elementor-section-height-default elementor-section-height-default\" data-id=\"1ad5e34\" data-element_type=\"section\" data-settings=\"{&quot;background_background&quot;:&quot;classic&quot;}\">\n\t\t\t\t\t\t\t<div class=\"elementor-background-overlay\"><\/div>\n\t\t\t\t\t\t\t<div class=\"elementor-container elementor-column-gap-default\">\n\t\t\t\t\t<div class=\"elementor-column elementor-col-100 elementor-top-column elementor-element elementor-element-9c40e47\" data-id=\"9c40e47\" data-element_type=\"column\">\n\t\t\t<div class=\"elementor-widget-wrap elementor-element-populated\">\n\t\t\t\t\t\t<section class=\"elementor-section elementor-inner-section elementor-element elementor-element-2964eb5 elementor-section-boxed elementor-section-height-default elementor-section-height-default\" data-id=\"2964eb5\" data-element_type=\"section\">\n\t\t\t\t\t\t<div class=\"elementor-container elementor-column-gap-default\">\n\t\t\t\t\t<div class=\"elementor-column elementor-col-100 elementor-inner-column elementor-element elementor-element-01bdff6 elementor-invisible\" data-id=\"01bdff6\" data-element_type=\"column\" data-settings=\"{&quot;animation&quot;:&quot;fadeInUp&quot;}\">\n\t\t\t<div class=\"elementor-widget-wrap elementor-element-populated\">\n\t\t\t\t\t\t<div class=\"elementor-element elementor-element-5acf6ce elementor-widget elementor-widget-heading\" data-id=\"5acf6ce\" data-element_type=\"widget\" data-widget_type=\"heading.default\">\n\t\t\t\t<div class=\"elementor-widget-container\">\n\t\t\t\t\t<p class=\"elementor-heading-title elementor-size-default\">D\u00e9couvrez tout ce qu&#039;Espai Idiomes a \u00e0 offrir. Que vous soyez int\u00e9ress\u00e9 par nos cours de langue, notre renforcement scolaire ou d&#039;autres services \u00e9ducatifs, nous sommes l\u00e0 pour r\u00e9pondre \u00e0 toutes vos questions et vous fournir plus d&#039;informations.<\/p>\t\t\t\t<\/div>\n\t\t\t\t<\/div>\n\t\t\t\t<div class=\"elementor-element elementor-element-8b94207 elementor-widget elementor-widget-button\" data-id=\"8b94207\" data-element_type=\"widget\" data-widget_type=\"button.default\">\n\t\t\t\t<div class=\"elementor-widget-container\">\n\t\t\t\t\t\t\t\t\t<div class=\"elementor-button-wrapper\">\n\t\t\t\t\t<a class=\"elementor-button elementor-button-link elementor-size-sm\" href=\"https:\/\/espaidiomes.cat\/fr\/contacte\">\n\t\t\t\t\t\t<span class=\"elementor-button-content-wrapper\">\n\t\t\t\t\t\t\t\t\t<span class=\"elementor-button-text\">contact<\/span>\n\t\t\t\t\t<\/span>\n\t\t\t\t\t<\/a>\n\t\t\t\t<\/div>\n\t\t\t\t\t\t\t\t<\/div>\n\t\t\t\t<\/div>\n\t\t\t\t\t<\/div>\n\t\t<\/div>\n\t\t\t\t\t<\/div>\n\t\t<\/section>\n\t\t\t\t\t<\/div>\n\t\t<\/div>\n\t\t\t\t\t<\/div>\n\t\t<\/section>\n\t\t\t\t<\/div>","protected":false},"excerpt":{"rendered":"<p>Accueil Renforcement Renforcement dans l&#039;espace linguistique Accompagnement de renforcement personnalis\u00e9 pour un apprentissage optimal Notre \u00e9quipe d&#039;enseignants qualifi\u00e9s est l\u00e0 pour vous apporter l&#039;aide et le soutien dont vous avez besoin pour surmonter vos d\u00e9fis acad\u00e9miques. Que vous ayez du mal \u00e0 comprendre des concepts sp\u00e9cifiques, que vous ayez besoin de pratique suppl\u00e9mentaire ou que vous souhaitiez simplement am\u00e9liorer votre [\u2026]<\/p>","protected":false},"author":1,"featured_media":0,"parent":0,"menu_order":0,"comment_status":"closed","ping_status":"closed","template":"elementor_header_footer","meta":{"footnotes":""},"class_list":["post-583","page","type-page","status-publish","hentry"],"yoast_head":"<!-- This site is optimized with the Yoast SEO plugin v25.7 - https:\/\/yoast.com\/wordpress\/plugins\/seo\/ -->\n<title>REFOR\u00c7 - Espai Idiomes<\/title>\n<meta name=\"robots\" content=\"index, follow, max-snippet:-1, max-image-preview:large, max-video-preview:-1\" \/>\n<link rel=\"canonical\" href=\"https:\/\/espaidiomes.cat\/fr\/reforc\/\" \/>\n<meta property=\"og:locale\" content=\"fr_FR\" \/>\n<meta property=\"og:type\" content=\"article\" \/>\n<meta property=\"og:title\" content=\"REFOR\u00c7 - Espai Idiomes\" \/>\n<meta property=\"og:description\" content=\"Refor\u00e7 Home Refor\u00e7 en espai idiomas Suport de refor\u00e7 personalitzat per a un aprenentatge \u00f2ptim El nostre equip de professors qualificats est\u00e0 aqu\u00ed per proporcionar-te l&#8217;ajuda i el suport que necessites per superar els teus reptes acad\u00e8mics. Ja sigui que estiguis lluitant per comprendre conceptes espec\u00edfics, necessitis pr\u00e0ctica addicional o simplement vulguis millorar les teves [&hellip;]\" \/>\n<meta property=\"og:url\" content=\"https:\/\/espaidiomes.cat\/fr\/reforc\/\" \/>\n<meta property=\"og:site_name\" content=\"Espai Idiomes\" \/>\n<meta property=\"article:modified_time\" content=\"2024-07-02T10:12:05+00:00\" \/>\n<meta property=\"og:image\" content=\"https:\/\/espaidiomes.cat\/wp-content\/uploads\/2024\/05\/FLYER-NENS-SENSE-ESTIU.png\" \/>\n<meta name=\"twitter:card\" content=\"summary_large_image\" \/>\n<meta name=\"twitter:label1\" content=\"Dur\u00e9e de lecture estim\u00e9e\" \/>\n\t<meta name=\"twitter:data1\" content=\"2 minutes\" \/>\n<script type=\"application\/ld+json\" class=\"yoast-schema-graph\">{\"@context\":\"https:\/\/schema.org\",\"@graph\":[{\"@type\":\"WebPage\",\"@id\":\"https:\/\/espaidiomes.cat\/reforc\",\"url\":\"https:\/\/espaidiomes.cat\/reforc\",\"name\":\"REFOR\u00c7 - Espai Idiomes\",\"isPartOf\":{\"@id\":\"https:\/\/espaidiomes.cat\/#website\"},\"primaryImageOfPage\":{\"@id\":\"https:\/\/espaidiomes.cat\/reforc#primaryimage\"},\"image\":{\"@id\":\"https:\/\/espaidiomes.cat\/reforc#primaryimage\"},\"thumbnailUrl\":\"https:\/\/espaidiomes.cat\/wp-content\/uploads\/2024\/05\/FLYER-NENS-SENSE-ESTIU.png\",\"datePublished\":\"2024-04-25T12:38:15+00:00\",\"dateModified\":\"2024-07-02T10:12:05+00:00\",\"breadcrumb\":{\"@id\":\"https:\/\/espaidiomes.cat\/reforc#breadcrumb\"},\"inLanguage\":\"fr-FR\",\"potentialAction\":[{\"@type\":\"ReadAction\",\"target\":[\"https:\/\/espaidiomes.cat\/reforc\"]}]},{\"@type\":\"ImageObject\",\"inLanguage\":\"fr-FR\",\"@id\":\"https:\/\/espaidiomes.cat\/reforc#primaryimage\",\"url\":\"https:\/\/espaidiomes.cat\/wp-content\/uploads\/2024\/05\/FLYER-NENS-SENSE-ESTIU.png\",\"contentUrl\":\"https:\/\/espaidiomes.cat\/wp-content\/uploads\/2024\/05\/FLYER-NENS-SENSE-ESTIU.png\"},{\"@type\":\"BreadcrumbList\",\"@id\":\"https:\/\/espaidiomes.cat\/reforc#breadcrumb\",\"itemListElement\":[{\"@type\":\"ListItem\",\"position\":1,\"name\":\"Portada\",\"item\":\"https:\/\/espaidiomes.cat\/\"},{\"@type\":\"ListItem\",\"position\":2,\"name\":\"REFOR\u00c7\"}]},{\"@type\":\"WebSite\",\"@id\":\"https:\/\/espaidiomes.cat\/#website\",\"url\":\"https:\/\/espaidiomes.cat\/\",\"name\":\"Espai idiomes\",\"description\":\"Academia de refer\u00e8ncia per l\u2019aprenentatge i perfeccionament d\u2019idiomes\",\"publisher\":{\"@id\":\"https:\/\/espaidiomes.cat\/#organization\"},\"potentialAction\":[{\"@type\":\"SearchAction\",\"target\":{\"@type\":\"EntryPoint\",\"urlTemplate\":\"https:\/\/espaidiomes.cat\/?s={search_term_string}\"},\"query-input\":{\"@type\":\"PropertyValueSpecification\",\"valueRequired\":true,\"valueName\":\"search_term_string\"}}],\"inLanguage\":\"fr-FR\"},{\"@type\":\"Organization\",\"@id\":\"https:\/\/espaidiomes.cat\/#organization\",\"name\":\"Espai idiomes\",\"url\":\"https:\/\/espaidiomes.cat\/\",\"logo\":{\"@type\":\"ImageObject\",\"inLanguage\":\"fr-FR\",\"@id\":\"https:\/\/espaidiomes.cat\/#\/schema\/logo\/image\/\",\"url\":\"https:\/\/espaidiomes.cat\/wp-content\/uploads\/2024\/04\/language_schoollogo.png\",\"contentUrl\":\"https:\/\/espaidiomes.cat\/wp-content\/uploads\/2024\/04\/language_schoollogo.png\",\"width\":4320,\"height\":2430,\"caption\":\"Espai idiomes\"},\"image\":{\"@id\":\"https:\/\/espaidiomes.cat\/#\/schema\/logo\/image\/\"}}]}<\/script>\n<!-- \/ Yoast SEO plugin. -->","yoast_head_json":{"title":"RENFORCEMENT - Espai Idiomes","robots":{"index":"index","follow":"follow","max-snippet":"max-snippet:-1","max-image-preview":"max-image-preview:large","max-video-preview":"max-video-preview:-1"},"canonical":"https:\/\/espaidiomes.cat\/fr\/reforc\/","og_locale":"fr_FR","og_type":"article","og_title":"REFOR\u00c7 - Espai Idiomes","og_description":"Refor\u00e7 Home Refor\u00e7 en espai idiomas Suport de refor\u00e7 personalitzat per a un aprenentatge \u00f2ptim El nostre equip de professors qualificats est\u00e0 aqu\u00ed per proporcionar-te l&#8217;ajuda i el suport que necessites per superar els teus reptes acad\u00e8mics. Ja sigui que estiguis lluitant per comprendre conceptes espec\u00edfics, necessitis pr\u00e0ctica addicional o simplement vulguis millorar les teves [&hellip;]","og_url":"https:\/\/espaidiomes.cat\/fr\/reforc\/","og_site_name":"Espai Idiomes","article_modified_time":"2024-07-02T10:12:05+00:00","og_image":[{"url":"https:\/\/espaidiomes.cat\/wp-content\/uploads\/2024\/05\/FLYER-NENS-SENSE-ESTIU.png","type":"","width":"","height":""}],"twitter_card":"summary_large_image","twitter_misc":{"Dur\u00e9e de lecture estim\u00e9e":"2 minutes"},"schema":{"@context":"https:\/\/schema.org","@graph":[{"@type":"WebPage","@id":"https:\/\/espaidiomes.cat\/reforc","url":"https:\/\/espaidiomes.cat\/reforc","name":"RENFORCEMENT - Espai Idiomes","isPartOf":{"@id":"https:\/\/espaidiomes.cat\/#website"},"primaryImageOfPage":{"@id":"https:\/\/espaidiomes.cat\/reforc#primaryimage"},"image":{"@id":"https:\/\/espaidiomes.cat\/reforc#primaryimage"},"thumbnailUrl":"https:\/\/espaidiomes.cat\/wp-content\/uploads\/2024\/05\/FLYER-NENS-SENSE-ESTIU.png","datePublished":"2024-04-25T12:38:15+00:00","dateModified":"2024-07-02T10:12:05+00:00","breadcrumb":{"@id":"https:\/\/espaidiomes.cat\/reforc#breadcrumb"},"inLanguage":"fr-FR","potentialAction":[{"@type":"ReadAction","target":["https:\/\/espaidiomes.cat\/reforc"]}]},{"@type":"ImageObject","inLanguage":"fr-FR","@id":"https:\/\/espaidiomes.cat\/reforc#primaryimage","url":"https:\/\/espaidiomes.cat\/wp-content\/uploads\/2024\/05\/FLYER-NENS-SENSE-ESTIU.png","contentUrl":"https:\/\/espaidiomes.cat\/wp-content\/uploads\/2024\/05\/FLYER-NENS-SENSE-ESTIU.png"},{"@type":"BreadcrumbList","@id":"https:\/\/espaidiomes.cat\/reforc#breadcrumb","itemListElement":[{"@type":"ListItem","position":1,"name":"Portada","item":"https:\/\/espaidiomes.cat\/"},{"@type":"ListItem","position":2,"name":"REFOR\u00c7"}]},{"@type":"WebSite","@id":"https:\/\/espaidiomes.cat\/#website","url":"https:\/\/espaidiomes.cat\/","name":"Espace linguistique","description":"Acad\u00e9mie de r\u00e9f\u00e9rence pour l&#039;apprentissage et le perfectionnement des langues","publisher":{"@id":"https:\/\/espaidiomes.cat\/#organization"},"potentialAction":[{"@type":"SearchAction","target":{"@type":"EntryPoint","urlTemplate":"https:\/\/espaidiomes.cat\/?s={search_term_string}"},"query-input":{"@type":"PropertyValueSpecification","valueRequired":true,"valueName":"search_term_string"}}],"inLanguage":"fr-FR"},{"@type":"Organization","@id":"https:\/\/espaidiomes.cat\/#organization","name":"Espace linguistique","url":"https:\/\/espaidiomes.cat\/","logo":{"@type":"ImageObject","inLanguage":"fr-FR","@id":"https:\/\/espaidiomes.cat\/#\/schema\/logo\/image\/","url":"https:\/\/espaidiomes.cat\/wp-content\/uploads\/2024\/04\/language_schoollogo.png","contentUrl":"https:\/\/espaidiomes.cat\/wp-content\/uploads\/2024\/04\/language_schoollogo.png","width":4320,"height":2430,"caption":"Espai idiomes"},"image":{"@id":"https:\/\/espaidiomes.cat\/#\/schema\/logo\/image\/"}}]}},"_links":{"self":[{"href":"https:\/\/espaidiomes.cat\/fr\/wp-json\/wp\/v2\/pages\/583","targetHints":{"allow":["GET"]}}],"collection":[{"href":"https:\/\/espaidiomes.cat\/fr\/wp-json\/wp\/v2\/pages"}],"about":[{"href":"https:\/\/espaidiomes.cat\/fr\/wp-json\/wp\/v2\/types\/page"}],"author":[{"embeddable":true,"href":"https:\/\/espaidiomes.cat\/fr\/wp-json\/wp\/v2\/users\/1"}],"replies":[{"embeddable":true,"href":"https:\/\/espaidiomes.cat\/fr\/wp-json\/wp\/v2\/comments?post=583"}],"version-history":[{"count":0,"href":"https:\/\/espaidiomes.cat\/fr\/wp-json\/wp\/v2\/pages\/583\/revisions"}],"wp:attachment":[{"href":"https:\/\/espaidiomes.cat\/fr\/wp-json\/wp\/v2\/media?parent=583"}],"curies":[{"name":"wp","href":"https:\/\/api.w.org\/{rel}","templated":true}]}}